   {"id":5074,"date":"2025-02-07T14:18:36","date_gmt":"2025-02-07T14:18:36","guid":{"rendered":"https:\/\/www.campingpineta.ra.it\/bungalow-glamping\/air-lodge-tent-double-deck\/"},"modified":"2026-01-22T10:14:57","modified_gmt":"2026-01-22T10:14:57","slug":"air-lodge-tent-double-deck","status":"publish","type":"page","link":"https:\/\/www.campingpineta.ra.it\/de\/bungalow-glamping\/air-lodge-tent-double-deck\/","title":{"rendered":"Air Lodge Tent &#8222;Double deck&#8220;"},"content":{"rendered":"<p><strong>(Klimaanlage | Haustiere erlaubt)<\/strong><\/p>\n<p>&nbsp;<\/p>\n<p><strong>ZWEIST\u00d6CKIGES ZELT (Air Lodge)<\/strong><\/p>\n<p><strong>Erdgeschoss (Primo piano\/Piano terra):<\/strong> 1 Schlafzimmer mit Doppelbett, 1 Badezimmer mit Duschkabine und Waschbecken, Wohnzimmer mit komplett ausgestatteter Kochnische (inklusive Geschirr).<\/p>\n<p>&nbsp;<\/p>\n<p><strong>Obergeschoss: <\/strong>Schlafzimmer mit Doppelbett.<\/p>\n<p>&nbsp;<\/p>\n<p><strong>Au\u00dfenbereich: <\/strong>M\u00f6blierte Holzveranda con Tisch und St\u00fchlen, Parkplatz direkt an der Unterkunft.<\/p>\n<p>&nbsp;<\/p>\n<p><strong>Fordern Sie jetzt ein UNVERBINDLICHES ANGEBOT f\u00fcr den Air Lodge Tent &#8222;Double deck&#8220; im Camping Pineta an!<\/strong> F\u00fcllen Sie einfach das Formular aus f\u00fcr Ihren Urlaub direkt am Meer mit Ihrer Familie oder Ihren Freunden. Genie\u00dfen Sie die Gastfreundschaft des Camping Pineta, <strong>Glamping Naturpark Po-Delta<\/strong>\u00a0\u2013 direkt am Meer mit feinem Sandstrand und flach abfallendem Wasser. <strong>Ein kleiner, authentischer Campingplatz f\u00fcr echte Camping-Liebhaber.<\/strong><\/p>\n<p>&nbsp;<\/p>\n<p><strong>JETZT DEN BUNGALOW BASIC STANDARD BUCHEN<\/strong><\/p>\n<p>&nbsp;<\/p>\n<p><strong>DIE PREISE BEINHALTEN:<\/strong><\/p>\n<ul>\n<li>Anzahl der in der Beschreibung angegebenen Personen<\/li>\n<li>Parkplatz direkt bei der Unterkunft<\/li>\n<li>Direkter Zugang zum freien Strand<\/li>\n<li>Zugang zum Pool: Liegest\u00fchle nach Verf\u00fcgbarkeit (Zeitraum: Juni\u2013August), Badekappenpflicht<\/li>\n<li>Sat-TV<\/li>\n<li>Nebenkosten (Strom, Wasser, Gas) und K\u00fcchenausstattung (Geschirr)<\/li>\n<li>Abendanimation (nur im Zeitraum Juli\u2013August)<\/li>\n<li>Sportbereich: Beachvolleyball, Beach-Tennis, Boccia-Bahn, Tischtennis<\/li>\n<li>MwSt. 10 % (vorbehaltlich gesetzlicher \u00c4nderungen)<\/li>\n<\/ul>\n<p>&nbsp;<\/p>\n<p><strong>DIE PREISE BEINHALTEN NICHT:<\/strong><\/p>\n<ul>\n<li>Kurtaxe (Tassa di Soggiorno)<\/li>\n<li>Klimaanlage (f\u00fcr Bungalows und Glamping-Zelte)<\/li>\n<li>Einzelbettw\u00e4sche: 11 \u20ac (auf Anfrage, an der Rezeption erh\u00e4ltlich)<\/li>\n<li>Doppelbettw\u00e4sche: 17 \u20ac (auf Anfrage, an der Rezeption erh\u00e4ltlich)<\/li>\n<li>Handt\u00fccher-Set: 7,50 \u20ac (auf Anfrage, an der Rezeption erh\u00e4ltlich)<\/li>\n<li>Kaution: 100 \u20ac<\/li>\n<\/ul>\n<p>&nbsp;<\/p>\n<p><strong>Die Unterk\u00fcnfte m\u00fcssen sauber und ordentlich hinterlassen werden. Andernfalls wird die Kaution einbehalten. <\/strong><\/p>\n<ul>\n<li>Anreise nach 17:00 Uhr;<\/li>\n<li>Abreise bis 10:00 Uhr.<\/li>\n<\/ul>\n<p>Der Restbetrag f\u00fcr den gesamten Aufenthalt ist bei der Ankunft zu entrichten.<\/p>\n","protected":false},"excerpt":{"rendered":"<p>(Klimaanlage | Haustiere erlaubt) &nbsp; ZWEIST\u00d6CKIGES ZELT (Air Lodge) Erdgeschoss (Primo piano\/Piano terra): 1 Schlafzimmer mit Doppelbett, 1 Badezimmer mit Duschkabine und Waschbecken, Wohnzimmer mit komplett ausgestatteter Kochnische (inklusive Geschirr). &nbsp; Obergeschoss: Schlafzimmer mit Doppelbett. &nbsp; Au\u00dfenbereich: M\u00f6blierte Holzveranda con Tisch und St\u00fchlen, Parkplatz direkt an der Unterkunft. &nbsp; Fordern Sie jetzt ein UNVERBINDLICHES ANGEBOT [&hellip;]<\/p>\n","protected":false},"author":13,"featured_media":0,"parent":5056,"menu_order":20,"comment_status":"closed","ping_status":"closed","template":"template-bungalow.php","meta":{"footnotes":""},"class_list":["post-5074","page","type-page","status-publish","hentry"],"yoast_head":"<!-- This site is optimized with the Yoast SEO plugin v27.3 - https:\/\/yoast.com\/product\/yoast-seo-wordpress\/ -->\n<title>Glamping Naturpark Po-Delta | Air Lodge Tent Double Deck<\/title>\n<meta name=\"description\" content=\"Entdecken Sie das Air Lodge Tent Double Deck im Camping Pineta \u2013 Glamping Naturpark Po-Delta. Jetzt Angebot anfordern und buchen!\" \/>\n<meta name=\"robots\" content=\"index, follow, max-snippet:-1, max-image-preview:large, max-video-preview:-1\" \/>\n<link rel=\"canonical\" href=\"https:\/\/www.campingpineta.ra.it\/de\/bungalow-glamping\/air-lodge-tent-double-deck\/\" \/>\n<meta property=\"og:locale\" content=\"de_DE\" \/>\n<meta property=\"og:type\" content=\"article\" \/>\n<meta property=\"og:title\" content=\"Glamping Naturpark Po-Delta | Air Lodge Tent Double Deck\" \/>\n<meta property=\"og:description\" content=\"Entdecken Sie das Air Lodge Tent Double Deck im Camping Pineta \u2013 Glamping Naturpark Po-Delta. Jetzt Angebot anfordern und buchen!\" \/>\n<meta property=\"og:url\" content=\"https:\/\/www.campingpineta.ra.it\/de\/bungalow-glamping\/air-lodge-tent-double-deck\/\" \/>\n<meta property=\"og:site_name\" content=\"Camping Pineta\" \/>\n<meta property=\"article:publisher\" content=\"https:\/\/facebook.com\/tomasitourism\" \/>\n<meta property=\"article:modified_time\" content=\"2026-01-22T10:14:57+00:00\" \/>\n<meta name=\"twitter:card\" content=\"summary_large_image\" \/>\n<meta name=\"twitter:label1\" content=\"Gesch\u00e4tzte Lesezeit\" \/>\n\t<meta name=\"twitter:data1\" content=\"2 Minuten\" \/>\n<script type=\"application\/ld+json\" class=\"yoast-schema-graph\">{\"@context\":\"https:\\\/\\\/schema.org\",\"@graph\":[{\"@type\":\"WebPage\",\"@id\":\"https:\\\/\\\/www.campingpineta.ra.it\\\/de\\\/bungalow-glamping\\\/air-lodge-tent-double-deck\\\/\",\"url\":\"https:\\\/\\\/www.campingpineta.ra.it\\\/de\\\/bungalow-glamping\\\/air-lodge-tent-double-deck\\\/\",\"name\":\"Glamping Naturpark Po-Delta | Air Lodge Tent Double Deck\",\"isPartOf\":{\"@id\":\"https:\\\/\\\/www.campingpineta.ra.it\\\/de\\\/#website\"},\"datePublished\":\"2025-02-07T14:18:36+00:00\",\"dateModified\":\"2026-01-22T10:14:57+00:00\",\"description\":\"Entdecken Sie das Air Lodge Tent Double Deck im Camping Pineta \u2013 Glamping Naturpark Po-Delta. Jetzt Angebot anfordern und buchen!\",\"breadcrumb\":{\"@id\":\"https:\\\/\\\/www.campingpineta.ra.it\\\/de\\\/bungalow-glamping\\\/air-lodge-tent-double-deck\\\/#breadcrumb\"},\"inLanguage\":\"de-DE\",\"potentialAction\":[{\"@type\":\"ReadAction\",\"target\":[\"https:\\\/\\\/www.campingpineta.ra.it\\\/de\\\/bungalow-glamping\\\/air-lodge-tent-double-deck\\\/\"]}]},{\"@type\":\"BreadcrumbList\",\"@id\":\"https:\\\/\\\/www.campingpineta.ra.it\\\/de\\\/bungalow-glamping\\\/air-lodge-tent-double-deck\\\/#breadcrumb\",\"itemListElement\":[{\"@type\":\"ListItem\",\"position\":1,\"name\":\"Home\",\"item\":\"https:\\\/\\\/www.campingpineta.ra.it\\\/de\\\/\"},{\"@type\":\"ListItem\",\"position\":2,\"name\":\"Unterk\u00fcnfte\",\"item\":\"https:\\\/\\\/www.campingpineta.ra.it\\\/de\\\/bungalow-glamping\\\/\"},{\"@type\":\"ListItem\",\"position\":3,\"name\":\"Air Lodge Tent &#8220;Double deck&#8221;\"}]},{\"@type\":\"WebSite\",\"@id\":\"https:\\\/\\\/www.campingpineta.ra.it\\\/de\\\/#website\",\"url\":\"https:\\\/\\\/www.campingpineta.ra.it\\\/de\\\/\",\"name\":\"Camping Reno\",\"description\":\"\",\"publisher\":{\"@id\":\"https:\\\/\\\/www.campingpineta.ra.it\\\/de\\\/#organization\"},\"potentialAction\":[{\"@type\":\"SearchAction\",\"target\":{\"@type\":\"EntryPoint\",\"urlTemplate\":\"https:\\\/\\\/www.campingpineta.ra.it\\\/de\\\/?s={search_term_string}\"},\"query-input\":{\"@type\":\"PropertyValueSpecification\",\"valueRequired\":true,\"valueName\":\"search_term_string\"}}],\"inLanguage\":\"de-DE\"},{\"@type\":\"Organization\",\"@id\":\"https:\\\/\\\/www.campingpineta.ra.it\\\/de\\\/#organization\",\"name\":\"Camping Reno\",\"url\":\"https:\\\/\\\/www.campingpineta.ra.it\\\/de\\\/\",\"logo\":{\"@type\":\"ImageObject\",\"inLanguage\":\"de-DE\",\"@id\":\"https:\\\/\\\/www.campingpineta.ra.it\\\/de\\\/#\\\/schema\\\/logo\\\/image\\\/\",\"url\":\"\",\"contentUrl\":\"\",\"caption\":\"Camping Reno\"},\"image\":{\"@id\":\"https:\\\/\\\/www.campingpineta.ra.it\\\/de\\\/#\\\/schema\\\/logo\\\/image\\\/\"},\"sameAs\":[\"https:\\\/\\\/facebook.com\\\/tomasitourism\",\"https:\\\/\\\/instagram.com\\\/camping_reno\"]}]}<\/script>\n<!-- \/ Yoast SEO plugin. -->","yoast_head_json":{"title":"Glamping Naturpark Po-Delta | Air Lodge Tent Double Deck","description":"Entdecken Sie das Air Lodge Tent Double Deck im Camping Pineta \u2013 Glamping Naturpark Po-Delta. Jetzt Angebot anfordern und buchen!","robots":{"index":"index","follow":"follow","max-snippet":"max-snippet:-1","max-image-preview":"max-image-preview:large","max-video-preview":"max-video-preview:-1"},"canonical":"https:\/\/www.campingpineta.ra.it\/de\/bungalow-glamping\/air-lodge-tent-double-deck\/","og_locale":"de_DE","og_type":"article","og_title":"Glamping Naturpark Po-Delta | Air Lodge Tent Double Deck","og_description":"Entdecken Sie das Air Lodge Tent Double Deck im Camping Pineta \u2013 Glamping Naturpark Po-Delta. Jetzt Angebot anfordern und buchen!","og_url":"https:\/\/www.campingpineta.ra.it\/de\/bungalow-glamping\/air-lodge-tent-double-deck\/","og_site_name":"Camping Pineta","article_publisher":"https:\/\/facebook.com\/tomasitourism","article_modified_time":"2026-01-22T10:14:57+00:00","twitter_card":"summary_large_image","twitter_misc":{"Gesch\u00e4tzte Lesezeit":"2 Minuten"},"schema":{"@context":"https:\/\/schema.org","@graph":[{"@type":"WebPage","@id":"https:\/\/www.campingpineta.ra.it\/de\/bungalow-glamping\/air-lodge-tent-double-deck\/","url":"https:\/\/www.campingpineta.ra.it\/de\/bungalow-glamping\/air-lodge-tent-double-deck\/","name":"Glamping Naturpark Po-Delta | Air Lodge Tent Double Deck","isPartOf":{"@id":"https:\/\/www.campingpineta.ra.it\/de\/#website"},"datePublished":"2025-02-07T14:18:36+00:00","dateModified":"2026-01-22T10:14:57+00:00","description":"Entdecken Sie das Air Lodge Tent Double Deck im Camping Pineta \u2013 Glamping Naturpark Po-Delta. Jetzt Angebot anfordern und buchen!","breadcrumb":{"@id":"https:\/\/www.campingpineta.ra.it\/de\/bungalow-glamping\/air-lodge-tent-double-deck\/#breadcrumb"},"inLanguage":"de-DE","potentialAction":[{"@type":"ReadAction","target":["https:\/\/www.campingpineta.ra.it\/de\/bungalow-glamping\/air-lodge-tent-double-deck\/"]}]},{"@type":"BreadcrumbList","@id":"https:\/\/www.campingpineta.ra.it\/de\/bungalow-glamping\/air-lodge-tent-double-deck\/#breadcrumb","itemListElement":[{"@type":"ListItem","position":1,"name":"Home","item":"https:\/\/www.campingpineta.ra.it\/de\/"},{"@type":"ListItem","position":2,"name":"Unterk\u00fcnfte","item":"https:\/\/www.campingpineta.ra.it\/de\/bungalow-glamping\/"},{"@type":"ListItem","position":3,"name":"Air Lodge Tent &#8220;Double deck&#8221;"}]},{"@type":"WebSite","@id":"https:\/\/www.campingpineta.ra.it\/de\/#website","url":"https:\/\/www.campingpineta.ra.it\/de\/","name":"Camping Reno","description":"","publisher":{"@id":"https:\/\/www.campingpineta.ra.it\/de\/#organization"},"potentialAction":[{"@type":"SearchAction","target":{"@type":"EntryPoint","urlTemplate":"https:\/\/www.campingpineta.ra.it\/de\/?s={search_term_string}"},"query-input":{"@type":"PropertyValueSpecification","valueRequired":true,"valueName":"search_term_string"}}],"inLanguage":"de-DE"},{"@type":"Organization","@id":"https:\/\/www.campingpineta.ra.it\/de\/#organization","name":"Camping Reno","url":"https:\/\/www.campingpineta.ra.it\/de\/","logo":{"@type":"ImageObject","inLanguage":"de-DE","@id":"https:\/\/www.campingpineta.ra.it\/de\/#\/schema\/logo\/image\/","url":"","contentUrl":"","caption":"Camping Reno"},"image":{"@id":"https:\/\/www.campingpineta.ra.it\/de\/#\/schema\/logo\/image\/"},"sameAs":["https:\/\/facebook.com\/tomasitourism","https:\/\/instagram.com\/camping_reno"]}]}},"acf":[],"_links":{"self":[{"href":"https:\/\/www.campingpineta.ra.it\/de\/wp-json\/wp\/v2\/pages\/5074","targetHints":{"allow":["GET"]}}],"collection":[{"href":"https:\/\/www.campingpineta.ra.it\/de\/wp-json\/wp\/v2\/pages"}],"about":[{"href":"https:\/\/www.campingpineta.ra.it\/de\/wp-json\/wp\/v2\/types\/page"}],"author":[{"embeddable":true,"href":"https:\/\/www.campingpineta.ra.it\/de\/wp-json\/wp\/v2\/users\/13"}],"replies":[{"embeddable":true,"href":"https:\/\/www.campingpineta.ra.it\/de\/wp-json\/wp\/v2\/comments?post=5074"}],"version-history":[{"count":0,"href":"https:\/\/www.campingpineta.ra.it\/de\/wp-json\/wp\/v2\/pages\/5074\/revisions"}],"up":[{"embeddable":true,"href":"https:\/\/www.campingpineta.ra.it\/de\/wp-json\/wp\/v2\/pages\/5056"}],"wp:attachment":[{"href":"https:\/\/www.campingpineta.ra.it\/de\/wp-json\/wp\/v2\/media?parent=5074"}],"curies":[{"name":"wp","href":"https:\/\/api.w.org\/{rel}","templated":true}]}}