   {"id":5086,"date":"2024-12-10T15:00:29","date_gmt":"2024-12-10T15:00:29","guid":{"rendered":"https:\/\/www.campingpineta.ra.it\/stellplatzliste\/camping-casal-borsetti-sul-mare-piazzole-camper\/"},"modified":"2026-01-30T11:44:56","modified_gmt":"2026-01-30T11:44:56","slug":"wohnmobil-stellplatz","status":"publish","type":"page","link":"https:\/\/www.campingpineta.ra.it\/de\/stellplatzliste\/wohnmobil-stellplatz\/","title":{"rendered":"Wohnmobil-Stellplatz"},"content":{"rendered":"<h3><strong>Wohnmobil-Stellplatz<\/strong><\/h3>\n<p>&nbsp;<\/p>\n<p><strong>Ebene Stellpl\u00e4tze f\u00fcr Ihren Aufenthalt mit dem Wohnmobil, Wohnwagen oder Zelt.<\/strong> Con einer Tiefe von bis zu 10 Metern bieten diese Pl\u00e4tze ausreichend Raum f\u00fcr jeden Wohnmobil-Typ inklusive Markise oder gro\u00dfz\u00fcgiger Ausr\u00fcstung \u2013 f\u00fcr ein absolut problemloses Einparken. <a href=\"https:\/\/www.campingpineta.ra.it\/de\/camping-ravenna-hundefreundlich\/\"><strong>Hunde sind jederzeit herzlich willkommen.<\/strong><\/a><\/p>\n<p>&nbsp;<\/p>\n<p><strong>Fordern Sie jetzt ein UNVERBINDLICHES Angebot f\u00fcr Ihren Wohnmobil-Stellplatz an<\/strong>! F\u00fcllen Sie einfach das Formular aus und planen Sie Ihren Urlaub direkt am Meer mit Ihrer Familie o Ihren Freunden. Genie\u00dfen Sie die Gemeinschaft im Camping Pineta, Ihrem <strong>Camping Ravenna Italien Meer,<\/strong>\u00a0mit feinem Sandstrand e flach abfallendem Wasser. <strong>Ein kleiner, authentischer Campingplatz, ideal f\u00fcr echte Camper, die das Wesentliche sch\u00e4tzen.<\/strong><\/p>\n<p>Wir senden Ihnen innerhalb von 6 Arbeitsstunden ein passendes Angebot zu.<\/p>\n<p>&nbsp;<\/p>\n<p><a href=\"https:\/\/www.scidoo.com\/preventivov2\/?cod=1313&amp;dataarr=2026-9-19&amp;notti=7&amp;adult=2&amp;children=&amp;IDsotto_struttura=0&amp;lang=4&amp;structure_type=0&amp;promocode=\"><strong>VERF\u00dcGBARKEIT ONLINE PR\u00dcFEN UND WOHNMOBIL-STELLPLATZ JETZT BUCHEN<\/strong><\/a><\/p>\n<p>&nbsp;<\/p>\n<p>&nbsp;<\/p>\n<h3 data-sourcepos=\"5:1-5:50\">Im Preis inbegriffen sind folgende Leistungen:<\/h3>\n<ul data-sourcepos=\"7:1-16:0\">\n<li data-sourcepos=\"7:1-7:209\"><strong>Stellplatz<\/strong>: 1 Zelt oder Wohnmobil oder Wohnwagen + Anzahl der in der Beschreibung angegebenen Personen + 1 Auto + Stromanschluss (4A-Schutz). Die Stellpl\u00e4tze sind sauber und ordentlich zu hinterlassen.<\/li>\n<li data-sourcepos=\"8:1-8:37\"><strong>Parkplatz<\/strong>: auf dem Stellplatz<\/li>\n<li data-sourcepos=\"9:1-9:86\"><strong>Stromanschluss<\/strong>: CEE-Norm-Anschluss &#8211; 6A-Schutz (sofern nicht anders angegeben)<\/li>\n<li data-sourcepos=\"10:1-10:55\"><strong>Strandzugang<\/strong>: direkter Zugang zum freien Strand<\/li>\n<li data-sourcepos=\"11:1-11:34\"><strong>Duschen<\/strong>: Warmwasserduschen<\/li>\n<li data-sourcepos=\"12:1-12:51\"><strong>Animation<\/strong>: f\u00fcr Jung und Alt (Juli &#8211; August)<\/li>\n<li data-sourcepos=\"13:1-13:76\"><strong>Schwimmbad<\/strong>: Benutzung (Juni &#8211; August, Badekappe\u00a0 obligatorisch)<\/li>\n<li data-sourcepos=\"14:1-14:94\"><strong>Sportbereich<\/strong>: Beachvolleyball, Strandtennis, Boccia, Basketball-Freiw\u00fcrfe, Tischtennis<\/li>\n<li data-sourcepos=\"15:1-16:0\"><strong>Mehrwertsteuer<\/strong>: 10% (\u00c4nderungen der MwSt. oder Kurtaxe vorbehalten)<\/li>\n<\/ul>\n<p>&nbsp;<\/p>\n<h3 data-sourcepos=\"17:1-17:36\">Nicht im Preis inbegriffen sind:<\/h3>\n<ul data-sourcepos=\"19:1-21:0\">\n<li data-sourcepos=\"19:1-19:55\"><strong>Kurtaxe<\/strong>: Die Kurtaxe ist vor Ort zu entrichten.<\/li>\n<li data-sourcepos=\"20:1-21:0\"><strong>Strandservice<\/strong>: Verleih von Sonnenschirmen und Liegen.<\/li>\n<\/ul>\n<p>&nbsp;<\/p>\n<h3 data-sourcepos=\"22:1-22:82\">Zus\u00e4tzliche Leistungen auf Reservierung (oder vor Ort, je nach Verf\u00fcgbarkeit):<\/h3>\n<ul data-sourcepos=\"24:1-27:0\">\n<li data-sourcepos=\"24:1-24:70\"><strong>Strandservice<\/strong>: Verleih von Sonnenschirmen und Liegen am Strand<\/li>\n<li data-sourcepos=\"25:1-25:55\"><strong>K\u00fchlung<\/strong>: K\u00fchl- und Gefrierschrank mit Schl\u00fcssel<\/li>\n<li data-sourcepos=\"26:1-27:0\"><strong>Fahrradverleih<\/strong>: Fahrr\u00e4der mit Helm und Kindersitz<\/li>\n<\/ul>\n<p>&nbsp;<\/p>\n<h3 data-sourcepos=\"28:1-28:27\">Wichtige Informationen:<\/h3>\n<ul data-sourcepos=\"30:1-33:0\">\n<li data-sourcepos=\"30:1-30:31\"><strong>Anreise<\/strong>: nach 15:00 Uhr<\/li>\n<li data-sourcepos=\"31:1-31:30\"><strong>Abreise<\/strong>: bis 12:00 Uhr<\/li>\n<\/ul>\n<p>&nbsp;<\/p>\n<p>&nbsp;<\/p>\n","protected":false},"excerpt":{"rendered":"<p>Wohnmobil-Stellplatz &nbsp; Ebene Stellpl\u00e4tze f\u00fcr Ihren Aufenthalt mit dem Wohnmobil, Wohnwagen oder Zelt. Con einer Tiefe von bis zu 10 Metern bieten diese Pl\u00e4tze ausreichend Raum f\u00fcr jeden Wohnmobil-Typ inklusive Markise oder gro\u00dfz\u00fcgiger Ausr\u00fcstung \u2013 f\u00fcr ein absolut problemloses Einparken. Hunde sind jederzeit herzlich willkommen. &nbsp; Fordern Sie jetzt ein UNVERBINDLICHES Angebot f\u00fcr Ihren Wohnmobil-Stellplatz [&hellip;]<\/p>\n","protected":false},"author":13,"featured_media":0,"parent":5079,"menu_order":5,"comment_status":"closed","ping_status":"closed","template":"template-piazzole.php","meta":{"footnotes":""},"class_list":["post-5086","page","type-page","status-publish","hentry"],"yoast_head":"<!-- This site is optimized with the Yoast SEO plugin v27.3 - https:\/\/yoast.com\/product\/yoast-seo-wordpress\/ -->\n<title>Camping Ravenna Italien Meer | Wohnmobil-Stellplatz<\/title>\n<meta name=\"description\" content=\"Wohnmobil-Stellplatz im Camping Pineta, Camping Ravenna Italien Meer, Gr\u00f6\u00dfe: von 50 m\u00b2 bis 70 m\u00b2; Preis: ab 23\u20ac pro Nacht und Crew!\" \/>\n<meta name=\"robots\" content=\"index, follow, max-snippet:-1, max-image-preview:large, max-video-preview:-1\" \/>\n<link rel=\"canonical\" href=\"https:\/\/www.campingpineta.ra.it\/de\/stellplatzliste\/wohnmobil-stellplatz\/\" \/>\n<meta property=\"og:locale\" content=\"de_DE\" \/>\n<meta property=\"og:type\" content=\"article\" \/>\n<meta property=\"og:title\" content=\"Camping Ravenna Italien Meer | Wohnmobil-Stellplatz\" \/>\n<meta property=\"og:description\" content=\"Wohnmobil-Stellplatz im Camping Pineta, Camping Ravenna Italien Meer, Gr\u00f6\u00dfe: von 50 m\u00b2 bis 70 m\u00b2; Preis: ab 23\u20ac pro Nacht und Crew!\" \/>\n<meta property=\"og:url\" content=\"https:\/\/www.campingpineta.ra.it\/de\/stellplatzliste\/wohnmobil-stellplatz\/\" \/>\n<meta property=\"og:site_name\" content=\"Camping Pineta\" \/>\n<meta property=\"article:publisher\" content=\"https:\/\/facebook.com\/tomasitourism\" \/>\n<meta property=\"article:modified_time\" content=\"2026-01-30T11:44:56+00:00\" \/>\n<meta name=\"twitter:card\" content=\"summary_large_image\" \/>\n<meta name=\"twitter:label1\" content=\"Gesch\u00e4tzte Lesezeit\" \/>\n\t<meta name=\"twitter:data1\" content=\"2 Minuten\" \/>\n<script type=\"application\/ld+json\" class=\"yoast-schema-graph\">{\"@context\":\"https:\\\/\\\/schema.org\",\"@graph\":[{\"@type\":\"WebPage\",\"@id\":\"https:\\\/\\\/www.campingpineta.ra.it\\\/de\\\/stellplatzliste\\\/wohnmobil-stellplatz\\\/\",\"url\":\"https:\\\/\\\/www.campingpineta.ra.it\\\/de\\\/stellplatzliste\\\/wohnmobil-stellplatz\\\/\",\"name\":\"Camping Ravenna Italien Meer | Wohnmobil-Stellplatz\",\"isPartOf\":{\"@id\":\"https:\\\/\\\/www.campingpineta.ra.it\\\/de\\\/#website\"},\"datePublished\":\"2024-12-10T15:00:29+00:00\",\"dateModified\":\"2026-01-30T11:44:56+00:00\",\"description\":\"Wohnmobil-Stellplatz im Camping Pineta, Camping Ravenna Italien Meer, Gr\u00f6\u00dfe: von 50 m\u00b2 bis 70 m\u00b2; Preis: ab 23\u20ac pro Nacht und Crew!\",\"breadcrumb\":{\"@id\":\"https:\\\/\\\/www.campingpineta.ra.it\\\/de\\\/stellplatzliste\\\/wohnmobil-stellplatz\\\/#breadcrumb\"},\"inLanguage\":\"de-DE\",\"potentialAction\":[{\"@type\":\"ReadAction\",\"target\":[\"https:\\\/\\\/www.campingpineta.ra.it\\\/de\\\/stellplatzliste\\\/wohnmobil-stellplatz\\\/\"]}]},{\"@type\":\"BreadcrumbList\",\"@id\":\"https:\\\/\\\/www.campingpineta.ra.it\\\/de\\\/stellplatzliste\\\/wohnmobil-stellplatz\\\/#breadcrumb\",\"itemListElement\":[{\"@type\":\"ListItem\",\"position\":1,\"name\":\"Home\",\"item\":\"https:\\\/\\\/www.campingpineta.ra.it\\\/de\\\/\"},{\"@type\":\"ListItem\",\"position\":2,\"name\":\"Stellpl\u00e4tze\",\"item\":\"https:\\\/\\\/www.campingpineta.ra.it\\\/de\\\/stellplatzliste\\\/\"},{\"@type\":\"ListItem\",\"position\":3,\"name\":\"Wohnmobil-Stellplatz\"}]},{\"@type\":\"WebSite\",\"@id\":\"https:\\\/\\\/www.campingpineta.ra.it\\\/de\\\/#website\",\"url\":\"https:\\\/\\\/www.campingpineta.ra.it\\\/de\\\/\",\"name\":\"Camping Reno\",\"description\":\"\",\"publisher\":{\"@id\":\"https:\\\/\\\/www.campingpineta.ra.it\\\/de\\\/#organization\"},\"potentialAction\":[{\"@type\":\"SearchAction\",\"target\":{\"@type\":\"EntryPoint\",\"urlTemplate\":\"https:\\\/\\\/www.campingpineta.ra.it\\\/de\\\/?s={search_term_string}\"},\"query-input\":{\"@type\":\"PropertyValueSpecification\",\"valueRequired\":true,\"valueName\":\"search_term_string\"}}],\"inLanguage\":\"de-DE\"},{\"@type\":\"Organization\",\"@id\":\"https:\\\/\\\/www.campingpineta.ra.it\\\/de\\\/#organization\",\"name\":\"Camping Reno\",\"url\":\"https:\\\/\\\/www.campingpineta.ra.it\\\/de\\\/\",\"logo\":{\"@type\":\"ImageObject\",\"inLanguage\":\"de-DE\",\"@id\":\"https:\\\/\\\/www.campingpineta.ra.it\\\/de\\\/#\\\/schema\\\/logo\\\/image\\\/\",\"url\":\"\",\"contentUrl\":\"\",\"caption\":\"Camping Reno\"},\"image\":{\"@id\":\"https:\\\/\\\/www.campingpineta.ra.it\\\/de\\\/#\\\/schema\\\/logo\\\/image\\\/\"},\"sameAs\":[\"https:\\\/\\\/facebook.com\\\/tomasitourism\",\"https:\\\/\\\/instagram.com\\\/camping_reno\"]}]}<\/script>\n<!-- \/ Yoast SEO plugin. -->","yoast_head_json":{"title":"Camping Ravenna Italien Meer | Wohnmobil-Stellplatz","description":"Wohnmobil-Stellplatz im Camping Pineta, Camping Ravenna Italien Meer, Gr\u00f6\u00dfe: von 50 m\u00b2 bis 70 m\u00b2; Preis: ab 23\u20ac pro Nacht und Crew!","robots":{"index":"index","follow":"follow","max-snippet":"max-snippet:-1","max-image-preview":"max-image-preview:large","max-video-preview":"max-video-preview:-1"},"canonical":"https:\/\/www.campingpineta.ra.it\/de\/stellplatzliste\/wohnmobil-stellplatz\/","og_locale":"de_DE","og_type":"article","og_title":"Camping Ravenna Italien Meer | Wohnmobil-Stellplatz","og_description":"Wohnmobil-Stellplatz im Camping Pineta, Camping Ravenna Italien Meer, Gr\u00f6\u00dfe: von 50 m\u00b2 bis 70 m\u00b2; Preis: ab 23\u20ac pro Nacht und Crew!","og_url":"https:\/\/www.campingpineta.ra.it\/de\/stellplatzliste\/wohnmobil-stellplatz\/","og_site_name":"Camping Pineta","article_publisher":"https:\/\/facebook.com\/tomasitourism","article_modified_time":"2026-01-30T11:44:56+00:00","twitter_card":"summary_large_image","twitter_misc":{"Gesch\u00e4tzte Lesezeit":"2 Minuten"},"schema":{"@context":"https:\/\/schema.org","@graph":[{"@type":"WebPage","@id":"https:\/\/www.campingpineta.ra.it\/de\/stellplatzliste\/wohnmobil-stellplatz\/","url":"https:\/\/www.campingpineta.ra.it\/de\/stellplatzliste\/wohnmobil-stellplatz\/","name":"Camping Ravenna Italien Meer | Wohnmobil-Stellplatz","isPartOf":{"@id":"https:\/\/www.campingpineta.ra.it\/de\/#website"},"datePublished":"2024-12-10T15:00:29+00:00","dateModified":"2026-01-30T11:44:56+00:00","description":"Wohnmobil-Stellplatz im Camping Pineta, Camping Ravenna Italien Meer, Gr\u00f6\u00dfe: von 50 m\u00b2 bis 70 m\u00b2; Preis: ab 23\u20ac pro Nacht und Crew!","breadcrumb":{"@id":"https:\/\/www.campingpineta.ra.it\/de\/stellplatzliste\/wohnmobil-stellplatz\/#breadcrumb"},"inLanguage":"de-DE","potentialAction":[{"@type":"ReadAction","target":["https:\/\/www.campingpineta.ra.it\/de\/stellplatzliste\/wohnmobil-stellplatz\/"]}]},{"@type":"BreadcrumbList","@id":"https:\/\/www.campingpineta.ra.it\/de\/stellplatzliste\/wohnmobil-stellplatz\/#breadcrumb","itemListElement":[{"@type":"ListItem","position":1,"name":"Home","item":"https:\/\/www.campingpineta.ra.it\/de\/"},{"@type":"ListItem","position":2,"name":"Stellpl\u00e4tze","item":"https:\/\/www.campingpineta.ra.it\/de\/stellplatzliste\/"},{"@type":"ListItem","position":3,"name":"Wohnmobil-Stellplatz"}]},{"@type":"WebSite","@id":"https:\/\/www.campingpineta.ra.it\/de\/#website","url":"https:\/\/www.campingpineta.ra.it\/de\/","name":"Camping Reno","description":"","publisher":{"@id":"https:\/\/www.campingpineta.ra.it\/de\/#organization"},"potentialAction":[{"@type":"SearchAction","target":{"@type":"EntryPoint","urlTemplate":"https:\/\/www.campingpineta.ra.it\/de\/?s={search_term_string}"},"query-input":{"@type":"PropertyValueSpecification","valueRequired":true,"valueName":"search_term_string"}}],"inLanguage":"de-DE"},{"@type":"Organization","@id":"https:\/\/www.campingpineta.ra.it\/de\/#organization","name":"Camping Reno","url":"https:\/\/www.campingpineta.ra.it\/de\/","logo":{"@type":"ImageObject","inLanguage":"de-DE","@id":"https:\/\/www.campingpineta.ra.it\/de\/#\/schema\/logo\/image\/","url":"","contentUrl":"","caption":"Camping Reno"},"image":{"@id":"https:\/\/www.campingpineta.ra.it\/de\/#\/schema\/logo\/image\/"},"sameAs":["https:\/\/facebook.com\/tomasitourism","https:\/\/instagram.com\/camping_reno"]}]}},"acf":[],"_links":{"self":[{"href":"https:\/\/www.campingpineta.ra.it\/de\/wp-json\/wp\/v2\/pages\/5086","targetHints":{"allow":["GET"]}}],"collection":[{"href":"https:\/\/www.campingpineta.ra.it\/de\/wp-json\/wp\/v2\/pages"}],"about":[{"href":"https:\/\/www.campingpineta.ra.it\/de\/wp-json\/wp\/v2\/types\/page"}],"author":[{"embeddable":true,"href":"https:\/\/www.campingpineta.ra.it\/de\/wp-json\/wp\/v2\/users\/13"}],"replies":[{"embeddable":true,"href":"https:\/\/www.campingpineta.ra.it\/de\/wp-json\/wp\/v2\/comments?post=5086"}],"version-history":[{"count":0,"href":"https:\/\/www.campingpineta.ra.it\/de\/wp-json\/wp\/v2\/pages\/5086\/revisions"}],"up":[{"embeddable":true,"href":"https:\/\/www.campingpineta.ra.it\/de\/wp-json\/wp\/v2\/pages\/5079"}],"wp:attachment":[{"href":"https:\/\/www.campingpineta.ra.it\/de\/wp-json\/wp\/v2\/media?parent=5086"}],"curies":[{"name":"wp","href":"https:\/\/api.w.org\/{rel}","templated":true}]}}