   {"id":5111,"date":"2024-12-11T09:51:16","date_gmt":"2024-12-11T09:51:16","guid":{"rendered":"https:\/\/www.campingpineta.ra.it\/camping-sul-mare-casal-borsetti-listino-prezzi-2026\/"},"modified":"2026-01-30T12:17:28","modified_gmt":"2026-01-30T12:17:28","slug":"preisliste-unterkuenfte-stellplaetze","status":"publish","type":"page","link":"https:\/\/www.campingpineta.ra.it\/de\/preisliste-unterkuenfte-stellplaetze\/","title":{"rendered":"Preisliste Unterk\u00fcnfte-Stellpl\u00e4tze"},"content":{"rendered":"<p>Werfen Sie einen Blick auf die <strong>Preisliste 2026<\/strong> vom Camping Pineta, <strong>Campingplatz Meer Casal Borsetti,<\/strong> in der N\u00e4he von Marina Romea!<\/p>\n<p>&nbsp;<\/p>\n<p><a href=\"https:\/\/www.scidoo.com\/preventivov2\/?cod=1313&amp;dataarr=2026-9-18&amp;notti=7&amp;adult=2&amp;children=&amp;IDsotto_struttura=931&amp;lang=4&amp;structure_type=0&amp;promocode=\"><strong>PR\u00dcFEN SIE JETZT DIE VERF\u00dcGBARKEIT ONLINE<\/strong><\/a><\/p>\n<p>&nbsp;<\/p>\n","protected":false},"excerpt":{"rendered":"<p>Werfen Sie einen Blick auf die Preisliste 2026 vom Camping Pineta, Campingplatz Meer Casal Borsetti, in der N\u00e4he von Marina Romea! &nbsp; PR\u00dcFEN SIE JETZT DIE VERF\u00dcGBARKEIT ONLINE &nbsp;<\/p>\n","protected":false},"author":13,"featured_media":0,"parent":0,"menu_order":40,"comment_status":"closed","ping_status":"closed","template":"","meta":{"footnotes":""},"class_list":["post-5111","page","type-page","status-publish","hentry"],"yoast_head":"<!-- This site is optimized with the Yoast SEO plugin v27.3 - https:\/\/yoast.com\/product\/yoast-seo-wordpress\/ -->\n<title>Campingplatz Meer Casal Borsetti | Preisliste Unterk\u00fcnfte Stellpl\u00e4tze<\/title>\n<meta name=\"description\" content=\"Entdecken Sie die g\u00fcnstigen Preise der Preisliste 2026 vom Camping Pineta, Campingplatz Meer Casal Borsetti, und fordern Sie sofort ein Angebot an!\" \/>\n<meta name=\"robots\" content=\"index, follow, max-snippet:-1, max-image-preview:large, max-video-preview:-1\" \/>\n<link rel=\"canonical\" href=\"https:\/\/www.campingpineta.ra.it\/de\/preisliste-unterkuenfte-stellplaetze\/\" \/>\n<meta property=\"og:locale\" content=\"de_DE\" \/>\n<meta property=\"og:type\" content=\"article\" \/>\n<meta property=\"og:title\" content=\"Campingplatz Meer Casal Borsetti | Preisliste Unterk\u00fcnfte Stellpl\u00e4tze\" \/>\n<meta property=\"og:description\" content=\"Entdecken Sie die g\u00fcnstigen Preise der Preisliste 2026 vom Camping Pineta, Campingplatz Meer Casal Borsetti, und fordern Sie sofort ein Angebot an!\" \/>\n<meta property=\"og:url\" content=\"https:\/\/www.campingpineta.ra.it\/de\/preisliste-unterkuenfte-stellplaetze\/\" \/>\n<meta property=\"og:site_name\" content=\"Camping Pineta\" \/>\n<meta property=\"article:publisher\" content=\"https:\/\/facebook.com\/tomasitourism\" \/>\n<meta property=\"article:modified_time\" content=\"2026-01-30T12:17:28+00:00\" \/>\n<meta name=\"twitter:card\" content=\"summary_large_image\" \/>\n<meta name=\"twitter:label1\" content=\"Gesch\u00e4tzte Lesezeit\" \/>\n\t<meta name=\"twitter:data1\" content=\"1 Minute\" \/>\n<script type=\"application\/ld+json\" class=\"yoast-schema-graph\">{\"@context\":\"https:\\\/\\\/schema.org\",\"@graph\":[{\"@type\":\"WebPage\",\"@id\":\"https:\\\/\\\/www.campingpineta.ra.it\\\/de\\\/preisliste-unterkuenfte-stellplaetze\\\/\",\"url\":\"https:\\\/\\\/www.campingpineta.ra.it\\\/de\\\/preisliste-unterkuenfte-stellplaetze\\\/\",\"name\":\"Campingplatz Meer Casal Borsetti | Preisliste Unterk\u00fcnfte Stellpl\u00e4tze\",\"isPartOf\":{\"@id\":\"https:\\\/\\\/www.campingpineta.ra.it\\\/de\\\/#website\"},\"datePublished\":\"2024-12-11T09:51:16+00:00\",\"dateModified\":\"2026-01-30T12:17:28+00:00\",\"description\":\"Entdecken Sie die g\u00fcnstigen Preise der Preisliste 2026 vom Camping Pineta, Campingplatz Meer Casal Borsetti, und fordern Sie sofort ein Angebot an!\",\"breadcrumb\":{\"@id\":\"https:\\\/\\\/www.campingpineta.ra.it\\\/de\\\/preisliste-unterkuenfte-stellplaetze\\\/#breadcrumb\"},\"inLanguage\":\"de-DE\",\"potentialAction\":[{\"@type\":\"ReadAction\",\"target\":[\"https:\\\/\\\/www.campingpineta.ra.it\\\/de\\\/preisliste-unterkuenfte-stellplaetze\\\/\"]}]},{\"@type\":\"BreadcrumbList\",\"@id\":\"https:\\\/\\\/www.campingpineta.ra.it\\\/de\\\/preisliste-unterkuenfte-stellplaetze\\\/#breadcrumb\",\"itemListElement\":[{\"@type\":\"ListItem\",\"position\":1,\"name\":\"Home\",\"item\":\"https:\\\/\\\/www.campingpineta.ra.it\\\/de\\\/\"},{\"@type\":\"ListItem\",\"position\":2,\"name\":\"Preisliste Unterk\u00fcnfte-Stellpl\u00e4tze\"}]},{\"@type\":\"WebSite\",\"@id\":\"https:\\\/\\\/www.campingpineta.ra.it\\\/de\\\/#website\",\"url\":\"https:\\\/\\\/www.campingpineta.ra.it\\\/de\\\/\",\"name\":\"Camping Reno\",\"description\":\"\",\"publisher\":{\"@id\":\"https:\\\/\\\/www.campingpineta.ra.it\\\/de\\\/#organization\"},\"potentialAction\":[{\"@type\":\"SearchAction\",\"target\":{\"@type\":\"EntryPoint\",\"urlTemplate\":\"https:\\\/\\\/www.campingpineta.ra.it\\\/de\\\/?s={search_term_string}\"},\"query-input\":{\"@type\":\"PropertyValueSpecification\",\"valueRequired\":true,\"valueName\":\"search_term_string\"}}],\"inLanguage\":\"de-DE\"},{\"@type\":\"Organization\",\"@id\":\"https:\\\/\\\/www.campingpineta.ra.it\\\/de\\\/#organization\",\"name\":\"Camping Reno\",\"url\":\"https:\\\/\\\/www.campingpineta.ra.it\\\/de\\\/\",\"logo\":{\"@type\":\"ImageObject\",\"inLanguage\":\"de-DE\",\"@id\":\"https:\\\/\\\/www.campingpineta.ra.it\\\/de\\\/#\\\/schema\\\/logo\\\/image\\\/\",\"url\":\"\",\"contentUrl\":\"\",\"caption\":\"Camping Reno\"},\"image\":{\"@id\":\"https:\\\/\\\/www.campingpineta.ra.it\\\/de\\\/#\\\/schema\\\/logo\\\/image\\\/\"},\"sameAs\":[\"https:\\\/\\\/facebook.com\\\/tomasitourism\",\"https:\\\/\\\/instagram.com\\\/camping_reno\"]}]}<\/script>\n<!-- \/ Yoast SEO plugin. -->","yoast_head_json":{"title":"Campingplatz Meer Casal Borsetti | Preisliste Unterk\u00fcnfte Stellpl\u00e4tze","description":"Entdecken Sie die g\u00fcnstigen Preise der Preisliste 2026 vom Camping Pineta, Campingplatz Meer Casal Borsetti, und fordern Sie sofort ein Angebot an!","robots":{"index":"index","follow":"follow","max-snippet":"max-snippet:-1","max-image-preview":"max-image-preview:large","max-video-preview":"max-video-preview:-1"},"canonical":"https:\/\/www.campingpineta.ra.it\/de\/preisliste-unterkuenfte-stellplaetze\/","og_locale":"de_DE","og_type":"article","og_title":"Campingplatz Meer Casal Borsetti | Preisliste Unterk\u00fcnfte Stellpl\u00e4tze","og_description":"Entdecken Sie die g\u00fcnstigen Preise der Preisliste 2026 vom Camping Pineta, Campingplatz Meer Casal Borsetti, und fordern Sie sofort ein Angebot an!","og_url":"https:\/\/www.campingpineta.ra.it\/de\/preisliste-unterkuenfte-stellplaetze\/","og_site_name":"Camping Pineta","article_publisher":"https:\/\/facebook.com\/tomasitourism","article_modified_time":"2026-01-30T12:17:28+00:00","twitter_card":"summary_large_image","twitter_misc":{"Gesch\u00e4tzte Lesezeit":"1 Minute"},"schema":{"@context":"https:\/\/schema.org","@graph":[{"@type":"WebPage","@id":"https:\/\/www.campingpineta.ra.it\/de\/preisliste-unterkuenfte-stellplaetze\/","url":"https:\/\/www.campingpineta.ra.it\/de\/preisliste-unterkuenfte-stellplaetze\/","name":"Campingplatz Meer Casal Borsetti | Preisliste Unterk\u00fcnfte Stellpl\u00e4tze","isPartOf":{"@id":"https:\/\/www.campingpineta.ra.it\/de\/#website"},"datePublished":"2024-12-11T09:51:16+00:00","dateModified":"2026-01-30T12:17:28+00:00","description":"Entdecken Sie die g\u00fcnstigen Preise der Preisliste 2026 vom Camping Pineta, Campingplatz Meer Casal Borsetti, und fordern Sie sofort ein Angebot an!","breadcrumb":{"@id":"https:\/\/www.campingpineta.ra.it\/de\/preisliste-unterkuenfte-stellplaetze\/#breadcrumb"},"inLanguage":"de-DE","potentialAction":[{"@type":"ReadAction","target":["https:\/\/www.campingpineta.ra.it\/de\/preisliste-unterkuenfte-stellplaetze\/"]}]},{"@type":"BreadcrumbList","@id":"https:\/\/www.campingpineta.ra.it\/de\/preisliste-unterkuenfte-stellplaetze\/#breadcrumb","itemListElement":[{"@type":"ListItem","position":1,"name":"Home","item":"https:\/\/www.campingpineta.ra.it\/de\/"},{"@type":"ListItem","position":2,"name":"Preisliste Unterk\u00fcnfte-Stellpl\u00e4tze"}]},{"@type":"WebSite","@id":"https:\/\/www.campingpineta.ra.it\/de\/#website","url":"https:\/\/www.campingpineta.ra.it\/de\/","name":"Camping Reno","description":"","publisher":{"@id":"https:\/\/www.campingpineta.ra.it\/de\/#organization"},"potentialAction":[{"@type":"SearchAction","target":{"@type":"EntryPoint","urlTemplate":"https:\/\/www.campingpineta.ra.it\/de\/?s={search_term_string}"},"query-input":{"@type":"PropertyValueSpecification","valueRequired":true,"valueName":"search_term_string"}}],"inLanguage":"de-DE"},{"@type":"Organization","@id":"https:\/\/www.campingpineta.ra.it\/de\/#organization","name":"Camping Reno","url":"https:\/\/www.campingpineta.ra.it\/de\/","logo":{"@type":"ImageObject","inLanguage":"de-DE","@id":"https:\/\/www.campingpineta.ra.it\/de\/#\/schema\/logo\/image\/","url":"","contentUrl":"","caption":"Camping Reno"},"image":{"@id":"https:\/\/www.campingpineta.ra.it\/de\/#\/schema\/logo\/image\/"},"sameAs":["https:\/\/facebook.com\/tomasitourism","https:\/\/instagram.com\/camping_reno"]}]}},"acf":[],"_links":{"self":[{"href":"https:\/\/www.campingpineta.ra.it\/de\/wp-json\/wp\/v2\/pages\/5111","targetHints":{"allow":["GET"]}}],"collection":[{"href":"https:\/\/www.campingpineta.ra.it\/de\/wp-json\/wp\/v2\/pages"}],"about":[{"href":"https:\/\/www.campingpineta.ra.it\/de\/wp-json\/wp\/v2\/types\/page"}],"author":[{"embeddable":true,"href":"https:\/\/www.campingpineta.ra.it\/de\/wp-json\/wp\/v2\/users\/13"}],"replies":[{"embeddable":true,"href":"https:\/\/www.campingpineta.ra.it\/de\/wp-json\/wp\/v2\/comments?post=5111"}],"version-history":[{"count":0,"href":"https:\/\/www.campingpineta.ra.it\/de\/wp-json\/wp\/v2\/pages\/5111\/revisions"}],"wp:attachment":[{"href":"https:\/\/www.campingpineta.ra.it\/de\/wp-json\/wp\/v2\/media?parent=5111"}],"curies":[{"name":"wp","href":"https:\/\/api.w.org\/{rel}","templated":true}]}}