   {"id":5131,"date":"2024-12-13T13:55:30","date_gmt":"2024-12-13T13:55:30","guid":{"rendered":"https:\/\/www.campingpineta.ra.it\/camping-angebote-emilia-romagna-meer\/offerte-bungalow-tende-glamping\/"},"modified":"2026-01-30T12:22:13","modified_gmt":"2026-01-30T12:22:13","slug":"angebote-fuer-bungalows-und-glamping-zelte","status":"publish","type":"page","link":"https:\/\/www.campingpineta.ra.it\/de\/camping-angebote-emilia-romagna-meer\/angebote-fuer-bungalows-und-glamping-zelte\/","title":{"rendered":"Sonderangebote f\u00fcr Unterk\u00fcnfte"},"content":{"rendered":"<p>Angebote <strong>Camping Ravenna am Meer<\/strong> | Bungalows | Glamping-Zelte f\u00fcr jeden Geschmack:<\/p>\n<ul>\n<li>Angebote f\u00fcr Monatsaufenthalte<\/li>\n<li><a href=\"https:\/\/www.campingpineta.ra.it\/de\/unterkunftsangebote\/camping-angebot-ravenna-fruehbucherrabatt\/\">Fr\u00fchbucher-Angebote mit bis zu 40% Rabatt<\/a><\/li>\n<li>Wochenend-Angebote ab 74 \u20ac pro Nacht!<\/li>\n<li>Oster-Angebote: 1, 2, 3 oder 4 N\u00e4chte ab 100 \u20ac<\/li>\n<li>Angebote zum Feiertag am 2. Juni (Tag der Republik)<\/li>\n<li><a href=\"https:\/\/www.campingpineta.ra.it\/de\/unterkunftsangebote\/aufenthalte-unter-der-woche\/\">Angebote f\u00fcr Aufenthalte unter der Woche (An- und Abreise werktags)<\/a><\/li>\n<\/ul>\n<p>&nbsp;<\/p>\n<p><a href=\"https:\/\/www.scidoo.com\/preventivov2\/?cod=1313&amp;dataarr=2026-9-18&amp;notti=7&amp;adult=2&amp;children=&amp;IDsotto_struttura=931&amp;lang=4&amp;structure_type=0&amp;promocode=\"><strong>VERF\u00dcGBARKEIT PR\u00dcFEN UND JETZT BUCHEN<\/strong><\/a><\/p>\n","protected":false},"excerpt":{"rendered":"<p>Angebote Camping Ravenna am Meer | Bungalows | Glamping-Zelte f\u00fcr jeden Geschmack: Angebote f\u00fcr Monatsaufenthalte Fr\u00fchbucher-Angebote mit bis zu 40% Rabatt Wochenend-Angebote ab 74 \u20ac pro Nacht! Oster-Angebote: 1, 2, 3 oder 4 N\u00e4chte ab 100 \u20ac Angebote zum Feiertag am 2. Juni (Tag der Republik) Angebote f\u00fcr Aufenthalte unter der Woche (An- und Abreise [&hellip;]<\/p>\n","protected":false},"author":13,"featured_media":0,"parent":5125,"menu_order":5,"comment_status":"closed","ping_status":"closed","template":"template-offers-bungalow-hub.php","meta":{"footnotes":""},"class_list":["post-5131","page","type-page","status-publish","hentry"],"yoast_head":"<!-- This site is optimized with the Yoast SEO plugin v27.3 - https:\/\/yoast.com\/product\/yoast-seo-wordpress\/ -->\n<title>Camping Ravenna am Meer | Angebote f\u00fcr Bungalows und Glamping-Zelte<\/title>\n<meta name=\"description\" content=\"Angebotsliste f\u00fcr Bungalows und Glamping-Zelte auf dem Camping Pineta, Ihr Camping Ravenna am Meer. Fordern Sie ein Angebot an!\" \/>\n<meta name=\"robots\" content=\"index, follow, max-snippet:-1, max-image-preview:large, max-video-preview:-1\" \/>\n<link rel=\"canonical\" href=\"https:\/\/www.campingpineta.ra.it\/de\/camping-angebote-emilia-romagna-meer\/angebote-fuer-bungalows-und-glamping-zelte\/\" \/>\n<meta property=\"og:locale\" content=\"de_DE\" \/>\n<meta property=\"og:type\" content=\"article\" \/>\n<meta property=\"og:title\" content=\"Camping Ravenna am Meer | Angebote f\u00fcr Bungalows und Glamping-Zelte\" \/>\n<meta property=\"og:description\" content=\"Angebotsliste f\u00fcr Bungalows und Glamping-Zelte auf dem Camping Pineta, Ihr Camping Ravenna am Meer. Fordern Sie ein Angebot an!\" \/>\n<meta property=\"og:url\" content=\"https:\/\/www.campingpineta.ra.it\/de\/camping-angebote-emilia-romagna-meer\/angebote-fuer-bungalows-und-glamping-zelte\/\" \/>\n<meta property=\"og:site_name\" content=\"Camping Pineta\" \/>\n<meta property=\"article:publisher\" content=\"https:\/\/facebook.com\/tomasitourism\" \/>\n<meta property=\"article:modified_time\" content=\"2026-01-30T12:22:13+00:00\" \/>\n<meta name=\"twitter:card\" content=\"summary_large_image\" \/>\n<meta name=\"twitter:label1\" content=\"Gesch\u00e4tzte Lesezeit\" \/>\n\t<meta name=\"twitter:data1\" content=\"1 Minute\" \/>\n<script type=\"application\/ld+json\" class=\"yoast-schema-graph\">{\"@context\":\"https:\\\/\\\/schema.org\",\"@graph\":[{\"@type\":\"WebPage\",\"@id\":\"https:\\\/\\\/www.campingpineta.ra.it\\\/de\\\/camping-angebote-emilia-romagna-meer\\\/angebote-fuer-bungalows-und-glamping-zelte\\\/\",\"url\":\"https:\\\/\\\/www.campingpineta.ra.it\\\/de\\\/camping-angebote-emilia-romagna-meer\\\/angebote-fuer-bungalows-und-glamping-zelte\\\/\",\"name\":\"Camping Ravenna am Meer | Angebote f\u00fcr Bungalows und Glamping-Zelte\",\"isPartOf\":{\"@id\":\"https:\\\/\\\/www.campingpineta.ra.it\\\/de\\\/#website\"},\"datePublished\":\"2024-12-13T13:55:30+00:00\",\"dateModified\":\"2026-01-30T12:22:13+00:00\",\"description\":\"Angebotsliste f\u00fcr Bungalows und Glamping-Zelte auf dem Camping Pineta, Ihr Camping Ravenna am Meer. Fordern Sie ein Angebot an!\",\"breadcrumb\":{\"@id\":\"https:\\\/\\\/www.campingpineta.ra.it\\\/de\\\/camping-angebote-emilia-romagna-meer\\\/angebote-fuer-bungalows-und-glamping-zelte\\\/#breadcrumb\"},\"inLanguage\":\"de-DE\",\"potentialAction\":[{\"@type\":\"ReadAction\",\"target\":[\"https:\\\/\\\/www.campingpineta.ra.it\\\/de\\\/camping-angebote-emilia-romagna-meer\\\/angebote-fuer-bungalows-und-glamping-zelte\\\/\"]}]},{\"@type\":\"BreadcrumbList\",\"@id\":\"https:\\\/\\\/www.campingpineta.ra.it\\\/de\\\/camping-angebote-emilia-romagna-meer\\\/angebote-fuer-bungalows-und-glamping-zelte\\\/#breadcrumb\",\"itemListElement\":[{\"@type\":\"ListItem\",\"position\":1,\"name\":\"Home\",\"item\":\"https:\\\/\\\/www.campingpineta.ra.it\\\/de\\\/\"},{\"@type\":\"ListItem\",\"position\":2,\"name\":\"Angebote\",\"item\":\"https:\\\/\\\/www.campingpineta.ra.it\\\/de\\\/camping-angebote-emilia-romagna-meer\\\/\"},{\"@type\":\"ListItem\",\"position\":3,\"name\":\"Sonderangebote f\u00fcr Unterk\u00fcnfte\"}]},{\"@type\":\"WebSite\",\"@id\":\"https:\\\/\\\/www.campingpineta.ra.it\\\/de\\\/#website\",\"url\":\"https:\\\/\\\/www.campingpineta.ra.it\\\/de\\\/\",\"name\":\"Camping Reno\",\"description\":\"\",\"publisher\":{\"@id\":\"https:\\\/\\\/www.campingpineta.ra.it\\\/de\\\/#organization\"},\"potentialAction\":[{\"@type\":\"SearchAction\",\"target\":{\"@type\":\"EntryPoint\",\"urlTemplate\":\"https:\\\/\\\/www.campingpineta.ra.it\\\/de\\\/?s={search_term_string}\"},\"query-input\":{\"@type\":\"PropertyValueSpecification\",\"valueRequired\":true,\"valueName\":\"search_term_string\"}}],\"inLanguage\":\"de-DE\"},{\"@type\":\"Organization\",\"@id\":\"https:\\\/\\\/www.campingpineta.ra.it\\\/de\\\/#organization\",\"name\":\"Camping Reno\",\"url\":\"https:\\\/\\\/www.campingpineta.ra.it\\\/de\\\/\",\"logo\":{\"@type\":\"ImageObject\",\"inLanguage\":\"de-DE\",\"@id\":\"https:\\\/\\\/www.campingpineta.ra.it\\\/de\\\/#\\\/schema\\\/logo\\\/image\\\/\",\"url\":\"\",\"contentUrl\":\"\",\"caption\":\"Camping Reno\"},\"image\":{\"@id\":\"https:\\\/\\\/www.campingpineta.ra.it\\\/de\\\/#\\\/schema\\\/logo\\\/image\\\/\"},\"sameAs\":[\"https:\\\/\\\/facebook.com\\\/tomasitourism\",\"https:\\\/\\\/instagram.com\\\/camping_reno\"]}]}<\/script>\n<!-- \/ Yoast SEO plugin. -->","yoast_head_json":{"title":"Camping Ravenna am Meer | Angebote f\u00fcr Bungalows und Glamping-Zelte","description":"Angebotsliste f\u00fcr Bungalows und Glamping-Zelte auf dem Camping Pineta, Ihr Camping Ravenna am Meer. Fordern Sie ein Angebot an!","robots":{"index":"index","follow":"follow","max-snippet":"max-snippet:-1","max-image-preview":"max-image-preview:large","max-video-preview":"max-video-preview:-1"},"canonical":"https:\/\/www.campingpineta.ra.it\/de\/camping-angebote-emilia-romagna-meer\/angebote-fuer-bungalows-und-glamping-zelte\/","og_locale":"de_DE","og_type":"article","og_title":"Camping Ravenna am Meer | Angebote f\u00fcr Bungalows und Glamping-Zelte","og_description":"Angebotsliste f\u00fcr Bungalows und Glamping-Zelte auf dem Camping Pineta, Ihr Camping Ravenna am Meer. Fordern Sie ein Angebot an!","og_url":"https:\/\/www.campingpineta.ra.it\/de\/camping-angebote-emilia-romagna-meer\/angebote-fuer-bungalows-und-glamping-zelte\/","og_site_name":"Camping Pineta","article_publisher":"https:\/\/facebook.com\/tomasitourism","article_modified_time":"2026-01-30T12:22:13+00:00","twitter_card":"summary_large_image","twitter_misc":{"Gesch\u00e4tzte Lesezeit":"1 Minute"},"schema":{"@context":"https:\/\/schema.org","@graph":[{"@type":"WebPage","@id":"https:\/\/www.campingpineta.ra.it\/de\/camping-angebote-emilia-romagna-meer\/angebote-fuer-bungalows-und-glamping-zelte\/","url":"https:\/\/www.campingpineta.ra.it\/de\/camping-angebote-emilia-romagna-meer\/angebote-fuer-bungalows-und-glamping-zelte\/","name":"Camping Ravenna am Meer | Angebote f\u00fcr Bungalows und Glamping-Zelte","isPartOf":{"@id":"https:\/\/www.campingpineta.ra.it\/de\/#website"},"datePublished":"2024-12-13T13:55:30+00:00","dateModified":"2026-01-30T12:22:13+00:00","description":"Angebotsliste f\u00fcr Bungalows und Glamping-Zelte auf dem Camping Pineta, Ihr Camping Ravenna am Meer. Fordern Sie ein Angebot an!","breadcrumb":{"@id":"https:\/\/www.campingpineta.ra.it\/de\/camping-angebote-emilia-romagna-meer\/angebote-fuer-bungalows-und-glamping-zelte\/#breadcrumb"},"inLanguage":"de-DE","potentialAction":[{"@type":"ReadAction","target":["https:\/\/www.campingpineta.ra.it\/de\/camping-angebote-emilia-romagna-meer\/angebote-fuer-bungalows-und-glamping-zelte\/"]}]},{"@type":"BreadcrumbList","@id":"https:\/\/www.campingpineta.ra.it\/de\/camping-angebote-emilia-romagna-meer\/angebote-fuer-bungalows-und-glamping-zelte\/#breadcrumb","itemListElement":[{"@type":"ListItem","position":1,"name":"Home","item":"https:\/\/www.campingpineta.ra.it\/de\/"},{"@type":"ListItem","position":2,"name":"Angebote","item":"https:\/\/www.campingpineta.ra.it\/de\/camping-angebote-emilia-romagna-meer\/"},{"@type":"ListItem","position":3,"name":"Sonderangebote f\u00fcr Unterk\u00fcnfte"}]},{"@type":"WebSite","@id":"https:\/\/www.campingpineta.ra.it\/de\/#website","url":"https:\/\/www.campingpineta.ra.it\/de\/","name":"Camping Reno","description":"","publisher":{"@id":"https:\/\/www.campingpineta.ra.it\/de\/#organization"},"potentialAction":[{"@type":"SearchAction","target":{"@type":"EntryPoint","urlTemplate":"https:\/\/www.campingpineta.ra.it\/de\/?s={search_term_string}"},"query-input":{"@type":"PropertyValueSpecification","valueRequired":true,"valueName":"search_term_string"}}],"inLanguage":"de-DE"},{"@type":"Organization","@id":"https:\/\/www.campingpineta.ra.it\/de\/#organization","name":"Camping Reno","url":"https:\/\/www.campingpineta.ra.it\/de\/","logo":{"@type":"ImageObject","inLanguage":"de-DE","@id":"https:\/\/www.campingpineta.ra.it\/de\/#\/schema\/logo\/image\/","url":"","contentUrl":"","caption":"Camping Reno"},"image":{"@id":"https:\/\/www.campingpineta.ra.it\/de\/#\/schema\/logo\/image\/"},"sameAs":["https:\/\/facebook.com\/tomasitourism","https:\/\/instagram.com\/camping_reno"]}]}},"acf":[],"_links":{"self":[{"href":"https:\/\/www.campingpineta.ra.it\/de\/wp-json\/wp\/v2\/pages\/5131","targetHints":{"allow":["GET"]}}],"collection":[{"href":"https:\/\/www.campingpineta.ra.it\/de\/wp-json\/wp\/v2\/pages"}],"about":[{"href":"https:\/\/www.campingpineta.ra.it\/de\/wp-json\/wp\/v2\/types\/page"}],"author":[{"embeddable":true,"href":"https:\/\/www.campingpineta.ra.it\/de\/wp-json\/wp\/v2\/users\/13"}],"replies":[{"embeddable":true,"href":"https:\/\/www.campingpineta.ra.it\/de\/wp-json\/wp\/v2\/comments?post=5131"}],"version-history":[{"count":0,"href":"https:\/\/www.campingpineta.ra.it\/de\/wp-json\/wp\/v2\/pages\/5131\/revisions"}],"up":[{"embeddable":true,"href":"https:\/\/www.campingpineta.ra.it\/de\/wp-json\/wp\/v2\/pages\/5125"}],"wp:attachment":[{"href":"https:\/\/www.campingpineta.ra.it\/de\/wp-json\/wp\/v2\/media?parent=5131"}],"curies":[{"name":"wp","href":"https:\/\/api.w.org\/{rel}","templated":true}]}}