   {"id":5136,"date":"2024-12-13T14:06:45","date_gmt":"2024-12-13T14:06:45","guid":{"rendered":"https:\/\/www.campingpineta.ra.it\/camping-angebote-emilia-romagna-meer\/camping-parco-del-delta-mare-offerte-piazzole\/"},"modified":"2026-01-30T12:23:28","modified_gmt":"2026-01-30T12:23:28","slug":"sonderangebote-fuer-stellplaetze","status":"publish","type":"page","link":"https:\/\/www.campingpineta.ra.it\/de\/camping-angebote-emilia-romagna-meer\/sonderangebote-fuer-stellplaetze\/","title":{"rendered":"Sonderangebote f\u00fcr Stellpl\u00e4tze"},"content":{"rendered":"<p><strong>Angebote Camping im Delta-Park am Meer,<\/strong> Stellpl\u00e4tze f\u00fcr jeden Geschmack:<\/p>\n<ul>\n<li>Angebote f\u00fcr Monatsaufenthalte<\/li>\n<li><a href=\"https:\/\/www.campingpineta.ra.it\/de\/stellplatzangebote\/campingplatz-emilia-romagna-meer-camper-stop-angebot\/\">Besonders g\u00fcnstige Camper-Stop-Angebote<\/a><\/li>\n<li>Angebote f\u00fcr Saison-Stellpl\u00e4tze<\/li>\n<\/ul>\n<p>&nbsp;<\/p>\n<p>&nbsp;<\/p>\n<p><a href=\"https:\/\/www.scidoo.com\/preventivov2\/?cod=1313&amp;dataarr=2026-9-17&amp;notti=7&amp;adult=2&amp;children=&amp;IDsotto_struttura=0&amp;lang=4&amp;structure_type=0&amp;promocode=\"><strong>JETZT IHREN STELLPLATZ BUCHEN<\/strong><\/a><\/p>\n","protected":false},"excerpt":{"rendered":"<p>Angebote Camping im Delta-Park am Meer, Stellpl\u00e4tze f\u00fcr jeden Geschmack: Angebote f\u00fcr Monatsaufenthalte Besonders g\u00fcnstige Camper-Stop-Angebote Angebote f\u00fcr Saison-Stellpl\u00e4tze &nbsp; &nbsp; JETZT IHREN STELLPLATZ BUCHEN<\/p>\n","protected":false},"author":13,"featured_media":0,"parent":5125,"menu_order":10,"comment_status":"closed","ping_status":"closed","template":"template-offers-piazzole-hub.php","meta":{"footnotes":""},"class_list":["post-5136","page","type-page","status-publish","hentry"],"yoast_head":"<!-- This site is optimized with the Yoast SEO plugin v27.3 - https:\/\/yoast.com\/product\/yoast-seo-wordpress\/ -->\n<title>Camping im Delta-Park am Meer | Sonderangebote f\u00fcr Stellpl\u00e4tze<\/title>\n<meta name=\"description\" content=\"Angebotsliste f\u00fcr Stellpl\u00e4tze auf dem Camping Pineta, Ihr Camping im Delta-Park am Meer. Fordern Sie ein Angebot an!\" \/>\n<meta name=\"robots\" content=\"index, follow, max-snippet:-1, max-image-preview:large, max-video-preview:-1\" \/>\n<link rel=\"canonical\" href=\"https:\/\/www.campingpineta.ra.it\/de\/camping-angebote-emilia-romagna-meer\/sonderangebote-fuer-stellplaetze\/\" \/>\n<meta property=\"og:locale\" content=\"de_DE\" \/>\n<meta property=\"og:type\" content=\"article\" \/>\n<meta property=\"og:title\" content=\"Camping im Delta-Park am Meer | Sonderangebote f\u00fcr Stellpl\u00e4tze\" \/>\n<meta property=\"og:description\" content=\"Angebotsliste f\u00fcr Stellpl\u00e4tze auf dem Camping Pineta, Ihr Camping im Delta-Park am Meer. Fordern Sie ein Angebot an!\" \/>\n<meta property=\"og:url\" content=\"https:\/\/www.campingpineta.ra.it\/de\/camping-angebote-emilia-romagna-meer\/sonderangebote-fuer-stellplaetze\/\" \/>\n<meta property=\"og:site_name\" content=\"Camping Pineta\" \/>\n<meta property=\"article:publisher\" content=\"https:\/\/facebook.com\/tomasitourism\" \/>\n<meta property=\"article:modified_time\" content=\"2026-01-30T12:23:28+00:00\" \/>\n<meta name=\"twitter:card\" content=\"summary_large_image\" \/>\n<meta name=\"twitter:label1\" content=\"Gesch\u00e4tzte Lesezeit\" \/>\n\t<meta name=\"twitter:data1\" content=\"1 Minute\" \/>\n<script type=\"application\/ld+json\" class=\"yoast-schema-graph\">{\"@context\":\"https:\\\/\\\/schema.org\",\"@graph\":[{\"@type\":\"WebPage\",\"@id\":\"https:\\\/\\\/www.campingpineta.ra.it\\\/de\\\/camping-angebote-emilia-romagna-meer\\\/sonderangebote-fuer-stellplaetze\\\/\",\"url\":\"https:\\\/\\\/www.campingpineta.ra.it\\\/de\\\/camping-angebote-emilia-romagna-meer\\\/sonderangebote-fuer-stellplaetze\\\/\",\"name\":\"Camping im Delta-Park am Meer | Sonderangebote f\u00fcr Stellpl\u00e4tze\",\"isPartOf\":{\"@id\":\"https:\\\/\\\/www.campingpineta.ra.it\\\/de\\\/#website\"},\"datePublished\":\"2024-12-13T14:06:45+00:00\",\"dateModified\":\"2026-01-30T12:23:28+00:00\",\"description\":\"Angebotsliste f\u00fcr Stellpl\u00e4tze auf dem Camping Pineta, Ihr Camping im Delta-Park am Meer. Fordern Sie ein Angebot an!\",\"breadcrumb\":{\"@id\":\"https:\\\/\\\/www.campingpineta.ra.it\\\/de\\\/camping-angebote-emilia-romagna-meer\\\/sonderangebote-fuer-stellplaetze\\\/#breadcrumb\"},\"inLanguage\":\"de-DE\",\"potentialAction\":[{\"@type\":\"ReadAction\",\"target\":[\"https:\\\/\\\/www.campingpineta.ra.it\\\/de\\\/camping-angebote-emilia-romagna-meer\\\/sonderangebote-fuer-stellplaetze\\\/\"]}]},{\"@type\":\"BreadcrumbList\",\"@id\":\"https:\\\/\\\/www.campingpineta.ra.it\\\/de\\\/camping-angebote-emilia-romagna-meer\\\/sonderangebote-fuer-stellplaetze\\\/#breadcrumb\",\"itemListElement\":[{\"@type\":\"ListItem\",\"position\":1,\"name\":\"Home\",\"item\":\"https:\\\/\\\/www.campingpineta.ra.it\\\/de\\\/\"},{\"@type\":\"ListItem\",\"position\":2,\"name\":\"Angebote\",\"item\":\"https:\\\/\\\/www.campingpineta.ra.it\\\/de\\\/camping-angebote-emilia-romagna-meer\\\/\"},{\"@type\":\"ListItem\",\"position\":3,\"name\":\"Sonderangebote f\u00fcr Stellpl\u00e4tze\"}]},{\"@type\":\"WebSite\",\"@id\":\"https:\\\/\\\/www.campingpineta.ra.it\\\/de\\\/#website\",\"url\":\"https:\\\/\\\/www.campingpineta.ra.it\\\/de\\\/\",\"name\":\"Camping Reno\",\"description\":\"\",\"publisher\":{\"@id\":\"https:\\\/\\\/www.campingpineta.ra.it\\\/de\\\/#organization\"},\"potentialAction\":[{\"@type\":\"SearchAction\",\"target\":{\"@type\":\"EntryPoint\",\"urlTemplate\":\"https:\\\/\\\/www.campingpineta.ra.it\\\/de\\\/?s={search_term_string}\"},\"query-input\":{\"@type\":\"PropertyValueSpecification\",\"valueRequired\":true,\"valueName\":\"search_term_string\"}}],\"inLanguage\":\"de-DE\"},{\"@type\":\"Organization\",\"@id\":\"https:\\\/\\\/www.campingpineta.ra.it\\\/de\\\/#organization\",\"name\":\"Camping Reno\",\"url\":\"https:\\\/\\\/www.campingpineta.ra.it\\\/de\\\/\",\"logo\":{\"@type\":\"ImageObject\",\"inLanguage\":\"de-DE\",\"@id\":\"https:\\\/\\\/www.campingpineta.ra.it\\\/de\\\/#\\\/schema\\\/logo\\\/image\\\/\",\"url\":\"\",\"contentUrl\":\"\",\"caption\":\"Camping Reno\"},\"image\":{\"@id\":\"https:\\\/\\\/www.campingpineta.ra.it\\\/de\\\/#\\\/schema\\\/logo\\\/image\\\/\"},\"sameAs\":[\"https:\\\/\\\/facebook.com\\\/tomasitourism\",\"https:\\\/\\\/instagram.com\\\/camping_reno\"]}]}<\/script>\n<!-- \/ Yoast SEO plugin. -->","yoast_head_json":{"title":"Camping im Delta-Park am Meer | Sonderangebote f\u00fcr Stellpl\u00e4tze","description":"Angebotsliste f\u00fcr Stellpl\u00e4tze auf dem Camping Pineta, Ihr Camping im Delta-Park am Meer. Fordern Sie ein Angebot an!","robots":{"index":"index","follow":"follow","max-snippet":"max-snippet:-1","max-image-preview":"max-image-preview:large","max-video-preview":"max-video-preview:-1"},"canonical":"https:\/\/www.campingpineta.ra.it\/de\/camping-angebote-emilia-romagna-meer\/sonderangebote-fuer-stellplaetze\/","og_locale":"de_DE","og_type":"article","og_title":"Camping im Delta-Park am Meer | Sonderangebote f\u00fcr Stellpl\u00e4tze","og_description":"Angebotsliste f\u00fcr Stellpl\u00e4tze auf dem Camping Pineta, Ihr Camping im Delta-Park am Meer. Fordern Sie ein Angebot an!","og_url":"https:\/\/www.campingpineta.ra.it\/de\/camping-angebote-emilia-romagna-meer\/sonderangebote-fuer-stellplaetze\/","og_site_name":"Camping Pineta","article_publisher":"https:\/\/facebook.com\/tomasitourism","article_modified_time":"2026-01-30T12:23:28+00:00","twitter_card":"summary_large_image","twitter_misc":{"Gesch\u00e4tzte Lesezeit":"1 Minute"},"schema":{"@context":"https:\/\/schema.org","@graph":[{"@type":"WebPage","@id":"https:\/\/www.campingpineta.ra.it\/de\/camping-angebote-emilia-romagna-meer\/sonderangebote-fuer-stellplaetze\/","url":"https:\/\/www.campingpineta.ra.it\/de\/camping-angebote-emilia-romagna-meer\/sonderangebote-fuer-stellplaetze\/","name":"Camping im Delta-Park am Meer | Sonderangebote f\u00fcr Stellpl\u00e4tze","isPartOf":{"@id":"https:\/\/www.campingpineta.ra.it\/de\/#website"},"datePublished":"2024-12-13T14:06:45+00:00","dateModified":"2026-01-30T12:23:28+00:00","description":"Angebotsliste f\u00fcr Stellpl\u00e4tze auf dem Camping Pineta, Ihr Camping im Delta-Park am Meer. Fordern Sie ein Angebot an!","breadcrumb":{"@id":"https:\/\/www.campingpineta.ra.it\/de\/camping-angebote-emilia-romagna-meer\/sonderangebote-fuer-stellplaetze\/#breadcrumb"},"inLanguage":"de-DE","potentialAction":[{"@type":"ReadAction","target":["https:\/\/www.campingpineta.ra.it\/de\/camping-angebote-emilia-romagna-meer\/sonderangebote-fuer-stellplaetze\/"]}]},{"@type":"BreadcrumbList","@id":"https:\/\/www.campingpineta.ra.it\/de\/camping-angebote-emilia-romagna-meer\/sonderangebote-fuer-stellplaetze\/#breadcrumb","itemListElement":[{"@type":"ListItem","position":1,"name":"Home","item":"https:\/\/www.campingpineta.ra.it\/de\/"},{"@type":"ListItem","position":2,"name":"Angebote","item":"https:\/\/www.campingpineta.ra.it\/de\/camping-angebote-emilia-romagna-meer\/"},{"@type":"ListItem","position":3,"name":"Sonderangebote f\u00fcr Stellpl\u00e4tze"}]},{"@type":"WebSite","@id":"https:\/\/www.campingpineta.ra.it\/de\/#website","url":"https:\/\/www.campingpineta.ra.it\/de\/","name":"Camping Reno","description":"","publisher":{"@id":"https:\/\/www.campingpineta.ra.it\/de\/#organization"},"potentialAction":[{"@type":"SearchAction","target":{"@type":"EntryPoint","urlTemplate":"https:\/\/www.campingpineta.ra.it\/de\/?s={search_term_string}"},"query-input":{"@type":"PropertyValueSpecification","valueRequired":true,"valueName":"search_term_string"}}],"inLanguage":"de-DE"},{"@type":"Organization","@id":"https:\/\/www.campingpineta.ra.it\/de\/#organization","name":"Camping Reno","url":"https:\/\/www.campingpineta.ra.it\/de\/","logo":{"@type":"ImageObject","inLanguage":"de-DE","@id":"https:\/\/www.campingpineta.ra.it\/de\/#\/schema\/logo\/image\/","url":"","contentUrl":"","caption":"Camping Reno"},"image":{"@id":"https:\/\/www.campingpineta.ra.it\/de\/#\/schema\/logo\/image\/"},"sameAs":["https:\/\/facebook.com\/tomasitourism","https:\/\/instagram.com\/camping_reno"]}]}},"acf":[],"_links":{"self":[{"href":"https:\/\/www.campingpineta.ra.it\/de\/wp-json\/wp\/v2\/pages\/5136","targetHints":{"allow":["GET"]}}],"collection":[{"href":"https:\/\/www.campingpineta.ra.it\/de\/wp-json\/wp\/v2\/pages"}],"about":[{"href":"https:\/\/www.campingpineta.ra.it\/de\/wp-json\/wp\/v2\/types\/page"}],"author":[{"embeddable":true,"href":"https:\/\/www.campingpineta.ra.it\/de\/wp-json\/wp\/v2\/users\/13"}],"replies":[{"embeddable":true,"href":"https:\/\/www.campingpineta.ra.it\/de\/wp-json\/wp\/v2\/comments?post=5136"}],"version-history":[{"count":0,"href":"https:\/\/www.campingpineta.ra.it\/de\/wp-json\/wp\/v2\/pages\/5136\/revisions"}],"up":[{"embeddable":true,"href":"https:\/\/www.campingpineta.ra.it\/de\/wp-json\/wp\/v2\/pages\/5125"}],"wp:attachment":[{"href":"https:\/\/www.campingpineta.ra.it\/de\/wp-json\/wp\/v2\/media?parent=5136"}],"curies":[{"name":"wp","href":"https:\/\/api.w.org\/{rel}","templated":true}]}}