   {"id":5141,"date":"2024-12-11T09:46:38","date_gmt":"2024-12-11T09:46:38","guid":{"rendered":"https:\/\/www.campingpineta.ra.it\/camping-sul-mare-emilia-romagna-elenco-servizi\/"},"modified":"2026-01-30T12:25:20","modified_gmt":"2026-01-30T12:25:20","slug":"camping-am-meer-emilia-romagna-dienstleistungen","status":"publish","type":"page","link":"https:\/\/www.campingpineta.ra.it\/de\/camping-am-meer-emilia-romagna-dienstleistungen\/","title":{"rendered":"Dienstleistungen"},"content":{"rendered":"<p>Ein <strong>Bazar<\/strong>, ein <a href=\"https:\/\/www.campingpineta.ra.it\/de\/camping-am-meer-emilia-romagna-dienstleistungen\/kleiner-markt\/\"><strong>kleiner Supermarkt<\/strong><\/a>, <strong>Bar und Fr\u00fchst\u00fcck<\/strong>, Waschsalon, der <a href=\"https:\/\/www.campingpineta.ra.it\/de\/camping-am-meer-emilia-romagna-dienstleistungen\/strand-mit-feinem-sand\/\"><strong>Strand in nur 20 Metern Entfernung<\/strong><\/a>, <a href=\"https:\/\/www.campingpineta.ra.it\/de\/camping-am-meer-emilia-romagna-dienstleistungen\/kleinem-pool\/\"><strong>Schwimmbad<\/strong>,<\/a> Take-away-Service, WLAN, Grillbereich.<\/p>\n<p>&nbsp;<\/p>\n<p><a href=\"https:\/\/www.scidoo.com\/preventivov2\/?cod=1313&amp;dataarr=2026-9-16&amp;notti=7&amp;adult=2&amp;children=&amp;IDsotto_struttura=931&amp;lang=4&amp;structure_type=0&amp;promocode=\"><strong>VERF\u00dcGBARKEIT PR\u00dcFEN UND JETZT BUCHEN \u2013 BIS ZU 40% RABATT<\/strong><\/a><\/p>\n","protected":false},"excerpt":{"rendered":"<p>Ein Bazar, ein kleiner Supermarkt, Bar und Fr\u00fchst\u00fcck, Waschsalon, der Strand in nur 20 Metern Entfernung, Schwimmbad, Take-away-Service, WLAN, Grillbereich. &nbsp; VERF\u00dcGBARKEIT PR\u00dcFEN UND JETZT BUCHEN \u2013 BIS ZU 40% RABATT<\/p>\n","protected":false},"author":13,"featured_media":0,"parent":0,"menu_order":50,"comment_status":"closed","ping_status":"closed","template":"template-services.php","meta":{"footnotes":""},"class_list":["post-5141","page","type-page","status-publish","hentry"],"yoast_head":"<!-- This site is optimized with the Yoast SEO plugin v27.3 - https:\/\/yoast.com\/product\/yoast-seo-wordpress\/ -->\n<title>Camping am Meer Emilia-Romagna | Dienstleistungen<\/title>\n<meta name=\"description\" content=\"Liste der verf\u00fcgbaren Dienstleistungen auf dem Camping Pineta, Camping am Meer Emilia-Romagna. Fordern Sie jetzt Ihr Angebot an!\" \/>\n<meta name=\"robots\" content=\"index, follow, max-snippet:-1, max-image-preview:large, max-video-preview:-1\" \/>\n<link rel=\"canonical\" href=\"https:\/\/www.campingpineta.ra.it\/de\/camping-am-meer-emilia-romagna-dienstleistungen\/\" \/>\n<meta property=\"og:locale\" content=\"de_DE\" \/>\n<meta property=\"og:type\" content=\"article\" \/>\n<meta property=\"og:title\" content=\"Camping am Meer Emilia-Romagna | Dienstleistungen\" \/>\n<meta property=\"og:description\" content=\"Liste der verf\u00fcgbaren Dienstleistungen auf dem Camping Pineta, Camping am Meer Emilia-Romagna. Fordern Sie jetzt Ihr Angebot an!\" \/>\n<meta property=\"og:url\" content=\"https:\/\/www.campingpineta.ra.it\/de\/camping-am-meer-emilia-romagna-dienstleistungen\/\" \/>\n<meta property=\"og:site_name\" content=\"Camping Pineta\" \/>\n<meta property=\"article:publisher\" content=\"https:\/\/facebook.com\/tomasitourism\" \/>\n<meta property=\"article:modified_time\" content=\"2026-01-30T12:25:20+00:00\" \/>\n<meta name=\"twitter:card\" content=\"summary_large_image\" \/>\n<meta name=\"twitter:label1\" content=\"Gesch\u00e4tzte Lesezeit\" \/>\n\t<meta name=\"twitter:data1\" content=\"1 Minute\" \/>\n<script type=\"application\/ld+json\" class=\"yoast-schema-graph\">{\"@context\":\"https:\\\/\\\/schema.org\",\"@graph\":[{\"@type\":\"WebPage\",\"@id\":\"https:\\\/\\\/www.campingpineta.ra.it\\\/de\\\/camping-am-meer-emilia-romagna-dienstleistungen\\\/\",\"url\":\"https:\\\/\\\/www.campingpineta.ra.it\\\/de\\\/camping-am-meer-emilia-romagna-dienstleistungen\\\/\",\"name\":\"Camping am Meer Emilia-Romagna | Dienstleistungen\",\"isPartOf\":{\"@id\":\"https:\\\/\\\/www.campingpineta.ra.it\\\/de\\\/#website\"},\"datePublished\":\"2024-12-11T09:46:38+00:00\",\"dateModified\":\"2026-01-30T12:25:20+00:00\",\"description\":\"Liste der verf\u00fcgbaren Dienstleistungen auf dem Camping Pineta, Camping am Meer Emilia-Romagna. Fordern Sie jetzt Ihr Angebot an!\",\"breadcrumb\":{\"@id\":\"https:\\\/\\\/www.campingpineta.ra.it\\\/de\\\/camping-am-meer-emilia-romagna-dienstleistungen\\\/#breadcrumb\"},\"inLanguage\":\"de-DE\",\"potentialAction\":[{\"@type\":\"ReadAction\",\"target\":[\"https:\\\/\\\/www.campingpineta.ra.it\\\/de\\\/camping-am-meer-emilia-romagna-dienstleistungen\\\/\"]}]},{\"@type\":\"BreadcrumbList\",\"@id\":\"https:\\\/\\\/www.campingpineta.ra.it\\\/de\\\/camping-am-meer-emilia-romagna-dienstleistungen\\\/#breadcrumb\",\"itemListElement\":[{\"@type\":\"ListItem\",\"position\":1,\"name\":\"Home\",\"item\":\"https:\\\/\\\/www.campingpineta.ra.it\\\/de\\\/\"},{\"@type\":\"ListItem\",\"position\":2,\"name\":\"Dienstleistungen\"}]},{\"@type\":\"WebSite\",\"@id\":\"https:\\\/\\\/www.campingpineta.ra.it\\\/de\\\/#website\",\"url\":\"https:\\\/\\\/www.campingpineta.ra.it\\\/de\\\/\",\"name\":\"Camping Reno\",\"description\":\"\",\"publisher\":{\"@id\":\"https:\\\/\\\/www.campingpineta.ra.it\\\/de\\\/#organization\"},\"potentialAction\":[{\"@type\":\"SearchAction\",\"target\":{\"@type\":\"EntryPoint\",\"urlTemplate\":\"https:\\\/\\\/www.campingpineta.ra.it\\\/de\\\/?s={search_term_string}\"},\"query-input\":{\"@type\":\"PropertyValueSpecification\",\"valueRequired\":true,\"valueName\":\"search_term_string\"}}],\"inLanguage\":\"de-DE\"},{\"@type\":\"Organization\",\"@id\":\"https:\\\/\\\/www.campingpineta.ra.it\\\/de\\\/#organization\",\"name\":\"Camping Reno\",\"url\":\"https:\\\/\\\/www.campingpineta.ra.it\\\/de\\\/\",\"logo\":{\"@type\":\"ImageObject\",\"inLanguage\":\"de-DE\",\"@id\":\"https:\\\/\\\/www.campingpineta.ra.it\\\/de\\\/#\\\/schema\\\/logo\\\/image\\\/\",\"url\":\"\",\"contentUrl\":\"\",\"caption\":\"Camping Reno\"},\"image\":{\"@id\":\"https:\\\/\\\/www.campingpineta.ra.it\\\/de\\\/#\\\/schema\\\/logo\\\/image\\\/\"},\"sameAs\":[\"https:\\\/\\\/facebook.com\\\/tomasitourism\",\"https:\\\/\\\/instagram.com\\\/camping_reno\"]}]}<\/script>\n<!-- \/ Yoast SEO plugin. -->","yoast_head_json":{"title":"Camping am Meer Emilia-Romagna | Dienstleistungen","description":"Liste der verf\u00fcgbaren Dienstleistungen auf dem Camping Pineta, Camping am Meer Emilia-Romagna. Fordern Sie jetzt Ihr Angebot an!","robots":{"index":"index","follow":"follow","max-snippet":"max-snippet:-1","max-image-preview":"max-image-preview:large","max-video-preview":"max-video-preview:-1"},"canonical":"https:\/\/www.campingpineta.ra.it\/de\/camping-am-meer-emilia-romagna-dienstleistungen\/","og_locale":"de_DE","og_type":"article","og_title":"Camping am Meer Emilia-Romagna | Dienstleistungen","og_description":"Liste der verf\u00fcgbaren Dienstleistungen auf dem Camping Pineta, Camping am Meer Emilia-Romagna. Fordern Sie jetzt Ihr Angebot an!","og_url":"https:\/\/www.campingpineta.ra.it\/de\/camping-am-meer-emilia-romagna-dienstleistungen\/","og_site_name":"Camping Pineta","article_publisher":"https:\/\/facebook.com\/tomasitourism","article_modified_time":"2026-01-30T12:25:20+00:00","twitter_card":"summary_large_image","twitter_misc":{"Gesch\u00e4tzte Lesezeit":"1 Minute"},"schema":{"@context":"https:\/\/schema.org","@graph":[{"@type":"WebPage","@id":"https:\/\/www.campingpineta.ra.it\/de\/camping-am-meer-emilia-romagna-dienstleistungen\/","url":"https:\/\/www.campingpineta.ra.it\/de\/camping-am-meer-emilia-romagna-dienstleistungen\/","name":"Camping am Meer Emilia-Romagna | Dienstleistungen","isPartOf":{"@id":"https:\/\/www.campingpineta.ra.it\/de\/#website"},"datePublished":"2024-12-11T09:46:38+00:00","dateModified":"2026-01-30T12:25:20+00:00","description":"Liste der verf\u00fcgbaren Dienstleistungen auf dem Camping Pineta, Camping am Meer Emilia-Romagna. Fordern Sie jetzt Ihr Angebot an!","breadcrumb":{"@id":"https:\/\/www.campingpineta.ra.it\/de\/camping-am-meer-emilia-romagna-dienstleistungen\/#breadcrumb"},"inLanguage":"de-DE","potentialAction":[{"@type":"ReadAction","target":["https:\/\/www.campingpineta.ra.it\/de\/camping-am-meer-emilia-romagna-dienstleistungen\/"]}]},{"@type":"BreadcrumbList","@id":"https:\/\/www.campingpineta.ra.it\/de\/camping-am-meer-emilia-romagna-dienstleistungen\/#breadcrumb","itemListElement":[{"@type":"ListItem","position":1,"name":"Home","item":"https:\/\/www.campingpineta.ra.it\/de\/"},{"@type":"ListItem","position":2,"name":"Dienstleistungen"}]},{"@type":"WebSite","@id":"https:\/\/www.campingpineta.ra.it\/de\/#website","url":"https:\/\/www.campingpineta.ra.it\/de\/","name":"Camping Reno","description":"","publisher":{"@id":"https:\/\/www.campingpineta.ra.it\/de\/#organization"},"potentialAction":[{"@type":"SearchAction","target":{"@type":"EntryPoint","urlTemplate":"https:\/\/www.campingpineta.ra.it\/de\/?s={search_term_string}"},"query-input":{"@type":"PropertyValueSpecification","valueRequired":true,"valueName":"search_term_string"}}],"inLanguage":"de-DE"},{"@type":"Organization","@id":"https:\/\/www.campingpineta.ra.it\/de\/#organization","name":"Camping Reno","url":"https:\/\/www.campingpineta.ra.it\/de\/","logo":{"@type":"ImageObject","inLanguage":"de-DE","@id":"https:\/\/www.campingpineta.ra.it\/de\/#\/schema\/logo\/image\/","url":"","contentUrl":"","caption":"Camping Reno"},"image":{"@id":"https:\/\/www.campingpineta.ra.it\/de\/#\/schema\/logo\/image\/"},"sameAs":["https:\/\/facebook.com\/tomasitourism","https:\/\/instagram.com\/camping_reno"]}]}},"acf":[],"_links":{"self":[{"href":"https:\/\/www.campingpineta.ra.it\/de\/wp-json\/wp\/v2\/pages\/5141","targetHints":{"allow":["GET"]}}],"collection":[{"href":"https:\/\/www.campingpineta.ra.it\/de\/wp-json\/wp\/v2\/pages"}],"about":[{"href":"https:\/\/www.campingpineta.ra.it\/de\/wp-json\/wp\/v2\/types\/page"}],"author":[{"embeddable":true,"href":"https:\/\/www.campingpineta.ra.it\/de\/wp-json\/wp\/v2\/users\/13"}],"replies":[{"embeddable":true,"href":"https:\/\/www.campingpineta.ra.it\/de\/wp-json\/wp\/v2\/comments?post=5141"}],"version-history":[{"count":0,"href":"https:\/\/www.campingpineta.ra.it\/de\/wp-json\/wp\/v2\/pages\/5141\/revisions"}],"wp:attachment":[{"href":"https:\/\/www.campingpineta.ra.it\/de\/wp-json\/wp\/v2\/media?parent=5141"}],"curies":[{"name":"wp","href":"https:\/\/api.w.org\/{rel}","templated":true}]}}