   {"id":5147,"date":"2024-12-13T10:45:53","date_gmt":"2024-12-13T10:45:53","guid":{"rendered":"https:\/\/www.campingpineta.ra.it\/camping-am-meer-emilia-romagna-dienstleistungen\/camping-dog-friendly-ravenna\/"},"modified":"2026-01-30T12:26:19","modified_gmt":"2026-01-30T12:26:19","slug":"hundefreundliches-camping-ravenna","status":"publish","type":"page","link":"https:\/\/www.campingpineta.ra.it\/de\/camping-am-meer-emilia-romagna-dienstleistungen\/hundefreundliches-camping-ravenna\/","title":{"rendered":"Hundefreundliches"},"content":{"rendered":"<h3><strong>Hundefreundliches Camping Ravenna<\/strong> | Camping Casal Borsetti<\/h3>\n<p>&nbsp;<\/p>\n<ul>\n<li><strong>Haustiere willkommen:<\/strong> Hunde haben freien Zugang zum gesamten Campingplatz und k\u00f6nnen gemeinsam mit ihren Besitzern auf den Stellpl\u00e4tzen, in den Bungalows, in der Bar und in allen f\u00fcr sie reservierten Bereichen \u00fcbernachten.<\/li>\n<li><strong>Spezielle Services:<\/strong> Wir bieten ausgestattete Bereiche, in denen Hunde frei laufen und spielen k\u00f6nnen, sowie eine Hundedusche. Hunde sind zudem an einem speziellen Strandabschnitt erlaubt, der nur 400 Meter vom Haupteingang des Campingplatzes entfernt liegt.<\/li>\n<\/ul>\n<p>&nbsp;<\/p>\n<p>Camping Pineta ist Ihr <strong>Hundefreundliches Camping Ravenna<\/strong> \u2013 ein Ort, an dem sich unsere G\u00e4ste ohne Sorgen entspannen k\u00f6nnen, in dem Wissen, dass ihr Hund willkommen ist und bestens versorgt wird.<\/p>\n<p>&nbsp;<\/p>\n<p>&nbsp;<\/p>\n<p><a href=\"https:\/\/www.scidoo.com\/preventivov2\/?cod=1313&amp;dataarr=2026-9-16&amp;notti=7&amp;adult=2&amp;children=&amp;IDsotto_struttura=931&amp;lang=4&amp;structure_type=0&amp;promocode=\"><strong>BUCHEN SIE JETZT ONLINE IHRE UNTERKUNFT ODER IHREN STELLPLATZ IM CAMPING PINETA<\/strong><\/a><\/p>\n","protected":false},"excerpt":{"rendered":"<p>Hundefreundliches Camping Ravenna | Camping Casal Borsetti &nbsp; Haustiere willkommen: Hunde haben freien Zugang zum gesamten Campingplatz und k\u00f6nnen gemeinsam mit ihren Besitzern auf den Stellpl\u00e4tzen, in den Bungalows, in der Bar und in allen f\u00fcr sie reservierten Bereichen \u00fcbernachten. Spezielle Services: Wir bieten ausgestattete Bereiche, in denen Hunde frei laufen und spielen k\u00f6nnen, sowie [&hellip;]<\/p>\n","protected":false},"author":13,"featured_media":0,"parent":5141,"menu_order":1,"comment_status":"closed","ping_status":"closed","template":"template-service-single.php","meta":{"footnotes":""},"class_list":["post-5147","page","type-page","status-publish","hentry"],"yoast_head":"<!-- This site is optimized with the Yoast SEO plugin v27.3 - https:\/\/yoast.com\/product\/yoast-seo-wordpress\/ -->\n<title>Hundefreundliches Camping Ravenna | Camping Casal Borsetti<\/title>\n<meta name=\"description\" content=\"Vierbeiner sind bei uns \u00fcberall willkommen, sogar am Strand! Im Camping Pineta, hundefreundlichen Camping Ravenna!\" \/>\n<meta name=\"robots\" content=\"index, follow, max-snippet:-1, max-image-preview:large, max-video-preview:-1\" \/>\n<link rel=\"canonical\" href=\"https:\/\/www.campingpineta.ra.it\/de\/camping-am-meer-emilia-romagna-dienstleistungen\/hundefreundliches-camping-ravenna\/\" \/>\n<meta property=\"og:locale\" content=\"de_DE\" \/>\n<meta property=\"og:type\" content=\"article\" \/>\n<meta property=\"og:title\" content=\"Hundefreundliches Camping Ravenna | Camping Casal Borsetti\" \/>\n<meta property=\"og:description\" content=\"Vierbeiner sind bei uns \u00fcberall willkommen, sogar am Strand! Im Camping Pineta, hundefreundlichen Camping Ravenna!\" \/>\n<meta property=\"og:url\" content=\"https:\/\/www.campingpineta.ra.it\/de\/camping-am-meer-emilia-romagna-dienstleistungen\/hundefreundliches-camping-ravenna\/\" \/>\n<meta property=\"og:site_name\" content=\"Camping Pineta\" \/>\n<meta property=\"article:publisher\" content=\"https:\/\/facebook.com\/tomasitourism\" \/>\n<meta property=\"article:modified_time\" content=\"2026-01-30T12:26:19+00:00\" \/>\n<meta name=\"twitter:card\" content=\"summary_large_image\" \/>\n<meta name=\"twitter:label1\" content=\"Gesch\u00e4tzte Lesezeit\" \/>\n\t<meta name=\"twitter:data1\" content=\"1 Minute\" \/>\n<script type=\"application\/ld+json\" class=\"yoast-schema-graph\">{\"@context\":\"https:\\\/\\\/schema.org\",\"@graph\":[{\"@type\":\"WebPage\",\"@id\":\"https:\\\/\\\/www.campingpineta.ra.it\\\/de\\\/camping-am-meer-emilia-romagna-dienstleistungen\\\/hundefreundliches-camping-ravenna\\\/\",\"url\":\"https:\\\/\\\/www.campingpineta.ra.it\\\/de\\\/camping-am-meer-emilia-romagna-dienstleistungen\\\/hundefreundliches-camping-ravenna\\\/\",\"name\":\"Hundefreundliches Camping Ravenna | Camping Casal Borsetti\",\"isPartOf\":{\"@id\":\"https:\\\/\\\/www.campingpineta.ra.it\\\/de\\\/#website\"},\"datePublished\":\"2024-12-13T10:45:53+00:00\",\"dateModified\":\"2026-01-30T12:26:19+00:00\",\"description\":\"Vierbeiner sind bei uns \u00fcberall willkommen, sogar am Strand! Im Camping Pineta, hundefreundlichen Camping Ravenna!\",\"breadcrumb\":{\"@id\":\"https:\\\/\\\/www.campingpineta.ra.it\\\/de\\\/camping-am-meer-emilia-romagna-dienstleistungen\\\/hundefreundliches-camping-ravenna\\\/#breadcrumb\"},\"inLanguage\":\"de-DE\",\"potentialAction\":[{\"@type\":\"ReadAction\",\"target\":[\"https:\\\/\\\/www.campingpineta.ra.it\\\/de\\\/camping-am-meer-emilia-romagna-dienstleistungen\\\/hundefreundliches-camping-ravenna\\\/\"]}]},{\"@type\":\"BreadcrumbList\",\"@id\":\"https:\\\/\\\/www.campingpineta.ra.it\\\/de\\\/camping-am-meer-emilia-romagna-dienstleistungen\\\/hundefreundliches-camping-ravenna\\\/#breadcrumb\",\"itemListElement\":[{\"@type\":\"ListItem\",\"position\":1,\"name\":\"Home\",\"item\":\"https:\\\/\\\/www.campingpineta.ra.it\\\/de\\\/\"},{\"@type\":\"ListItem\",\"position\":2,\"name\":\"Dienstleistungen\",\"item\":\"https:\\\/\\\/www.campingpineta.ra.it\\\/de\\\/camping-am-meer-emilia-romagna-dienstleistungen\\\/\"},{\"@type\":\"ListItem\",\"position\":3,\"name\":\"Hundefreundliches\"}]},{\"@type\":\"WebSite\",\"@id\":\"https:\\\/\\\/www.campingpineta.ra.it\\\/de\\\/#website\",\"url\":\"https:\\\/\\\/www.campingpineta.ra.it\\\/de\\\/\",\"name\":\"Camping Reno\",\"description\":\"\",\"publisher\":{\"@id\":\"https:\\\/\\\/www.campingpineta.ra.it\\\/de\\\/#organization\"},\"potentialAction\":[{\"@type\":\"SearchAction\",\"target\":{\"@type\":\"EntryPoint\",\"urlTemplate\":\"https:\\\/\\\/www.campingpineta.ra.it\\\/de\\\/?s={search_term_string}\"},\"query-input\":{\"@type\":\"PropertyValueSpecification\",\"valueRequired\":true,\"valueName\":\"search_term_string\"}}],\"inLanguage\":\"de-DE\"},{\"@type\":\"Organization\",\"@id\":\"https:\\\/\\\/www.campingpineta.ra.it\\\/de\\\/#organization\",\"name\":\"Camping Reno\",\"url\":\"https:\\\/\\\/www.campingpineta.ra.it\\\/de\\\/\",\"logo\":{\"@type\":\"ImageObject\",\"inLanguage\":\"de-DE\",\"@id\":\"https:\\\/\\\/www.campingpineta.ra.it\\\/de\\\/#\\\/schema\\\/logo\\\/image\\\/\",\"url\":\"\",\"contentUrl\":\"\",\"caption\":\"Camping Reno\"},\"image\":{\"@id\":\"https:\\\/\\\/www.campingpineta.ra.it\\\/de\\\/#\\\/schema\\\/logo\\\/image\\\/\"},\"sameAs\":[\"https:\\\/\\\/facebook.com\\\/tomasitourism\",\"https:\\\/\\\/instagram.com\\\/camping_reno\"]}]}<\/script>\n<!-- \/ Yoast SEO plugin. -->","yoast_head_json":{"title":"Hundefreundliches Camping Ravenna | Camping Casal Borsetti","description":"Vierbeiner sind bei uns \u00fcberall willkommen, sogar am Strand! Im Camping Pineta, hundefreundlichen Camping Ravenna!","robots":{"index":"index","follow":"follow","max-snippet":"max-snippet:-1","max-image-preview":"max-image-preview:large","max-video-preview":"max-video-preview:-1"},"canonical":"https:\/\/www.campingpineta.ra.it\/de\/camping-am-meer-emilia-romagna-dienstleistungen\/hundefreundliches-camping-ravenna\/","og_locale":"de_DE","og_type":"article","og_title":"Hundefreundliches Camping Ravenna | Camping Casal Borsetti","og_description":"Vierbeiner sind bei uns \u00fcberall willkommen, sogar am Strand! Im Camping Pineta, hundefreundlichen Camping Ravenna!","og_url":"https:\/\/www.campingpineta.ra.it\/de\/camping-am-meer-emilia-romagna-dienstleistungen\/hundefreundliches-camping-ravenna\/","og_site_name":"Camping Pineta","article_publisher":"https:\/\/facebook.com\/tomasitourism","article_modified_time":"2026-01-30T12:26:19+00:00","twitter_card":"summary_large_image","twitter_misc":{"Gesch\u00e4tzte Lesezeit":"1 Minute"},"schema":{"@context":"https:\/\/schema.org","@graph":[{"@type":"WebPage","@id":"https:\/\/www.campingpineta.ra.it\/de\/camping-am-meer-emilia-romagna-dienstleistungen\/hundefreundliches-camping-ravenna\/","url":"https:\/\/www.campingpineta.ra.it\/de\/camping-am-meer-emilia-romagna-dienstleistungen\/hundefreundliches-camping-ravenna\/","name":"Hundefreundliches Camping Ravenna | Camping Casal Borsetti","isPartOf":{"@id":"https:\/\/www.campingpineta.ra.it\/de\/#website"},"datePublished":"2024-12-13T10:45:53+00:00","dateModified":"2026-01-30T12:26:19+00:00","description":"Vierbeiner sind bei uns \u00fcberall willkommen, sogar am Strand! Im Camping Pineta, hundefreundlichen Camping Ravenna!","breadcrumb":{"@id":"https:\/\/www.campingpineta.ra.it\/de\/camping-am-meer-emilia-romagna-dienstleistungen\/hundefreundliches-camping-ravenna\/#breadcrumb"},"inLanguage":"de-DE","potentialAction":[{"@type":"ReadAction","target":["https:\/\/www.campingpineta.ra.it\/de\/camping-am-meer-emilia-romagna-dienstleistungen\/hundefreundliches-camping-ravenna\/"]}]},{"@type":"BreadcrumbList","@id":"https:\/\/www.campingpineta.ra.it\/de\/camping-am-meer-emilia-romagna-dienstleistungen\/hundefreundliches-camping-ravenna\/#breadcrumb","itemListElement":[{"@type":"ListItem","position":1,"name":"Home","item":"https:\/\/www.campingpineta.ra.it\/de\/"},{"@type":"ListItem","position":2,"name":"Dienstleistungen","item":"https:\/\/www.campingpineta.ra.it\/de\/camping-am-meer-emilia-romagna-dienstleistungen\/"},{"@type":"ListItem","position":3,"name":"Hundefreundliches"}]},{"@type":"WebSite","@id":"https:\/\/www.campingpineta.ra.it\/de\/#website","url":"https:\/\/www.campingpineta.ra.it\/de\/","name":"Camping Reno","description":"","publisher":{"@id":"https:\/\/www.campingpineta.ra.it\/de\/#organization"},"potentialAction":[{"@type":"SearchAction","target":{"@type":"EntryPoint","urlTemplate":"https:\/\/www.campingpineta.ra.it\/de\/?s={search_term_string}"},"query-input":{"@type":"PropertyValueSpecification","valueRequired":true,"valueName":"search_term_string"}}],"inLanguage":"de-DE"},{"@type":"Organization","@id":"https:\/\/www.campingpineta.ra.it\/de\/#organization","name":"Camping Reno","url":"https:\/\/www.campingpineta.ra.it\/de\/","logo":{"@type":"ImageObject","inLanguage":"de-DE","@id":"https:\/\/www.campingpineta.ra.it\/de\/#\/schema\/logo\/image\/","url":"","contentUrl":"","caption":"Camping Reno"},"image":{"@id":"https:\/\/www.campingpineta.ra.it\/de\/#\/schema\/logo\/image\/"},"sameAs":["https:\/\/facebook.com\/tomasitourism","https:\/\/instagram.com\/camping_reno"]}]}},"acf":[],"_links":{"self":[{"href":"https:\/\/www.campingpineta.ra.it\/de\/wp-json\/wp\/v2\/pages\/5147","targetHints":{"allow":["GET"]}}],"collection":[{"href":"https:\/\/www.campingpineta.ra.it\/de\/wp-json\/wp\/v2\/pages"}],"about":[{"href":"https:\/\/www.campingpineta.ra.it\/de\/wp-json\/wp\/v2\/types\/page"}],"author":[{"embeddable":true,"href":"https:\/\/www.campingpineta.ra.it\/de\/wp-json\/wp\/v2\/users\/13"}],"replies":[{"embeddable":true,"href":"https:\/\/www.campingpineta.ra.it\/de\/wp-json\/wp\/v2\/comments?post=5147"}],"version-history":[{"count":0,"href":"https:\/\/www.campingpineta.ra.it\/de\/wp-json\/wp\/v2\/pages\/5147\/revisions"}],"up":[{"embeddable":true,"href":"https:\/\/www.campingpineta.ra.it\/de\/wp-json\/wp\/v2\/pages\/5141"}],"wp:attachment":[{"href":"https:\/\/www.campingpineta.ra.it\/de\/wp-json\/wp\/v2\/media?parent=5147"}],"curies":[{"name":"wp","href":"https:\/\/api.w.org\/{rel}","templated":true}]}}