   {"id":5162,"date":"2024-12-13T10:32:30","date_gmt":"2024-12-13T10:32:30","guid":{"rendered":"https:\/\/www.campingpineta.ra.it\/camping-am-meer-emilia-romagna-dienstleistungen\/barbecue-a-carbonella\/"},"modified":"2026-01-30T12:29:42","modified_gmt":"2026-01-30T12:29:42","slug":"grillplatz","status":"publish","type":"page","link":"https:\/\/www.campingpineta.ra.it\/de\/camping-am-meer-emilia-romagna-dienstleistungen\/grillplatz\/","title":{"rendered":"Grillplatz"},"content":{"rendered":"<p><strong>DER GRILLBEREICH IM CAMPING PINETA<\/strong><\/p>\n<p>&nbsp;<\/p>\n<p>Der Grillbereich des Camping Pineta, Ihrem <strong>Camping Porto Corsini am Meer<\/strong>, ist ein spezieller Ort, an dem G\u00e4ste zusammenkommen k\u00f6nnen, um k\u00f6stliche Mahlzeiten im Freien zuzubereiten und zu genie\u00dfen.<\/p>\n<p>&nbsp;<\/p>\n<p><strong>Ausgestattet mit Grillrosten, Tischen und Sitzgelegenheiten bietet dieser Bereich alles<\/strong>, was man braucht, um Fleisch, Fisch oder Gem\u00fcse in geselliger Runde mitten in der Natur zu grillen. <strong>GRILLBEREICH.<\/strong><\/p>\n<p>&nbsp;<\/p>\n<p><strong>Es ist der ideale Ort, um Kontakte zu anderen Campern zu kn\u00fcpfen<\/strong>, neue Rezepte zu entdecken und die gesellige Atmosph\u00e4re eines <strong>Grillabends unter freiem Himmel zu erleben.<\/strong><\/p>\n<p>&nbsp;<\/p>\n<p>Ob f\u00fcr ein informelles Abendessen oder einen entspannten Moment am Tag \u2013 der Grillbereich verleiht Ihrem Erlebnis im Camping Pineta, <strong>Camping Porto Corsini am Meer<\/strong>, einen Hauch von Authentizit\u00e4t und Vergn\u00fcgen.<\/p>\n<p>&nbsp;<\/p>\n<p>An diesem Ort wird jede Mahlzeit zu einer Gelegenheit, unvergessliche Erinnerungen mit Freunden und Familie zu schaffen.<\/p>\n<p>&nbsp;<\/p>\n<p><a href=\"https:\/\/www.scidoo.com\/preventivov2\/?cod=1313&amp;dataarr=2026-9-16&amp;notti=7&amp;adult=2&amp;children=&amp;IDsotto_struttura=931&amp;lang=4&amp;structure_type=0&amp;promocode=\"><strong>JETZT VERF\u00dcGBARKEIT ONLINE PR\u00dcFEN<\/strong><\/a><\/p>\n","protected":false},"excerpt":{"rendered":"<p>DER GRILLBEREICH IM CAMPING PINETA &nbsp; Der Grillbereich des Camping Pineta, Ihrem Camping Porto Corsini am Meer, ist ein spezieller Ort, an dem G\u00e4ste zusammenkommen k\u00f6nnen, um k\u00f6stliche Mahlzeiten im Freien zuzubereiten und zu genie\u00dfen. &nbsp; Ausgestattet mit Grillrosten, Tischen und Sitzgelegenheiten bietet dieser Bereich alles, was man braucht, um Fleisch, Fisch oder Gem\u00fcse in [&hellip;]<\/p>\n","protected":false},"author":13,"featured_media":0,"parent":5141,"menu_order":4,"comment_status":"closed","ping_status":"closed","template":"template-service-single.php","meta":{"footnotes":""},"class_list":["post-5162","page","type-page","status-publish","hentry"],"yoast_head":"<!-- This site is optimized with the Yoast SEO plugin v27.3 - https:\/\/yoast.com\/product\/yoast-seo-wordpress\/ -->\n<title>Camping Porto Corsini am Meer | Grillplatz<\/title>\n<meta name=\"description\" content=\"Das Camping Pineta, Camping Porto Corsini am Meer, verf\u00fcgt \u00fcber einen ausgestatteten Holzkohle-Grillbereich, auf dem Sie k\u00f6stliche Grillgerichte zubereiten k\u00f6nnen!\" \/>\n<meta name=\"robots\" content=\"index, follow, max-snippet:-1, max-image-preview:large, max-video-preview:-1\" \/>\n<link rel=\"canonical\" href=\"https:\/\/www.campingpineta.ra.it\/de\/camping-am-meer-emilia-romagna-dienstleistungen\/grillplatz\/\" \/>\n<meta property=\"og:locale\" content=\"de_DE\" \/>\n<meta property=\"og:type\" content=\"article\" \/>\n<meta property=\"og:title\" content=\"Camping Porto Corsini am Meer | Grillplatz\" \/>\n<meta property=\"og:description\" content=\"Das Camping Pineta, Camping Porto Corsini am Meer, verf\u00fcgt \u00fcber einen ausgestatteten Holzkohle-Grillbereich, auf dem Sie k\u00f6stliche Grillgerichte zubereiten k\u00f6nnen!\" \/>\n<meta property=\"og:url\" content=\"https:\/\/www.campingpineta.ra.it\/de\/camping-am-meer-emilia-romagna-dienstleistungen\/grillplatz\/\" \/>\n<meta property=\"og:site_name\" content=\"Camping Pineta\" \/>\n<meta property=\"article:publisher\" content=\"https:\/\/facebook.com\/tomasitourism\" \/>\n<meta property=\"article:modified_time\" content=\"2026-01-30T12:29:42+00:00\" \/>\n<meta name=\"twitter:card\" content=\"summary_large_image\" \/>\n<meta name=\"twitter:label1\" content=\"Gesch\u00e4tzte Lesezeit\" \/>\n\t<meta name=\"twitter:data1\" content=\"1 Minute\" \/>\n<script type=\"application\/ld+json\" class=\"yoast-schema-graph\">{\"@context\":\"https:\\\/\\\/schema.org\",\"@graph\":[{\"@type\":\"WebPage\",\"@id\":\"https:\\\/\\\/www.campingpineta.ra.it\\\/de\\\/camping-am-meer-emilia-romagna-dienstleistungen\\\/grillplatz\\\/\",\"url\":\"https:\\\/\\\/www.campingpineta.ra.it\\\/de\\\/camping-am-meer-emilia-romagna-dienstleistungen\\\/grillplatz\\\/\",\"name\":\"Camping Porto Corsini am Meer | Grillplatz\",\"isPartOf\":{\"@id\":\"https:\\\/\\\/www.campingpineta.ra.it\\\/de\\\/#website\"},\"datePublished\":\"2024-12-13T10:32:30+00:00\",\"dateModified\":\"2026-01-30T12:29:42+00:00\",\"description\":\"Das Camping Pineta, Camping Porto Corsini am Meer, verf\u00fcgt \u00fcber einen ausgestatteten Holzkohle-Grillbereich, auf dem Sie k\u00f6stliche Grillgerichte zubereiten k\u00f6nnen!\",\"breadcrumb\":{\"@id\":\"https:\\\/\\\/www.campingpineta.ra.it\\\/de\\\/camping-am-meer-emilia-romagna-dienstleistungen\\\/grillplatz\\\/#breadcrumb\"},\"inLanguage\":\"de-DE\",\"potentialAction\":[{\"@type\":\"ReadAction\",\"target\":[\"https:\\\/\\\/www.campingpineta.ra.it\\\/de\\\/camping-am-meer-emilia-romagna-dienstleistungen\\\/grillplatz\\\/\"]}]},{\"@type\":\"BreadcrumbList\",\"@id\":\"https:\\\/\\\/www.campingpineta.ra.it\\\/de\\\/camping-am-meer-emilia-romagna-dienstleistungen\\\/grillplatz\\\/#breadcrumb\",\"itemListElement\":[{\"@type\":\"ListItem\",\"position\":1,\"name\":\"Home\",\"item\":\"https:\\\/\\\/www.campingpineta.ra.it\\\/de\\\/\"},{\"@type\":\"ListItem\",\"position\":2,\"name\":\"Dienstleistungen\",\"item\":\"https:\\\/\\\/www.campingpineta.ra.it\\\/de\\\/camping-am-meer-emilia-romagna-dienstleistungen\\\/\"},{\"@type\":\"ListItem\",\"position\":3,\"name\":\"Grillplatz\"}]},{\"@type\":\"WebSite\",\"@id\":\"https:\\\/\\\/www.campingpineta.ra.it\\\/de\\\/#website\",\"url\":\"https:\\\/\\\/www.campingpineta.ra.it\\\/de\\\/\",\"name\":\"Camping Reno\",\"description\":\"\",\"publisher\":{\"@id\":\"https:\\\/\\\/www.campingpineta.ra.it\\\/de\\\/#organization\"},\"potentialAction\":[{\"@type\":\"SearchAction\",\"target\":{\"@type\":\"EntryPoint\",\"urlTemplate\":\"https:\\\/\\\/www.campingpineta.ra.it\\\/de\\\/?s={search_term_string}\"},\"query-input\":{\"@type\":\"PropertyValueSpecification\",\"valueRequired\":true,\"valueName\":\"search_term_string\"}}],\"inLanguage\":\"de-DE\"},{\"@type\":\"Organization\",\"@id\":\"https:\\\/\\\/www.campingpineta.ra.it\\\/de\\\/#organization\",\"name\":\"Camping Reno\",\"url\":\"https:\\\/\\\/www.campingpineta.ra.it\\\/de\\\/\",\"logo\":{\"@type\":\"ImageObject\",\"inLanguage\":\"de-DE\",\"@id\":\"https:\\\/\\\/www.campingpineta.ra.it\\\/de\\\/#\\\/schema\\\/logo\\\/image\\\/\",\"url\":\"\",\"contentUrl\":\"\",\"caption\":\"Camping Reno\"},\"image\":{\"@id\":\"https:\\\/\\\/www.campingpineta.ra.it\\\/de\\\/#\\\/schema\\\/logo\\\/image\\\/\"},\"sameAs\":[\"https:\\\/\\\/facebook.com\\\/tomasitourism\",\"https:\\\/\\\/instagram.com\\\/camping_reno\"]}]}<\/script>\n<!-- \/ Yoast SEO plugin. -->","yoast_head_json":{"title":"Camping Porto Corsini am Meer | Grillplatz","description":"Das Camping Pineta, Camping Porto Corsini am Meer, verf\u00fcgt \u00fcber einen ausgestatteten Holzkohle-Grillbereich, auf dem Sie k\u00f6stliche Grillgerichte zubereiten k\u00f6nnen!","robots":{"index":"index","follow":"follow","max-snippet":"max-snippet:-1","max-image-preview":"max-image-preview:large","max-video-preview":"max-video-preview:-1"},"canonical":"https:\/\/www.campingpineta.ra.it\/de\/camping-am-meer-emilia-romagna-dienstleistungen\/grillplatz\/","og_locale":"de_DE","og_type":"article","og_title":"Camping Porto Corsini am Meer | Grillplatz","og_description":"Das Camping Pineta, Camping Porto Corsini am Meer, verf\u00fcgt \u00fcber einen ausgestatteten Holzkohle-Grillbereich, auf dem Sie k\u00f6stliche Grillgerichte zubereiten k\u00f6nnen!","og_url":"https:\/\/www.campingpineta.ra.it\/de\/camping-am-meer-emilia-romagna-dienstleistungen\/grillplatz\/","og_site_name":"Camping Pineta","article_publisher":"https:\/\/facebook.com\/tomasitourism","article_modified_time":"2026-01-30T12:29:42+00:00","twitter_card":"summary_large_image","twitter_misc":{"Gesch\u00e4tzte Lesezeit":"1 Minute"},"schema":{"@context":"https:\/\/schema.org","@graph":[{"@type":"WebPage","@id":"https:\/\/www.campingpineta.ra.it\/de\/camping-am-meer-emilia-romagna-dienstleistungen\/grillplatz\/","url":"https:\/\/www.campingpineta.ra.it\/de\/camping-am-meer-emilia-romagna-dienstleistungen\/grillplatz\/","name":"Camping Porto Corsini am Meer | Grillplatz","isPartOf":{"@id":"https:\/\/www.campingpineta.ra.it\/de\/#website"},"datePublished":"2024-12-13T10:32:30+00:00","dateModified":"2026-01-30T12:29:42+00:00","description":"Das Camping Pineta, Camping Porto Corsini am Meer, verf\u00fcgt \u00fcber einen ausgestatteten Holzkohle-Grillbereich, auf dem Sie k\u00f6stliche Grillgerichte zubereiten k\u00f6nnen!","breadcrumb":{"@id":"https:\/\/www.campingpineta.ra.it\/de\/camping-am-meer-emilia-romagna-dienstleistungen\/grillplatz\/#breadcrumb"},"inLanguage":"de-DE","potentialAction":[{"@type":"ReadAction","target":["https:\/\/www.campingpineta.ra.it\/de\/camping-am-meer-emilia-romagna-dienstleistungen\/grillplatz\/"]}]},{"@type":"BreadcrumbList","@id":"https:\/\/www.campingpineta.ra.it\/de\/camping-am-meer-emilia-romagna-dienstleistungen\/grillplatz\/#breadcrumb","itemListElement":[{"@type":"ListItem","position":1,"name":"Home","item":"https:\/\/www.campingpineta.ra.it\/de\/"},{"@type":"ListItem","position":2,"name":"Dienstleistungen","item":"https:\/\/www.campingpineta.ra.it\/de\/camping-am-meer-emilia-romagna-dienstleistungen\/"},{"@type":"ListItem","position":3,"name":"Grillplatz"}]},{"@type":"WebSite","@id":"https:\/\/www.campingpineta.ra.it\/de\/#website","url":"https:\/\/www.campingpineta.ra.it\/de\/","name":"Camping Reno","description":"","publisher":{"@id":"https:\/\/www.campingpineta.ra.it\/de\/#organization"},"potentialAction":[{"@type":"SearchAction","target":{"@type":"EntryPoint","urlTemplate":"https:\/\/www.campingpineta.ra.it\/de\/?s={search_term_string}"},"query-input":{"@type":"PropertyValueSpecification","valueRequired":true,"valueName":"search_term_string"}}],"inLanguage":"de-DE"},{"@type":"Organization","@id":"https:\/\/www.campingpineta.ra.it\/de\/#organization","name":"Camping Reno","url":"https:\/\/www.campingpineta.ra.it\/de\/","logo":{"@type":"ImageObject","inLanguage":"de-DE","@id":"https:\/\/www.campingpineta.ra.it\/de\/#\/schema\/logo\/image\/","url":"","contentUrl":"","caption":"Camping Reno"},"image":{"@id":"https:\/\/www.campingpineta.ra.it\/de\/#\/schema\/logo\/image\/"},"sameAs":["https:\/\/facebook.com\/tomasitourism","https:\/\/instagram.com\/camping_reno"]}]}},"acf":[],"_links":{"self":[{"href":"https:\/\/www.campingpineta.ra.it\/de\/wp-json\/wp\/v2\/pages\/5162","targetHints":{"allow":["GET"]}}],"collection":[{"href":"https:\/\/www.campingpineta.ra.it\/de\/wp-json\/wp\/v2\/pages"}],"about":[{"href":"https:\/\/www.campingpineta.ra.it\/de\/wp-json\/wp\/v2\/types\/page"}],"author":[{"embeddable":true,"href":"https:\/\/www.campingpineta.ra.it\/de\/wp-json\/wp\/v2\/users\/13"}],"replies":[{"embeddable":true,"href":"https:\/\/www.campingpineta.ra.it\/de\/wp-json\/wp\/v2\/comments?post=5162"}],"version-history":[{"count":0,"href":"https:\/\/www.campingpineta.ra.it\/de\/wp-json\/wp\/v2\/pages\/5162\/revisions"}],"up":[{"embeddable":true,"href":"https:\/\/www.campingpineta.ra.it\/de\/wp-json\/wp\/v2\/pages\/5141"}],"wp:attachment":[{"href":"https:\/\/www.campingpineta.ra.it\/de\/wp-json\/wp\/v2\/media?parent=5162"}],"curies":[{"name":"wp","href":"https:\/\/api.w.org\/{rel}","templated":true}]}}