   {"id":5167,"date":"2024-12-11T16:22:31","date_gmt":"2024-12-11T16:22:31","guid":{"rendered":"https:\/\/www.campingpineta.ra.it\/camping-am-meer-emilia-romagna-dienstleistungen\/camping-casal-borsetti-mare-spiaggia-con-sabbia-fine\/"},"modified":"2026-01-30T12:30:35","modified_gmt":"2026-01-30T12:30:35","slug":"strand-mit-feinem-sand","status":"publish","type":"page","link":"https:\/\/www.campingpineta.ra.it\/de\/camping-am-meer-emilia-romagna-dienstleistungen\/strand-mit-feinem-sand\/","title":{"rendered":"Der Strand"},"content":{"rendered":"<p><strong>DER STRAND VOM CAMPING PINETA<\/strong><\/p>\n<p>&nbsp;<\/p>\n<p>Der Strand des Camping Pineta, Ihrem <strong>Camping Adriak\u00fcste Casal Borsetti<\/strong>, ist mit seinem feinen Sand und dem flach abfallenden Wasser ein wahres Paradies f\u00fcr unsere G\u00e4ste. Er bietet eine ruhige und sichere Umgebung, ideal zum Entspannen oder <strong>f\u00fcr Spiele mit den Kindern<\/strong> und unter Erwachsenen.<\/p>\n<p>&nbsp;<\/p>\n<p><strong>Perfekt f\u00fcr einen Barfu\u00dfspaziergang entlang<\/strong> der Brandung oder um sich mit dem eigenen Handtuch in die Sonne oder unter den Sonnenschirm zu legen.<\/p>\n<p>&nbsp;<\/p>\n<p><strong>Der Meeresgrund ist sanft geneigt<\/strong>, was den Einstieg ins Wasser sicher und angenehm macht. W\u00e4hrend Sie Richtung Meer laufen, steigt das <strong>Wasser nur langsam an<\/strong> und offenbart einen klaren, <strong>transparenten Grund<\/strong> \u2013 ideal zum Schwimmen und Baden, auch f\u00fcr die Kleinsten.<\/p>\n<p>&nbsp;<\/p>\n<p>Die geringe Wassertiefe, die sich \u00fcber viele Meter vom Ufer aus erstreckt, erm\u00f6glicht ein unbeschwertes Vergn\u00fcgen im Wasser. <strong>Dies macht diesen Strandabschnitt perfekt f\u00fcr Familien mit Kindern<\/strong>, die in aller Sicherheit spielen und baden k\u00f6nnen.<\/p>\n<p>&nbsp;<\/p>\n<p>Naturliebhaber werden von der Klarheit des Wassers begeistert sein, die es erm\u00f6glicht, das Leben am Meeresgrund zu beobachten \u2013 von kleinen Muscheln bis hin zu Fischen, die zwischen den Steinen Schutz suchen.<\/p>\n<p>&nbsp;<\/p>\n<p>Der Strand ist vom Camping Pineta, <strong>Camping Adriak\u00fcste Casal Borsetti,<\/strong> \u00fcber einen privaten Zugang erreichbar, der durch einen gr\u00fcnen und dichten Pinienwald f\u00fchrt. <strong>Nur wenige Meter und Sie haben die F\u00fc\u00dfe im Wasser\u2026<\/strong><\/p>\n<p>&nbsp;<\/p>\n<p><strong>Mit einem Strand wie diesem ist<\/strong> das Camping Pineta definitiv das ideale Ziel f\u00fcr einen Urlaub im Zeichen der Entspannung und des Kontakts mit der Natur.<\/p>\n<p>&nbsp;<\/p>\n<p><a href=\"https:\/\/www.scidoo.com\/preventivov2\/?cod=1313&amp;dataarr=2026-9-16&amp;notti=7&amp;adult=2&amp;children=&amp;IDsotto_struttura=931&amp;lang=4&amp;structure_type=0&amp;promocode=\"><strong>JETZT VERF\u00dcGBARKEIT PR\u00dcFEN<\/strong><\/a><\/p>\n","protected":false},"excerpt":{"rendered":"<p>DER STRAND VOM CAMPING PINETA &nbsp; Der Strand des Camping Pineta, Ihrem Camping Adriak\u00fcste Casal Borsetti, ist mit seinem feinen Sand und dem flach abfallenden Wasser ein wahres Paradies f\u00fcr unsere G\u00e4ste. Er bietet eine ruhige und sichere Umgebung, ideal zum Entspannen oder f\u00fcr Spiele mit den Kindern und unter Erwachsenen. &nbsp; Perfekt f\u00fcr einen [&hellip;]<\/p>\n","protected":false},"author":13,"featured_media":0,"parent":5141,"menu_order":5,"comment_status":"closed","ping_status":"closed","template":"template-service-single.php","meta":{"footnotes":""},"class_list":["post-5167","page","type-page","status-publish","hentry"],"yoast_head":"<!-- This site is optimized with the Yoast SEO plugin v27.3 - https:\/\/yoast.com\/product\/yoast-seo-wordpress\/ -->\n<title>Camping Adriak\u00fcste Casal Borsetti | Strand mit feinem Sand<\/title>\n<meta name=\"description\" content=\"Nat\u00fcrlich und wild \u2013 genau so, wie echte Camper es lieben! Camping Pineta, Ihr Camping Adriak\u00fcste Casal Borsetti. Schauen Sie sich die Fotos an!\" \/>\n<meta name=\"robots\" content=\"index, follow, max-snippet:-1, max-image-preview:large, max-video-preview:-1\" \/>\n<link rel=\"canonical\" href=\"https:\/\/www.campingpineta.ra.it\/de\/camping-am-meer-emilia-romagna-dienstleistungen\/strand-mit-feinem-sand\/\" \/>\n<meta property=\"og:locale\" content=\"de_DE\" \/>\n<meta property=\"og:type\" content=\"article\" \/>\n<meta property=\"og:title\" content=\"Camping Adriak\u00fcste Casal Borsetti | Strand mit feinem Sand\" \/>\n<meta property=\"og:description\" content=\"Nat\u00fcrlich und wild \u2013 genau so, wie echte Camper es lieben! Camping Pineta, Ihr Camping Adriak\u00fcste Casal Borsetti. Schauen Sie sich die Fotos an!\" \/>\n<meta property=\"og:url\" content=\"https:\/\/www.campingpineta.ra.it\/de\/camping-am-meer-emilia-romagna-dienstleistungen\/strand-mit-feinem-sand\/\" \/>\n<meta property=\"og:site_name\" content=\"Camping Pineta\" \/>\n<meta property=\"article:publisher\" content=\"https:\/\/facebook.com\/tomasitourism\" \/>\n<meta property=\"article:modified_time\" content=\"2026-01-30T12:30:35+00:00\" \/>\n<meta name=\"twitter:card\" content=\"summary_large_image\" \/>\n<meta name=\"twitter:label1\" content=\"Gesch\u00e4tzte Lesezeit\" \/>\n\t<meta name=\"twitter:data1\" content=\"2 Minuten\" \/>\n<script type=\"application\/ld+json\" class=\"yoast-schema-graph\">{\"@context\":\"https:\\\/\\\/schema.org\",\"@graph\":[{\"@type\":\"WebPage\",\"@id\":\"https:\\\/\\\/www.campingpineta.ra.it\\\/de\\\/camping-am-meer-emilia-romagna-dienstleistungen\\\/strand-mit-feinem-sand\\\/\",\"url\":\"https:\\\/\\\/www.campingpineta.ra.it\\\/de\\\/camping-am-meer-emilia-romagna-dienstleistungen\\\/strand-mit-feinem-sand\\\/\",\"name\":\"Camping Adriak\u00fcste Casal Borsetti | Strand mit feinem Sand\",\"isPartOf\":{\"@id\":\"https:\\\/\\\/www.campingpineta.ra.it\\\/de\\\/#website\"},\"datePublished\":\"2024-12-11T16:22:31+00:00\",\"dateModified\":\"2026-01-30T12:30:35+00:00\",\"description\":\"Nat\u00fcrlich und wild \u2013 genau so, wie echte Camper es lieben! Camping Pineta, Ihr Camping Adriak\u00fcste Casal Borsetti. Schauen Sie sich die Fotos an!\",\"breadcrumb\":{\"@id\":\"https:\\\/\\\/www.campingpineta.ra.it\\\/de\\\/camping-am-meer-emilia-romagna-dienstleistungen\\\/strand-mit-feinem-sand\\\/#breadcrumb\"},\"inLanguage\":\"de-DE\",\"potentialAction\":[{\"@type\":\"ReadAction\",\"target\":[\"https:\\\/\\\/www.campingpineta.ra.it\\\/de\\\/camping-am-meer-emilia-romagna-dienstleistungen\\\/strand-mit-feinem-sand\\\/\"]}]},{\"@type\":\"BreadcrumbList\",\"@id\":\"https:\\\/\\\/www.campingpineta.ra.it\\\/de\\\/camping-am-meer-emilia-romagna-dienstleistungen\\\/strand-mit-feinem-sand\\\/#breadcrumb\",\"itemListElement\":[{\"@type\":\"ListItem\",\"position\":1,\"name\":\"Home\",\"item\":\"https:\\\/\\\/www.campingpineta.ra.it\\\/de\\\/\"},{\"@type\":\"ListItem\",\"position\":2,\"name\":\"Dienstleistungen\",\"item\":\"https:\\\/\\\/www.campingpineta.ra.it\\\/de\\\/camping-am-meer-emilia-romagna-dienstleistungen\\\/\"},{\"@type\":\"ListItem\",\"position\":3,\"name\":\"Der Strand\"}]},{\"@type\":\"WebSite\",\"@id\":\"https:\\\/\\\/www.campingpineta.ra.it\\\/de\\\/#website\",\"url\":\"https:\\\/\\\/www.campingpineta.ra.it\\\/de\\\/\",\"name\":\"Camping Reno\",\"description\":\"\",\"publisher\":{\"@id\":\"https:\\\/\\\/www.campingpineta.ra.it\\\/de\\\/#organization\"},\"potentialAction\":[{\"@type\":\"SearchAction\",\"target\":{\"@type\":\"EntryPoint\",\"urlTemplate\":\"https:\\\/\\\/www.campingpineta.ra.it\\\/de\\\/?s={search_term_string}\"},\"query-input\":{\"@type\":\"PropertyValueSpecification\",\"valueRequired\":true,\"valueName\":\"search_term_string\"}}],\"inLanguage\":\"de-DE\"},{\"@type\":\"Organization\",\"@id\":\"https:\\\/\\\/www.campingpineta.ra.it\\\/de\\\/#organization\",\"name\":\"Camping Reno\",\"url\":\"https:\\\/\\\/www.campingpineta.ra.it\\\/de\\\/\",\"logo\":{\"@type\":\"ImageObject\",\"inLanguage\":\"de-DE\",\"@id\":\"https:\\\/\\\/www.campingpineta.ra.it\\\/de\\\/#\\\/schema\\\/logo\\\/image\\\/\",\"url\":\"\",\"contentUrl\":\"\",\"caption\":\"Camping Reno\"},\"image\":{\"@id\":\"https:\\\/\\\/www.campingpineta.ra.it\\\/de\\\/#\\\/schema\\\/logo\\\/image\\\/\"},\"sameAs\":[\"https:\\\/\\\/facebook.com\\\/tomasitourism\",\"https:\\\/\\\/instagram.com\\\/camping_reno\"]}]}<\/script>\n<!-- \/ Yoast SEO plugin. -->","yoast_head_json":{"title":"Camping Adriak\u00fcste Casal Borsetti | Strand mit feinem Sand","description":"Nat\u00fcrlich und wild \u2013 genau so, wie echte Camper es lieben! Camping Pineta, Ihr Camping Adriak\u00fcste Casal Borsetti. Schauen Sie sich die Fotos an!","robots":{"index":"index","follow":"follow","max-snippet":"max-snippet:-1","max-image-preview":"max-image-preview:large","max-video-preview":"max-video-preview:-1"},"canonical":"https:\/\/www.campingpineta.ra.it\/de\/camping-am-meer-emilia-romagna-dienstleistungen\/strand-mit-feinem-sand\/","og_locale":"de_DE","og_type":"article","og_title":"Camping Adriak\u00fcste Casal Borsetti | Strand mit feinem Sand","og_description":"Nat\u00fcrlich und wild \u2013 genau so, wie echte Camper es lieben! Camping Pineta, Ihr Camping Adriak\u00fcste Casal Borsetti. Schauen Sie sich die Fotos an!","og_url":"https:\/\/www.campingpineta.ra.it\/de\/camping-am-meer-emilia-romagna-dienstleistungen\/strand-mit-feinem-sand\/","og_site_name":"Camping Pineta","article_publisher":"https:\/\/facebook.com\/tomasitourism","article_modified_time":"2026-01-30T12:30:35+00:00","twitter_card":"summary_large_image","twitter_misc":{"Gesch\u00e4tzte Lesezeit":"2 Minuten"},"schema":{"@context":"https:\/\/schema.org","@graph":[{"@type":"WebPage","@id":"https:\/\/www.campingpineta.ra.it\/de\/camping-am-meer-emilia-romagna-dienstleistungen\/strand-mit-feinem-sand\/","url":"https:\/\/www.campingpineta.ra.it\/de\/camping-am-meer-emilia-romagna-dienstleistungen\/strand-mit-feinem-sand\/","name":"Camping Adriak\u00fcste Casal Borsetti | Strand mit feinem Sand","isPartOf":{"@id":"https:\/\/www.campingpineta.ra.it\/de\/#website"},"datePublished":"2024-12-11T16:22:31+00:00","dateModified":"2026-01-30T12:30:35+00:00","description":"Nat\u00fcrlich und wild \u2013 genau so, wie echte Camper es lieben! Camping Pineta, Ihr Camping Adriak\u00fcste Casal Borsetti. Schauen Sie sich die Fotos an!","breadcrumb":{"@id":"https:\/\/www.campingpineta.ra.it\/de\/camping-am-meer-emilia-romagna-dienstleistungen\/strand-mit-feinem-sand\/#breadcrumb"},"inLanguage":"de-DE","potentialAction":[{"@type":"ReadAction","target":["https:\/\/www.campingpineta.ra.it\/de\/camping-am-meer-emilia-romagna-dienstleistungen\/strand-mit-feinem-sand\/"]}]},{"@type":"BreadcrumbList","@id":"https:\/\/www.campingpineta.ra.it\/de\/camping-am-meer-emilia-romagna-dienstleistungen\/strand-mit-feinem-sand\/#breadcrumb","itemListElement":[{"@type":"ListItem","position":1,"name":"Home","item":"https:\/\/www.campingpineta.ra.it\/de\/"},{"@type":"ListItem","position":2,"name":"Dienstleistungen","item":"https:\/\/www.campingpineta.ra.it\/de\/camping-am-meer-emilia-romagna-dienstleistungen\/"},{"@type":"ListItem","position":3,"name":"Der Strand"}]},{"@type":"WebSite","@id":"https:\/\/www.campingpineta.ra.it\/de\/#website","url":"https:\/\/www.campingpineta.ra.it\/de\/","name":"Camping Reno","description":"","publisher":{"@id":"https:\/\/www.campingpineta.ra.it\/de\/#organization"},"potentialAction":[{"@type":"SearchAction","target":{"@type":"EntryPoint","urlTemplate":"https:\/\/www.campingpineta.ra.it\/de\/?s={search_term_string}"},"query-input":{"@type":"PropertyValueSpecification","valueRequired":true,"valueName":"search_term_string"}}],"inLanguage":"de-DE"},{"@type":"Organization","@id":"https:\/\/www.campingpineta.ra.it\/de\/#organization","name":"Camping Reno","url":"https:\/\/www.campingpineta.ra.it\/de\/","logo":{"@type":"ImageObject","inLanguage":"de-DE","@id":"https:\/\/www.campingpineta.ra.it\/de\/#\/schema\/logo\/image\/","url":"","contentUrl":"","caption":"Camping Reno"},"image":{"@id":"https:\/\/www.campingpineta.ra.it\/de\/#\/schema\/logo\/image\/"},"sameAs":["https:\/\/facebook.com\/tomasitourism","https:\/\/instagram.com\/camping_reno"]}]}},"acf":[],"_links":{"self":[{"href":"https:\/\/www.campingpineta.ra.it\/de\/wp-json\/wp\/v2\/pages\/5167","targetHints":{"allow":["GET"]}}],"collection":[{"href":"https:\/\/www.campingpineta.ra.it\/de\/wp-json\/wp\/v2\/pages"}],"about":[{"href":"https:\/\/www.campingpineta.ra.it\/de\/wp-json\/wp\/v2\/types\/page"}],"author":[{"embeddable":true,"href":"https:\/\/www.campingpineta.ra.it\/de\/wp-json\/wp\/v2\/users\/13"}],"replies":[{"embeddable":true,"href":"https:\/\/www.campingpineta.ra.it\/de\/wp-json\/wp\/v2\/comments?post=5167"}],"version-history":[{"count":0,"href":"https:\/\/www.campingpineta.ra.it\/de\/wp-json\/wp\/v2\/pages\/5167\/revisions"}],"up":[{"embeddable":true,"href":"https:\/\/www.campingpineta.ra.it\/de\/wp-json\/wp\/v2\/pages\/5141"}],"wp:attachment":[{"href":"https:\/\/www.campingpineta.ra.it\/de\/wp-json\/wp\/v2\/media?parent=5167"}],"curies":[{"name":"wp","href":"https:\/\/api.w.org\/{rel}","templated":true}]}}