   {"id":5182,"date":"2024-12-11T10:54:44","date_gmt":"2024-12-11T10:54:44","guid":{"rendered":"https:\/\/www.campingpineta.ra.it\/camping-am-meer-emilia-romagna-dienstleistungen\/camping-economico-porto-corsini-bar-colazioni\/"},"modified":"2026-01-30T12:34:08","modified_gmt":"2026-01-30T12:34:08","slug":"bars-und-fruehstueck","status":"publish","type":"page","link":"https:\/\/www.campingpineta.ra.it\/de\/camping-am-meer-emilia-romagna-dienstleistungen\/bars-und-fruehstueck\/","title":{"rendered":"Bars und Fr\u00fchst\u00fcck"},"content":{"rendered":"<p>Das Fr\u00fchst\u00fcck im Camping Pineta, <strong>G\u00fcnstiges Camping Porto Corsini<\/strong>, ist ein Erlebnis, das die Einfachheit der Natur mit der n\u00f6tigen praktischen Energie f\u00fcr einen Tag im Freien verbindet. W\u00e4hlen Sie Ihren <a href=\"https:\/\/www.campingpineta.ra.it\/de\/bungalow-glamping\/\"><strong>Bungalow<\/strong>, <strong>Ihr Glamping-Zelt<\/strong> <\/a>oder Ihren bevorzugten <a href=\"https:\/\/www.campingpineta.ra.it\/de\/stellplatzliste\/\"><strong>Stellplatz<\/strong> <\/a>und fordern Sie ein unverbindliches Angebot an.<\/p>\n<p>&nbsp;<\/p>\n<p><strong>Stellen Sie sich vor, fr\u00fch aufzuwachen, w\u00e4hrend das Sonnenlicht durch die B\u00e4ume f\u00e4llt, die V\u00f6gel zwitschern und die frische Morgenluft Sie umgibt.<\/strong><\/p>\n<p>&nbsp;<\/p>\n<p>In dieser Umgebung wird das Fr\u00fchst\u00fcck zu einem Moment der Ruhe, aber auch zur Energiequelle f\u00fcr die Aktivit\u00e4ten des Tages.<\/p>\n<p>&nbsp;<\/p>\n<p><a href=\"https:\/\/www.scidoo.com\/preventivov2\/?cod=1313&amp;dataarr=2026-9-16&amp;notti=7&amp;adult=2&amp;children=&amp;IDsotto_struttura=931&amp;lang=4&amp;structure_type=0&amp;promocode=\"><strong>VERF\u00dcGBARKEIT ONLINE PR\u00dcFEN UND BUCHEN<\/strong><\/a><\/p>\n","protected":false},"excerpt":{"rendered":"<p>Das Fr\u00fchst\u00fcck im Camping Pineta, G\u00fcnstiges Camping Porto Corsini, ist ein Erlebnis, das die Einfachheit der Natur mit der n\u00f6tigen praktischen Energie f\u00fcr einen Tag im Freien verbindet. W\u00e4hlen Sie Ihren Bungalow, Ihr Glamping-Zelt oder Ihren bevorzugten Stellplatz und fordern Sie ein unverbindliches Angebot an. &nbsp; Stellen Sie sich vor, fr\u00fch aufzuwachen, w\u00e4hrend das Sonnenlicht [&hellip;]<\/p>\n","protected":false},"author":13,"featured_media":0,"parent":5141,"menu_order":10,"comment_status":"closed","ping_status":"closed","template":"template-service-single.php","meta":{"footnotes":""},"class_list":["post-5182","page","type-page","status-publish","hentry"],"yoast_head":"<!-- This site is optimized with the Yoast SEO plugin v27.3 - https:\/\/yoast.com\/product\/yoast-seo-wordpress\/ -->\n<title>G\u00fcnstiges Camping Porto Corsini | Bars und Fr\u00fchst\u00fcck<\/title>\n<meta name=\"description\" content=\"Im Camping Pineta, G\u00fcnstiges Camping Porto Corsini, jeden Morgen frisch gebackene warme Croissants. T\u00e4glich von 8 bis 24 Uhr!\" \/>\n<meta name=\"robots\" content=\"index, follow, max-snippet:-1, max-image-preview:large, max-video-preview:-1\" \/>\n<link rel=\"canonical\" href=\"https:\/\/www.campingpineta.ra.it\/de\/camping-am-meer-emilia-romagna-dienstleistungen\/bars-und-fruehstueck\/\" \/>\n<meta property=\"og:locale\" content=\"de_DE\" \/>\n<meta property=\"og:type\" content=\"article\" \/>\n<meta property=\"og:title\" content=\"G\u00fcnstiges Camping Porto Corsini | Bars und Fr\u00fchst\u00fcck\" \/>\n<meta property=\"og:description\" content=\"Im Camping Pineta, G\u00fcnstiges Camping Porto Corsini, jeden Morgen frisch gebackene warme Croissants. T\u00e4glich von 8 bis 24 Uhr!\" \/>\n<meta property=\"og:url\" content=\"https:\/\/www.campingpineta.ra.it\/de\/camping-am-meer-emilia-romagna-dienstleistungen\/bars-und-fruehstueck\/\" \/>\n<meta property=\"og:site_name\" content=\"Camping Pineta\" \/>\n<meta property=\"article:publisher\" content=\"https:\/\/facebook.com\/tomasitourism\" \/>\n<meta property=\"article:modified_time\" content=\"2026-01-30T12:34:08+00:00\" \/>\n<meta name=\"twitter:card\" content=\"summary_large_image\" \/>\n<meta name=\"twitter:label1\" content=\"Gesch\u00e4tzte Lesezeit\" \/>\n\t<meta name=\"twitter:data1\" content=\"1 Minute\" \/>\n<script type=\"application\/ld+json\" class=\"yoast-schema-graph\">{\"@context\":\"https:\\\/\\\/schema.org\",\"@graph\":[{\"@type\":\"WebPage\",\"@id\":\"https:\\\/\\\/www.campingpineta.ra.it\\\/de\\\/camping-am-meer-emilia-romagna-dienstleistungen\\\/bars-und-fruehstueck\\\/\",\"url\":\"https:\\\/\\\/www.campingpineta.ra.it\\\/de\\\/camping-am-meer-emilia-romagna-dienstleistungen\\\/bars-und-fruehstueck\\\/\",\"name\":\"G\u00fcnstiges Camping Porto Corsini | Bars und Fr\u00fchst\u00fcck\",\"isPartOf\":{\"@id\":\"https:\\\/\\\/www.campingpineta.ra.it\\\/de\\\/#website\"},\"datePublished\":\"2024-12-11T10:54:44+00:00\",\"dateModified\":\"2026-01-30T12:34:08+00:00\",\"description\":\"Im Camping Pineta, G\u00fcnstiges Camping Porto Corsini, jeden Morgen frisch gebackene warme Croissants. T\u00e4glich von 8 bis 24 Uhr!\",\"breadcrumb\":{\"@id\":\"https:\\\/\\\/www.campingpineta.ra.it\\\/de\\\/camping-am-meer-emilia-romagna-dienstleistungen\\\/bars-und-fruehstueck\\\/#breadcrumb\"},\"inLanguage\":\"de-DE\",\"potentialAction\":[{\"@type\":\"ReadAction\",\"target\":[\"https:\\\/\\\/www.campingpineta.ra.it\\\/de\\\/camping-am-meer-emilia-romagna-dienstleistungen\\\/bars-und-fruehstueck\\\/\"]}]},{\"@type\":\"BreadcrumbList\",\"@id\":\"https:\\\/\\\/www.campingpineta.ra.it\\\/de\\\/camping-am-meer-emilia-romagna-dienstleistungen\\\/bars-und-fruehstueck\\\/#breadcrumb\",\"itemListElement\":[{\"@type\":\"ListItem\",\"position\":1,\"name\":\"Home\",\"item\":\"https:\\\/\\\/www.campingpineta.ra.it\\\/de\\\/\"},{\"@type\":\"ListItem\",\"position\":2,\"name\":\"Dienstleistungen\",\"item\":\"https:\\\/\\\/www.campingpineta.ra.it\\\/de\\\/camping-am-meer-emilia-romagna-dienstleistungen\\\/\"},{\"@type\":\"ListItem\",\"position\":3,\"name\":\"Bars und Fr\u00fchst\u00fcck\"}]},{\"@type\":\"WebSite\",\"@id\":\"https:\\\/\\\/www.campingpineta.ra.it\\\/de\\\/#website\",\"url\":\"https:\\\/\\\/www.campingpineta.ra.it\\\/de\\\/\",\"name\":\"Camping Reno\",\"description\":\"\",\"publisher\":{\"@id\":\"https:\\\/\\\/www.campingpineta.ra.it\\\/de\\\/#organization\"},\"potentialAction\":[{\"@type\":\"SearchAction\",\"target\":{\"@type\":\"EntryPoint\",\"urlTemplate\":\"https:\\\/\\\/www.campingpineta.ra.it\\\/de\\\/?s={search_term_string}\"},\"query-input\":{\"@type\":\"PropertyValueSpecification\",\"valueRequired\":true,\"valueName\":\"search_term_string\"}}],\"inLanguage\":\"de-DE\"},{\"@type\":\"Organization\",\"@id\":\"https:\\\/\\\/www.campingpineta.ra.it\\\/de\\\/#organization\",\"name\":\"Camping Reno\",\"url\":\"https:\\\/\\\/www.campingpineta.ra.it\\\/de\\\/\",\"logo\":{\"@type\":\"ImageObject\",\"inLanguage\":\"de-DE\",\"@id\":\"https:\\\/\\\/www.campingpineta.ra.it\\\/de\\\/#\\\/schema\\\/logo\\\/image\\\/\",\"url\":\"\",\"contentUrl\":\"\",\"caption\":\"Camping Reno\"},\"image\":{\"@id\":\"https:\\\/\\\/www.campingpineta.ra.it\\\/de\\\/#\\\/schema\\\/logo\\\/image\\\/\"},\"sameAs\":[\"https:\\\/\\\/facebook.com\\\/tomasitourism\",\"https:\\\/\\\/instagram.com\\\/camping_reno\"]}]}<\/script>\n<!-- \/ Yoast SEO plugin. -->","yoast_head_json":{"title":"G\u00fcnstiges Camping Porto Corsini | Bars und Fr\u00fchst\u00fcck","description":"Im Camping Pineta, G\u00fcnstiges Camping Porto Corsini, jeden Morgen frisch gebackene warme Croissants. T\u00e4glich von 8 bis 24 Uhr!","robots":{"index":"index","follow":"follow","max-snippet":"max-snippet:-1","max-image-preview":"max-image-preview:large","max-video-preview":"max-video-preview:-1"},"canonical":"https:\/\/www.campingpineta.ra.it\/de\/camping-am-meer-emilia-romagna-dienstleistungen\/bars-und-fruehstueck\/","og_locale":"de_DE","og_type":"article","og_title":"G\u00fcnstiges Camping Porto Corsini | Bars und Fr\u00fchst\u00fcck","og_description":"Im Camping Pineta, G\u00fcnstiges Camping Porto Corsini, jeden Morgen frisch gebackene warme Croissants. T\u00e4glich von 8 bis 24 Uhr!","og_url":"https:\/\/www.campingpineta.ra.it\/de\/camping-am-meer-emilia-romagna-dienstleistungen\/bars-und-fruehstueck\/","og_site_name":"Camping Pineta","article_publisher":"https:\/\/facebook.com\/tomasitourism","article_modified_time":"2026-01-30T12:34:08+00:00","twitter_card":"summary_large_image","twitter_misc":{"Gesch\u00e4tzte Lesezeit":"1 Minute"},"schema":{"@context":"https:\/\/schema.org","@graph":[{"@type":"WebPage","@id":"https:\/\/www.campingpineta.ra.it\/de\/camping-am-meer-emilia-romagna-dienstleistungen\/bars-und-fruehstueck\/","url":"https:\/\/www.campingpineta.ra.it\/de\/camping-am-meer-emilia-romagna-dienstleistungen\/bars-und-fruehstueck\/","name":"G\u00fcnstiges Camping Porto Corsini | Bars und Fr\u00fchst\u00fcck","isPartOf":{"@id":"https:\/\/www.campingpineta.ra.it\/de\/#website"},"datePublished":"2024-12-11T10:54:44+00:00","dateModified":"2026-01-30T12:34:08+00:00","description":"Im Camping Pineta, G\u00fcnstiges Camping Porto Corsini, jeden Morgen frisch gebackene warme Croissants. T\u00e4glich von 8 bis 24 Uhr!","breadcrumb":{"@id":"https:\/\/www.campingpineta.ra.it\/de\/camping-am-meer-emilia-romagna-dienstleistungen\/bars-und-fruehstueck\/#breadcrumb"},"inLanguage":"de-DE","potentialAction":[{"@type":"ReadAction","target":["https:\/\/www.campingpineta.ra.it\/de\/camping-am-meer-emilia-romagna-dienstleistungen\/bars-und-fruehstueck\/"]}]},{"@type":"BreadcrumbList","@id":"https:\/\/www.campingpineta.ra.it\/de\/camping-am-meer-emilia-romagna-dienstleistungen\/bars-und-fruehstueck\/#breadcrumb","itemListElement":[{"@type":"ListItem","position":1,"name":"Home","item":"https:\/\/www.campingpineta.ra.it\/de\/"},{"@type":"ListItem","position":2,"name":"Dienstleistungen","item":"https:\/\/www.campingpineta.ra.it\/de\/camping-am-meer-emilia-romagna-dienstleistungen\/"},{"@type":"ListItem","position":3,"name":"Bars und Fr\u00fchst\u00fcck"}]},{"@type":"WebSite","@id":"https:\/\/www.campingpineta.ra.it\/de\/#website","url":"https:\/\/www.campingpineta.ra.it\/de\/","name":"Camping Reno","description":"","publisher":{"@id":"https:\/\/www.campingpineta.ra.it\/de\/#organization"},"potentialAction":[{"@type":"SearchAction","target":{"@type":"EntryPoint","urlTemplate":"https:\/\/www.campingpineta.ra.it\/de\/?s={search_term_string}"},"query-input":{"@type":"PropertyValueSpecification","valueRequired":true,"valueName":"search_term_string"}}],"inLanguage":"de-DE"},{"@type":"Organization","@id":"https:\/\/www.campingpineta.ra.it\/de\/#organization","name":"Camping Reno","url":"https:\/\/www.campingpineta.ra.it\/de\/","logo":{"@type":"ImageObject","inLanguage":"de-DE","@id":"https:\/\/www.campingpineta.ra.it\/de\/#\/schema\/logo\/image\/","url":"","contentUrl":"","caption":"Camping Reno"},"image":{"@id":"https:\/\/www.campingpineta.ra.it\/de\/#\/schema\/logo\/image\/"},"sameAs":["https:\/\/facebook.com\/tomasitourism","https:\/\/instagram.com\/camping_reno"]}]}},"acf":[],"_links":{"self":[{"href":"https:\/\/www.campingpineta.ra.it\/de\/wp-json\/wp\/v2\/pages\/5182","targetHints":{"allow":["GET"]}}],"collection":[{"href":"https:\/\/www.campingpineta.ra.it\/de\/wp-json\/wp\/v2\/pages"}],"about":[{"href":"https:\/\/www.campingpineta.ra.it\/de\/wp-json\/wp\/v2\/types\/page"}],"author":[{"embeddable":true,"href":"https:\/\/www.campingpineta.ra.it\/de\/wp-json\/wp\/v2\/users\/13"}],"replies":[{"embeddable":true,"href":"https:\/\/www.campingpineta.ra.it\/de\/wp-json\/wp\/v2\/comments?post=5182"}],"version-history":[{"count":0,"href":"https:\/\/www.campingpineta.ra.it\/de\/wp-json\/wp\/v2\/pages\/5182\/revisions"}],"up":[{"embeddable":true,"href":"https:\/\/www.campingpineta.ra.it\/de\/wp-json\/wp\/v2\/pages\/5141"}],"wp:attachment":[{"href":"https:\/\/www.campingpineta.ra.it\/de\/wp-json\/wp\/v2\/media?parent=5182"}],"curies":[{"name":"wp","href":"https:\/\/api.w.org\/{rel}","templated":true}]}}