   {"id":5274,"date":"2025-01-22T16:09:54","date_gmt":"2025-01-22T16:09:54","guid":{"rendered":"https:\/\/www.campingpineta.ra.it\/camping-cani-ammessi-ravenna\/"},"modified":"2026-01-30T12:58:06","modified_gmt":"2026-01-30T12:58:06","slug":"camping-ravenna-hundefreundlich","status":"publish","type":"page","link":"https:\/\/www.campingpineta.ra.it\/de\/camping-ravenna-hundefreundlich\/","title":{"rendered":"Hunde erlaubt"},"content":{"rendered":"<h3>Camping Pineta \u2013 <strong>Camping Ravenna Hundefreundlich<\/strong><\/h3>\n<p>&nbsp;<\/p>\n<p>Im Camping Pineta, Ihrem <strong>Camping Ravenna Hundefreundlich<\/strong> direkt am Meer, ist Ihr vierbeiniger Freund immer herzlich willkommen.<\/p>\n<p>&nbsp;<\/p>\n<p><strong>HUNDESTRAND<\/strong><br \/>\nNur 50\u201360 Meter vom Tor entfernt, das den Zugang zum wundersch\u00f6nen feinen Sandstrand des Camping Reno und dem flach abfallenden Meer \u00f6ffnet, befindet sich in Richtung S\u00fcden (Richtung Marina Romea) ein Abschnitt mit freiem Strand. Hier k\u00f6nnen Hunde in Ihrer Begleitung verweilen und im Meer baden. Sie m\u00fcssen lediglich Sonnenschirm, Handt\u00fccher und Leine mitbringen, um das Gl\u00fcck Ihres geliebten Hundes in absoluter Freiheit zu genie\u00dfen.<\/p>\n<p>PS: Wir erinnern daran, dass Hunde an \u00f6ffentlichen Orten zum Schutz anderer Personen, insbesondere von Kindern, immer begleitet und an der Leine gef\u00fchrt werden m\u00fcssen.<\/p>\n<p>&nbsp;<\/p>\n<p><strong>BUNGALOWS UND GLAMPING-ZELTE<\/strong><br \/>\nWir bieten verschiedene Unterkunftsarten an, in denen Hunde \u00fcbernachten k\u00f6nnen \u2013 einige mit eingez\u00e4untem Au\u00dfenbereich, andere ohne. Hier ist die Liste der hundefreundlichen Unterk\u00fcnfte:<\/p>\n<ul>\n<li><a href=\"https:\/\/www.campingpineta.ra.it\/de\/bungalow-glamping\/air-lodge-tent-double-deck\/\"><strong>Air Lodge (Double Deck)<\/strong>:<\/a> Entdecken Sie die Lodge;<\/li>\n<li><strong><a href=\"https:\/\/www.campingpineta.ra.it\/de\/bungalow-glamping\/bungalow-basic-standard\/\">Bungalow Standard<\/a>:<\/strong> Entdecken Sie den Bungalow;<\/li>\n<li><a href=\"https:\/\/www.campingpineta.ra.it\/de\/bungalow-glamping\/bungalow-basic-standard-plus\/\"><strong>Bungalow Standard Plus:<\/strong><\/a> Entdecken Sie den Bungalow.<\/li>\n<\/ul>\n<p>F\u00fcr weitere Informationen rufen Sie bitte die Rezeption an: +39 0544 445152<\/p>\n<p>&nbsp;<\/p>\n<p><strong>IM MARKT UND BAZAR<\/strong><br \/>\nM\u00fcssen Sie etwas im Supermarkt besorgen? Sie k\u00f6nnen Ihren vierbeinigen Freund mitnehmen und gemeinsam die gro\u00dfe Auswahl an frischen und verpackten Produkten in unserem Markt entdecken. Wir bieten zudem eine gro\u00dfe Auswahl an Hundefutter. Entdecken Sie unser Sortiment im Markt;<\/p>\n<p>&nbsp;<\/p>\n<p><strong>HUNDEDUSCHE UND TRINKBRUNNEN<\/strong><br \/>\nInnerhalb des Campingplatzes steht Ihnen eine Dog Shower zur Verf\u00fcgung. Hier k\u00f6nnen Sie Ihren Hund bequem abduschen, wenn Sie vom Strand zur\u00fcckkehren \u2013 ideal, bevor Sie in Ihre Unterkunft oder auf den Stellplatz gehen, schnell noch im Supermarkt einkaufen oder einen Aperitif an unserer Bar vor dem Abendessen genie\u00dfen.<\/p>\n<p>&nbsp;<\/p>\n<p><strong>DER PINIENWALD VON CASAL BORSETTI<\/strong><br \/>\nAm fr\u00fchen Morgen gibt es keinen besseren Ort f\u00fcr einen Spaziergang mit Ihrem treuen Begleiter. Der Schatten, die frische Luft und der weiche, mit Kiefernadeln bedeckte Boden bilden den perfekten Rahmen f\u00fcr den Urlaub Ihres Hundes.<\/p>\n<p>&nbsp;<\/p>\n<p><strong>EMPFEHLUNGEN<\/strong><br \/>\nLeine und Kotbeutel bitte immer dabei haben! Wir w\u00fcnschen Ihnen einen tollen Aufenthalt im Camping Pineta, Ihrem Experten f\u00fcr Camping mit Hund in Ravenna.<\/p>\n","protected":false},"excerpt":{"rendered":"<p>Camping Pineta \u2013 Camping Ravenna Hundefreundlich &nbsp; Im Camping Pineta, Ihrem Camping Ravenna Hundefreundlich direkt am Meer, ist Ihr vierbeiniger Freund immer herzlich willkommen. &nbsp; HUNDESTRAND Nur 50\u201360 Meter vom Tor entfernt, das den Zugang zum wundersch\u00f6nen feinen Sandstrand des Camping Reno und dem flach abfallenden Meer \u00f6ffnet, befindet sich in Richtung S\u00fcden (Richtung Marina [&hellip;]<\/p>\n","protected":false},"author":212,"featured_media":0,"parent":0,"menu_order":300,"comment_status":"closed","ping_status":"closed","template":"","meta":{"footnotes":""},"class_list":["post-5274","page","type-page","status-publish","hentry"],"yoast_head":"<!-- This site is optimized with the Yoast SEO plugin v27.3 - https:\/\/yoast.com\/product\/yoast-seo-wordpress\/ -->\n<title>Camping Ravenna Hundefreundlich | Camping Casal Borsetti<\/title>\n<meta name=\"description\" content=\"Entdecken Sie das Camping Pineta, direkt am Meer, Camping Ravenna Hundefreundlich mit Bungalows, Glamping-Zelten und Stellpl\u00e4tzen!\" \/>\n<meta name=\"robots\" content=\"index, follow, max-snippet:-1, max-image-preview:large, max-video-preview:-1\" \/>\n<link rel=\"canonical\" href=\"https:\/\/www.campingpineta.ra.it\/de\/camping-ravenna-hundefreundlich\/\" \/>\n<meta property=\"og:locale\" content=\"de_DE\" \/>\n<meta property=\"og:type\" content=\"article\" \/>\n<meta property=\"og:title\" content=\"Camping Ravenna Hundefreundlich | Camping Casal Borsetti\" \/>\n<meta property=\"og:description\" content=\"Entdecken Sie das Camping Pineta, direkt am Meer, Camping Ravenna Hundefreundlich mit Bungalows, Glamping-Zelten und Stellpl\u00e4tzen!\" \/>\n<meta property=\"og:url\" content=\"https:\/\/www.campingpineta.ra.it\/de\/camping-ravenna-hundefreundlich\/\" \/>\n<meta property=\"og:site_name\" content=\"Camping Pineta\" \/>\n<meta property=\"article:publisher\" content=\"https:\/\/facebook.com\/tomasitourism\" \/>\n<meta property=\"article:modified_time\" content=\"2026-01-30T12:58:06+00:00\" \/>\n<meta name=\"twitter:card\" content=\"summary_large_image\" \/>\n<meta name=\"twitter:label1\" content=\"Gesch\u00e4tzte Lesezeit\" \/>\n\t<meta name=\"twitter:data1\" content=\"2 Minuten\" \/>\n<script type=\"application\/ld+json\" class=\"yoast-schema-graph\">{\"@context\":\"https:\\\/\\\/schema.org\",\"@graph\":[{\"@type\":\"WebPage\",\"@id\":\"https:\\\/\\\/www.campingpineta.ra.it\\\/de\\\/camping-ravenna-hundefreundlich\\\/\",\"url\":\"https:\\\/\\\/www.campingpineta.ra.it\\\/de\\\/camping-ravenna-hundefreundlich\\\/\",\"name\":\"Camping Ravenna Hundefreundlich | Camping Casal Borsetti\",\"isPartOf\":{\"@id\":\"https:\\\/\\\/www.campingpineta.ra.it\\\/de\\\/#website\"},\"datePublished\":\"2025-01-22T16:09:54+00:00\",\"dateModified\":\"2026-01-30T12:58:06+00:00\",\"description\":\"Entdecken Sie das Camping Pineta, direkt am Meer, Camping Ravenna Hundefreundlich mit Bungalows, Glamping-Zelten und Stellpl\u00e4tzen!\",\"breadcrumb\":{\"@id\":\"https:\\\/\\\/www.campingpineta.ra.it\\\/de\\\/camping-ravenna-hundefreundlich\\\/#breadcrumb\"},\"inLanguage\":\"de-DE\",\"potentialAction\":[{\"@type\":\"ReadAction\",\"target\":[\"https:\\\/\\\/www.campingpineta.ra.it\\\/de\\\/camping-ravenna-hundefreundlich\\\/\"]}]},{\"@type\":\"BreadcrumbList\",\"@id\":\"https:\\\/\\\/www.campingpineta.ra.it\\\/de\\\/camping-ravenna-hundefreundlich\\\/#breadcrumb\",\"itemListElement\":[{\"@type\":\"ListItem\",\"position\":1,\"name\":\"Home\",\"item\":\"https:\\\/\\\/www.campingpineta.ra.it\\\/de\\\/\"},{\"@type\":\"ListItem\",\"position\":2,\"name\":\"Hunde erlaubt\"}]},{\"@type\":\"WebSite\",\"@id\":\"https:\\\/\\\/www.campingpineta.ra.it\\\/de\\\/#website\",\"url\":\"https:\\\/\\\/www.campingpineta.ra.it\\\/de\\\/\",\"name\":\"Camping Reno\",\"description\":\"\",\"publisher\":{\"@id\":\"https:\\\/\\\/www.campingpineta.ra.it\\\/de\\\/#organization\"},\"potentialAction\":[{\"@type\":\"SearchAction\",\"target\":{\"@type\":\"EntryPoint\",\"urlTemplate\":\"https:\\\/\\\/www.campingpineta.ra.it\\\/de\\\/?s={search_term_string}\"},\"query-input\":{\"@type\":\"PropertyValueSpecification\",\"valueRequired\":true,\"valueName\":\"search_term_string\"}}],\"inLanguage\":\"de-DE\"},{\"@type\":\"Organization\",\"@id\":\"https:\\\/\\\/www.campingpineta.ra.it\\\/de\\\/#organization\",\"name\":\"Camping Reno\",\"url\":\"https:\\\/\\\/www.campingpineta.ra.it\\\/de\\\/\",\"logo\":{\"@type\":\"ImageObject\",\"inLanguage\":\"de-DE\",\"@id\":\"https:\\\/\\\/www.campingpineta.ra.it\\\/de\\\/#\\\/schema\\\/logo\\\/image\\\/\",\"url\":\"\",\"contentUrl\":\"\",\"caption\":\"Camping Reno\"},\"image\":{\"@id\":\"https:\\\/\\\/www.campingpineta.ra.it\\\/de\\\/#\\\/schema\\\/logo\\\/image\\\/\"},\"sameAs\":[\"https:\\\/\\\/facebook.com\\\/tomasitourism\",\"https:\\\/\\\/instagram.com\\\/camping_reno\"]}]}<\/script>\n<!-- \/ Yoast SEO plugin. -->","yoast_head_json":{"title":"Camping Ravenna Hundefreundlich | Camping Casal Borsetti","description":"Entdecken Sie das Camping Pineta, direkt am Meer, Camping Ravenna Hundefreundlich mit Bungalows, Glamping-Zelten und Stellpl\u00e4tzen!","robots":{"index":"index","follow":"follow","max-snippet":"max-snippet:-1","max-image-preview":"max-image-preview:large","max-video-preview":"max-video-preview:-1"},"canonical":"https:\/\/www.campingpineta.ra.it\/de\/camping-ravenna-hundefreundlich\/","og_locale":"de_DE","og_type":"article","og_title":"Camping Ravenna Hundefreundlich | Camping Casal Borsetti","og_description":"Entdecken Sie das Camping Pineta, direkt am Meer, Camping Ravenna Hundefreundlich mit Bungalows, Glamping-Zelten und Stellpl\u00e4tzen!","og_url":"https:\/\/www.campingpineta.ra.it\/de\/camping-ravenna-hundefreundlich\/","og_site_name":"Camping Pineta","article_publisher":"https:\/\/facebook.com\/tomasitourism","article_modified_time":"2026-01-30T12:58:06+00:00","twitter_card":"summary_large_image","twitter_misc":{"Gesch\u00e4tzte Lesezeit":"2 Minuten"},"schema":{"@context":"https:\/\/schema.org","@graph":[{"@type":"WebPage","@id":"https:\/\/www.campingpineta.ra.it\/de\/camping-ravenna-hundefreundlich\/","url":"https:\/\/www.campingpineta.ra.it\/de\/camping-ravenna-hundefreundlich\/","name":"Camping Ravenna Hundefreundlich | Camping Casal Borsetti","isPartOf":{"@id":"https:\/\/www.campingpineta.ra.it\/de\/#website"},"datePublished":"2025-01-22T16:09:54+00:00","dateModified":"2026-01-30T12:58:06+00:00","description":"Entdecken Sie das Camping Pineta, direkt am Meer, Camping Ravenna Hundefreundlich mit Bungalows, Glamping-Zelten und Stellpl\u00e4tzen!","breadcrumb":{"@id":"https:\/\/www.campingpineta.ra.it\/de\/camping-ravenna-hundefreundlich\/#breadcrumb"},"inLanguage":"de-DE","potentialAction":[{"@type":"ReadAction","target":["https:\/\/www.campingpineta.ra.it\/de\/camping-ravenna-hundefreundlich\/"]}]},{"@type":"BreadcrumbList","@id":"https:\/\/www.campingpineta.ra.it\/de\/camping-ravenna-hundefreundlich\/#breadcrumb","itemListElement":[{"@type":"ListItem","position":1,"name":"Home","item":"https:\/\/www.campingpineta.ra.it\/de\/"},{"@type":"ListItem","position":2,"name":"Hunde erlaubt"}]},{"@type":"WebSite","@id":"https:\/\/www.campingpineta.ra.it\/de\/#website","url":"https:\/\/www.campingpineta.ra.it\/de\/","name":"Camping Reno","description":"","publisher":{"@id":"https:\/\/www.campingpineta.ra.it\/de\/#organization"},"potentialAction":[{"@type":"SearchAction","target":{"@type":"EntryPoint","urlTemplate":"https:\/\/www.campingpineta.ra.it\/de\/?s={search_term_string}"},"query-input":{"@type":"PropertyValueSpecification","valueRequired":true,"valueName":"search_term_string"}}],"inLanguage":"de-DE"},{"@type":"Organization","@id":"https:\/\/www.campingpineta.ra.it\/de\/#organization","name":"Camping Reno","url":"https:\/\/www.campingpineta.ra.it\/de\/","logo":{"@type":"ImageObject","inLanguage":"de-DE","@id":"https:\/\/www.campingpineta.ra.it\/de\/#\/schema\/logo\/image\/","url":"","contentUrl":"","caption":"Camping Reno"},"image":{"@id":"https:\/\/www.campingpineta.ra.it\/de\/#\/schema\/logo\/image\/"},"sameAs":["https:\/\/facebook.com\/tomasitourism","https:\/\/instagram.com\/camping_reno"]}]}},"acf":[],"_links":{"self":[{"href":"https:\/\/www.campingpineta.ra.it\/de\/wp-json\/wp\/v2\/pages\/5274","targetHints":{"allow":["GET"]}}],"collection":[{"href":"https:\/\/www.campingpineta.ra.it\/de\/wp-json\/wp\/v2\/pages"}],"about":[{"href":"https:\/\/www.campingpineta.ra.it\/de\/wp-json\/wp\/v2\/types\/page"}],"author":[{"embeddable":true,"href":"https:\/\/www.campingpineta.ra.it\/de\/wp-json\/wp\/v2\/users\/212"}],"replies":[{"embeddable":true,"href":"https:\/\/www.campingpineta.ra.it\/de\/wp-json\/wp\/v2\/comments?post=5274"}],"version-history":[{"count":0,"href":"https:\/\/www.campingpineta.ra.it\/de\/wp-json\/wp\/v2\/pages\/5274\/revisions"}],"wp:attachment":[{"href":"https:\/\/www.campingpineta.ra.it\/de\/wp-json\/wp\/v2\/media?parent=5274"}],"curies":[{"name":"wp","href":"https:\/\/api.w.org\/{rel}","templated":true}]}}