   {"id":5290,"date":"2025-04-18T12:49:56","date_gmt":"2025-04-18T12:49:56","guid":{"rendered":"https:\/\/www.campingpineta.ra.it\/last-minute-campeggi-casal-borsetti-agosto\/"},"modified":"2026-01-30T13:00:17","modified_gmt":"2026-01-30T13:00:17","slug":"last-minute-camping-casal-borsetti-august","status":"publish","type":"page","link":"https:\/\/www.campingpineta.ra.it\/de\/last-minute-camping-casal-borsetti-august\/","title":{"rendered":"Last Minute Camping Casal Borsetti \u2013 Erste Augustwoche"},"content":{"rendered":"<h3>Nutzen Sie jetzt das Angebot &#8222;Last Minute Camping Casal Borsetti August&#8220; \u2013 Erste Augustwoche!<\/h3>\n<p>&nbsp;<\/p>\n<p>Profitieren Sie vom <strong>Angebot des Camping Pineta<\/strong> in Casal Borsetti, direkt am Meer an den Nordstr\u00e4nden von Ravenna (Lidi Nord). Stark erm\u00e4\u00dfigte <strong>Aufenthalte von 6, 7 oder 8<\/strong> N\u00e4chten mit An- und Abreise am Samstag oder Sonntag.<\/p>\n<p>&nbsp;<\/p>\n<p><strong>So buchen Sie Ihr Last Minute Camping Casal Borsetti August:<\/strong><\/p>\n<ul>\n<li>Angebot anfordern: F\u00fcllen Sie das Formular mit Ihrem gew\u00fcnschten Zeitraum aus.<\/li>\n<li>Direkt online buchen: Zahlen Sie sicher per Kreditkarte oder Bank\u00fcberweisung <a href=\"https:\/\/www.scidoo.com\/preventivov2\/?cod=1313&amp;dataarr=2026-9-16&amp;notti=7&amp;adult=2&amp;children=&amp;IDsotto_struttura=931&amp;lang=4&amp;structure_type=0&amp;promocode=\"><strong>[hier klicken].<\/strong><\/a><\/li>\n<li>Telefonische Buchung: Rufen Sie unsere Rezeption direkt an unter +39 0544 445152.<\/li>\n<\/ul>\n<p>&nbsp;<\/p>\n<p><strong>DIE PREISE BEINHALTEN:<\/strong><\/p>\n<ul>\n<li>Anzahl der in der Beschreibung angegebenen Personen;<\/li>\n<li>Parkplatz in der N\u00e4he der Unterkunft;<\/li>\n<li>Direkter Zugang zum freien Strand;<\/li>\n<li>Klimaanlage (f\u00fcr Bungalows und Glamping-Zelte);<\/li>\n<li>Pool-Zugang: Sonnenliegen nach Verf\u00fcgbarkeit, Saison (Juni\u2013August), Badekappenpflicht;<\/li>\n<li>Sat-TV;<\/li>\n<li>Nebenkosten (Strom\/Wasser) und Geschirr;<\/li>\n<li>Abendanimation (Juli\u2013August);<\/li>\n<li>Sportbereich: Beachvolleyball, Racquetball, Boccia, Tischtennis;<\/li>\n<li>10% MwSt. (vorbehaltlich gesetzlicher \u00c4nderungen).<\/li>\n<\/ul>\n<p>&nbsp;<\/p>\n<p><strong>DIE PREISE BEINHALTEN NICHT:<\/strong><\/p>\n<ul>\n<li>Kurtaxe;<\/li>\n<li>Einzelbettw\u00e4sche: 11 \u20ac (auf Anfrage, an der Rezeption erh\u00e4ltlich);<\/li>\n<li>Doppelbettw\u00e4sche: 17 \u20ac (auf Anfrage, an der Rezeption erh\u00e4ltlich);<\/li>\n<li>Handt\u00fccher: 7,50 \u20ac (auf Anfrage, an der Rezeption erh\u00e4ltlich);<\/li>\n<li>Kaution: 100 \u20ac.<\/li>\n<\/ul>\n<p>&nbsp;<\/p>\n<p><strong>CAMPING DIREKT AM MEER<\/strong><br \/>\nNat\u00fcrlich und wild, genau wie echte Camper es lieben: Der feine Sandstrand und das flach abfallende Meer von Casal Borsetti bei Ravenna. <a href=\"https:\/\/www.campingpineta.ra.it\/de\/guenstiger-campingplatz-am-meer-ravenna-fotogalerie\/\">[Zur Fotogalerie]<\/a><\/p>\n<p>&nbsp;<\/p>\n<p><strong>HUNDESTRAND<\/strong><br \/>\nNur 50\u201360 Meter vom Eingangstor zum wundersch\u00f6nen Sandstrand des Camping Reno entfernt, finden Sie in s\u00fcdlicher Richtung (Marina Romea) einen freien Strandabschnitt, an dem Hunde verweilen und gemeinsam mit Ihnen baden d\u00fcrfen. Bringen Sie einfach Sonnenschirm, Handt\u00fccher und Leine mit und genie\u00dfen Sie die Freiheit mit Ihrem Hund. PS: Bitte denken Sie daran, Hunde an \u00f6ffentlichen Orten zum Schutz anderer (besonders Kinder) immer an der Leine zu f\u00fchren. Kotbeutel sind Pflicht.<\/p>\n<p>&nbsp;<\/p>\n<p><strong>UNSERE BUNGALOWS &amp; GLAMPING-ZELTE<\/strong><br \/>\nWir bieten Unterk\u00fcnfte f\u00fcr jeden Geschmack und jedes Budget, in denen Hunde herzlich willkommen sind:<\/p>\n<ul>\n<li><strong><a href=\"https:\/\/www.campingpineta.ra.it\/de\/bungalow-glamping\/air-lodge-tent-double-deck\/\">Air Lodge (Double Deck)<\/a>:<\/strong> Entdecken Sie die Lodge;<\/li>\n<li><strong><a href=\"https:\/\/www.campingpineta.ra.it\/de\/bungalow-glamping\/bungalow-basic-standard\/\">Bungalow Standard<\/a>:<\/strong> Entdecken Sie den Bungalow;<\/li>\n<li><strong><a href=\"https:\/\/www.campingpineta.ra.it\/de\/bungalow-glamping\/bungalow-basic-standard-plus\/\">Bungalow Standard Plus<\/a>:<\/strong> Entdecken Sie den Bungalow.<\/li>\n<li>Weitere Infos unter: +39 0544 445152<\/li>\n<\/ul>\n<p>&nbsp;<\/p>\n<p><strong>MARKT UND BAZAR<\/strong><br \/>\nIn unserem Supermarkt k\u00f6nnen Sie Ihren vierbeinigen Freund gerne mitnehmen. Entdecken Sie unser Sortiment an frischen Produkten und eine gro\u00dfe Auswahl an Hundefutter.<\/p>\n<p>&nbsp;<\/p>\n<p><strong>HUNDEDUSCHE UND TRINKBRUNNEN<\/strong><br \/>\nAuf dem Campingplatz gibt es eine Dog Shower. Ideal, um Ihren Hund nach dem Strandbesuch abzusp\u00fclen, bevor Sie zur Unterkunft zur\u00fcckkehren oder einen Aperitif an unserer Bar genie\u00dfen.<\/p>\n<p>&nbsp;<\/p>\n<p><strong>DER PINIENWALD VON CASAL BORSETTI<\/strong><br \/>\nDer perfekte Ort f\u00fcr den morgendlichen Spaziergang. Schatten, frische Luft und der weiche Boden aus Piniennadeln bieten den idealen Rahmen f\u00fcr den Urlaub mit Ihrem Hund.<\/p>\n","protected":false},"excerpt":{"rendered":"<p>Nutzen Sie jetzt das Angebot &#8222;Last Minute Camping Casal Borsetti August&#8220; \u2013 Erste Augustwoche! &nbsp; Profitieren Sie vom Angebot des Camping Pineta in Casal Borsetti, direkt am Meer an den Nordstr\u00e4nden von Ravenna (Lidi Nord). Stark erm\u00e4\u00dfigte Aufenthalte von 6, 7 oder 8 N\u00e4chten mit An- und Abreise am Samstag oder Sonntag. &nbsp; So buchen [&hellip;]<\/p>\n","protected":false},"author":212,"featured_media":0,"parent":0,"menu_order":300,"comment_status":"closed","ping_status":"closed","template":"","meta":{"footnotes":""},"class_list":["post-5290","page","type-page","status-publish","hentry"],"yoast_head":"<!-- This site is optimized with the Yoast SEO plugin v27.3 - https:\/\/yoast.com\/product\/yoast-seo-wordpress\/ -->\n<title>Last Minute Camping Casal Borsetti August | Camping Pineta<\/title>\n<meta name=\"description\" content=\"Entdecken Sie das Angebot &quot;Last Minute Camping Casal Borsetti August&quot;: Vom 01.08. bis 09.08. im Camping Pineta, ab 550 \u20ac pro Woche!\" \/>\n<meta name=\"robots\" content=\"index, follow, max-snippet:-1, max-image-preview:large, max-video-preview:-1\" \/>\n<link rel=\"canonical\" href=\"https:\/\/www.campingpineta.ra.it\/de\/last-minute-camping-casal-borsetti-august\/\" \/>\n<meta property=\"og:locale\" content=\"de_DE\" \/>\n<meta property=\"og:type\" content=\"article\" \/>\n<meta property=\"og:title\" content=\"Last Minute Camping Casal Borsetti August | Camping Pineta\" \/>\n<meta property=\"og:description\" content=\"Entdecken Sie das Angebot &quot;Last Minute Camping Casal Borsetti August&quot;: Vom 01.08. bis 09.08. im Camping Pineta, ab 550 \u20ac pro Woche!\" \/>\n<meta property=\"og:url\" content=\"https:\/\/www.campingpineta.ra.it\/de\/last-minute-camping-casal-borsetti-august\/\" \/>\n<meta property=\"og:site_name\" content=\"Camping Pineta\" \/>\n<meta property=\"article:publisher\" content=\"https:\/\/facebook.com\/tomasitourism\" \/>\n<meta property=\"article:modified_time\" content=\"2026-01-30T13:00:17+00:00\" \/>\n<meta name=\"twitter:card\" content=\"summary_large_image\" \/>\n<meta name=\"twitter:label1\" content=\"Gesch\u00e4tzte Lesezeit\" \/>\n\t<meta name=\"twitter:data1\" content=\"3 Minuten\" \/>\n<script type=\"application\/ld+json\" class=\"yoast-schema-graph\">{\"@context\":\"https:\\\/\\\/schema.org\",\"@graph\":[{\"@type\":\"WebPage\",\"@id\":\"https:\\\/\\\/www.campingpineta.ra.it\\\/de\\\/last-minute-camping-casal-borsetti-august\\\/\",\"url\":\"https:\\\/\\\/www.campingpineta.ra.it\\\/de\\\/last-minute-camping-casal-borsetti-august\\\/\",\"name\":\"Last Minute Camping Casal Borsetti August | Camping Pineta\",\"isPartOf\":{\"@id\":\"https:\\\/\\\/www.campingpineta.ra.it\\\/de\\\/#website\"},\"datePublished\":\"2025-04-18T12:49:56+00:00\",\"dateModified\":\"2026-01-30T13:00:17+00:00\",\"description\":\"Entdecken Sie das Angebot \\\"Last Minute Camping Casal Borsetti August\\\": Vom 01.08. bis 09.08. im Camping Pineta, ab 550 \u20ac pro Woche!\",\"breadcrumb\":{\"@id\":\"https:\\\/\\\/www.campingpineta.ra.it\\\/de\\\/last-minute-camping-casal-borsetti-august\\\/#breadcrumb\"},\"inLanguage\":\"de-DE\",\"potentialAction\":[{\"@type\":\"ReadAction\",\"target\":[\"https:\\\/\\\/www.campingpineta.ra.it\\\/de\\\/last-minute-camping-casal-borsetti-august\\\/\"]}]},{\"@type\":\"BreadcrumbList\",\"@id\":\"https:\\\/\\\/www.campingpineta.ra.it\\\/de\\\/last-minute-camping-casal-borsetti-august\\\/#breadcrumb\",\"itemListElement\":[{\"@type\":\"ListItem\",\"position\":1,\"name\":\"Home\",\"item\":\"https:\\\/\\\/www.campingpineta.ra.it\\\/de\\\/\"},{\"@type\":\"ListItem\",\"position\":2,\"name\":\"Last Minute Camping Casal Borsetti \u2013 Erste Augustwoche\"}]},{\"@type\":\"WebSite\",\"@id\":\"https:\\\/\\\/www.campingpineta.ra.it\\\/de\\\/#website\",\"url\":\"https:\\\/\\\/www.campingpineta.ra.it\\\/de\\\/\",\"name\":\"Camping Reno\",\"description\":\"\",\"publisher\":{\"@id\":\"https:\\\/\\\/www.campingpineta.ra.it\\\/de\\\/#organization\"},\"potentialAction\":[{\"@type\":\"SearchAction\",\"target\":{\"@type\":\"EntryPoint\",\"urlTemplate\":\"https:\\\/\\\/www.campingpineta.ra.it\\\/de\\\/?s={search_term_string}\"},\"query-input\":{\"@type\":\"PropertyValueSpecification\",\"valueRequired\":true,\"valueName\":\"search_term_string\"}}],\"inLanguage\":\"de-DE\"},{\"@type\":\"Organization\",\"@id\":\"https:\\\/\\\/www.campingpineta.ra.it\\\/de\\\/#organization\",\"name\":\"Camping Reno\",\"url\":\"https:\\\/\\\/www.campingpineta.ra.it\\\/de\\\/\",\"logo\":{\"@type\":\"ImageObject\",\"inLanguage\":\"de-DE\",\"@id\":\"https:\\\/\\\/www.campingpineta.ra.it\\\/de\\\/#\\\/schema\\\/logo\\\/image\\\/\",\"url\":\"\",\"contentUrl\":\"\",\"caption\":\"Camping Reno\"},\"image\":{\"@id\":\"https:\\\/\\\/www.campingpineta.ra.it\\\/de\\\/#\\\/schema\\\/logo\\\/image\\\/\"},\"sameAs\":[\"https:\\\/\\\/facebook.com\\\/tomasitourism\",\"https:\\\/\\\/instagram.com\\\/camping_reno\"]}]}<\/script>\n<!-- \/ Yoast SEO plugin. -->","yoast_head_json":{"title":"Last Minute Camping Casal Borsetti August | Camping Pineta","description":"Entdecken Sie das Angebot \"Last Minute Camping Casal Borsetti August\": Vom 01.08. bis 09.08. im Camping Pineta, ab 550 \u20ac pro Woche!","robots":{"index":"index","follow":"follow","max-snippet":"max-snippet:-1","max-image-preview":"max-image-preview:large","max-video-preview":"max-video-preview:-1"},"canonical":"https:\/\/www.campingpineta.ra.it\/de\/last-minute-camping-casal-borsetti-august\/","og_locale":"de_DE","og_type":"article","og_title":"Last Minute Camping Casal Borsetti August | Camping Pineta","og_description":"Entdecken Sie das Angebot \"Last Minute Camping Casal Borsetti August\": Vom 01.08. bis 09.08. im Camping Pineta, ab 550 \u20ac pro Woche!","og_url":"https:\/\/www.campingpineta.ra.it\/de\/last-minute-camping-casal-borsetti-august\/","og_site_name":"Camping Pineta","article_publisher":"https:\/\/facebook.com\/tomasitourism","article_modified_time":"2026-01-30T13:00:17+00:00","twitter_card":"summary_large_image","twitter_misc":{"Gesch\u00e4tzte Lesezeit":"3 Minuten"},"schema":{"@context":"https:\/\/schema.org","@graph":[{"@type":"WebPage","@id":"https:\/\/www.campingpineta.ra.it\/de\/last-minute-camping-casal-borsetti-august\/","url":"https:\/\/www.campingpineta.ra.it\/de\/last-minute-camping-casal-borsetti-august\/","name":"Last Minute Camping Casal Borsetti August | Camping Pineta","isPartOf":{"@id":"https:\/\/www.campingpineta.ra.it\/de\/#website"},"datePublished":"2025-04-18T12:49:56+00:00","dateModified":"2026-01-30T13:00:17+00:00","description":"Entdecken Sie das Angebot \"Last Minute Camping Casal Borsetti August\": Vom 01.08. bis 09.08. im Camping Pineta, ab 550 \u20ac pro Woche!","breadcrumb":{"@id":"https:\/\/www.campingpineta.ra.it\/de\/last-minute-camping-casal-borsetti-august\/#breadcrumb"},"inLanguage":"de-DE","potentialAction":[{"@type":"ReadAction","target":["https:\/\/www.campingpineta.ra.it\/de\/last-minute-camping-casal-borsetti-august\/"]}]},{"@type":"BreadcrumbList","@id":"https:\/\/www.campingpineta.ra.it\/de\/last-minute-camping-casal-borsetti-august\/#breadcrumb","itemListElement":[{"@type":"ListItem","position":1,"name":"Home","item":"https:\/\/www.campingpineta.ra.it\/de\/"},{"@type":"ListItem","position":2,"name":"Last Minute Camping Casal Borsetti \u2013 Erste Augustwoche"}]},{"@type":"WebSite","@id":"https:\/\/www.campingpineta.ra.it\/de\/#website","url":"https:\/\/www.campingpineta.ra.it\/de\/","name":"Camping Reno","description":"","publisher":{"@id":"https:\/\/www.campingpineta.ra.it\/de\/#organization"},"potentialAction":[{"@type":"SearchAction","target":{"@type":"EntryPoint","urlTemplate":"https:\/\/www.campingpineta.ra.it\/de\/?s={search_term_string}"},"query-input":{"@type":"PropertyValueSpecification","valueRequired":true,"valueName":"search_term_string"}}],"inLanguage":"de-DE"},{"@type":"Organization","@id":"https:\/\/www.campingpineta.ra.it\/de\/#organization","name":"Camping Reno","url":"https:\/\/www.campingpineta.ra.it\/de\/","logo":{"@type":"ImageObject","inLanguage":"de-DE","@id":"https:\/\/www.campingpineta.ra.it\/de\/#\/schema\/logo\/image\/","url":"","contentUrl":"","caption":"Camping Reno"},"image":{"@id":"https:\/\/www.campingpineta.ra.it\/de\/#\/schema\/logo\/image\/"},"sameAs":["https:\/\/facebook.com\/tomasitourism","https:\/\/instagram.com\/camping_reno"]}]}},"acf":[],"_links":{"self":[{"href":"https:\/\/www.campingpineta.ra.it\/de\/wp-json\/wp\/v2\/pages\/5290","targetHints":{"allow":["GET"]}}],"collection":[{"href":"https:\/\/www.campingpineta.ra.it\/de\/wp-json\/wp\/v2\/pages"}],"about":[{"href":"https:\/\/www.campingpineta.ra.it\/de\/wp-json\/wp\/v2\/types\/page"}],"author":[{"embeddable":true,"href":"https:\/\/www.campingpineta.ra.it\/de\/wp-json\/wp\/v2\/users\/212"}],"replies":[{"embeddable":true,"href":"https:\/\/www.campingpineta.ra.it\/de\/wp-json\/wp\/v2\/comments?post=5290"}],"version-history":[{"count":0,"href":"https:\/\/www.campingpineta.ra.it\/de\/wp-json\/wp\/v2\/pages\/5290\/revisions"}],"wp:attachment":[{"href":"https:\/\/www.campingpineta.ra.it\/de\/wp-json\/wp\/v2\/media?parent=5290"}],"curies":[{"name":"wp","href":"https:\/\/api.w.org\/{rel}","templated":true}]}}