   {"id":5303,"date":"2025-01-27T13:15:43","date_gmt":"2025-01-27T13:15:43","guid":{"rendered":"https:\/\/www.campingpineta.ra.it\/regolamento-interno-camping-casal-borsetti\/"},"modified":"2026-01-30T12:55:41","modified_gmt":"2026-01-30T12:55:41","slug":"interne-platzordnung-camping-casal-borsetti","status":"publish","type":"page","link":"https:\/\/www.campingpineta.ra.it\/de\/interne-platzordnung-camping-casal-borsetti\/","title":{"rendered":"Campingordnung"},"content":{"rendered":"<h3>INTERNE PLATZORDNUNG CAMPING CASAL BORSETTI | CAMPING PINETA<\/h3>\n<p><strong>ART. 1:<\/strong> Die Camper sind verpflichtet, diese Platzordnung, die Preisliste und die Buchungsbedingungen zur Kenntnis zu nehmen. Mit dem Betreten des Campingplatzes werden diese Bedingungen vorbehaltlos akzeptiert. Der Gast ist verpflichtet, der Direktion Personen zu melden, die sich nicht an diese Regeln halten.<\/p>\n<p>&nbsp;<\/p>\n<p><strong>ART. 2: ANKUNFT<\/strong><\/p>\n<ol>\n<li>Der Zutritt zum Campingplatz bedarf der Zustimmung der Direktion.<\/li>\n<li>Alle G\u00e4ste m\u00fcssen ihre Ausweispapiere zur gesetzlich vorgeschriebenen Registrierung vorlegen. Die Nichtbeachtung dieser Normen stellt einen Versto\u00df gegen das Strafgesetzbuch dar.<\/li>\n<li>Bei der Registrierung erhalten die G\u00e4ste einen \u201eCamping-Pass\u201c oder ein \u201eArmband\u201c. Diese m\u00fcssen w\u00e4hrend des gesamten Aufenthalts mitgef\u00fchrt und dem Personal auf Verlangen vorgezeigt werden.<\/li>\n<li>Die Bezahlung gem\u00e4\u00df Preisliste oder Buchungsbest\u00e4tigung muss im Voraus erfolgen.<\/li>\n<\/ol>\n<p>&nbsp;<\/p>\n<p><strong>ART. 3: ABREISE<\/strong><\/p>\n<ol>\n<li>Alle G\u00e4ste m\u00fcssen den \u201eCamping-Pass\u201c oder das \u201eArmband\u201c beim Check-out an der Rezeption zur\u00fcckgeben.<\/li>\n<li>G\u00e4ste von Mietunterk\u00fcnften m\u00fcssen die Schl\u00fcssel an der Rezeption abgeben.<\/li>\n<\/ol>\n<p>&nbsp;<\/p>\n<p><strong>ART. 4: DIENSTLEISTUNGEN<\/strong><\/p>\n<ol>\n<li>Die Nutzung der Einrichtungen wie Schwimmb\u00e4der, Spielhalle, Tennispl\u00e4tze, Boccia, Fu\u00dfball, Basketball und aller anderen Anlagen innerhalb des Feriendorfes ist den Inhabern eines Camping-Passes vorbehalten.<\/li>\n<li>F\u00fcr die Nutzung aller Dienstleistungen m\u00fcssen die \u00d6ffnungszeiten sowie die jeweiligen, an den Eing\u00e4ngen ausgeh\u00e4ngten Regeln und Vorschriften beachtet werden.<\/li>\n<\/ol>\n<p>&nbsp;<\/p>\n<p><strong>ART. 5: \u00d6FFNUNGSZEITEN UND RUHEZEITEN<\/strong><\/p>\n<ol>\n<li>Kassenstunden: T\u00e4glich von 08:30 bis 12:30 Uhr und von 15:00 bis 19:00 Uhr.<\/li>\n<li>B\u00fcrozeiten: T\u00e4glich von 08:00 bis 20:00 Uhr.<\/li>\n<li>Ruhezeiten: Von 13:30 bis 15:00 Uhr und von 23:30 bis 07:30 Uhr.<\/li>\n<\/ol>\n<p>&nbsp;<\/p>\n<p><strong>ART. 6: RUHEZEITEN<\/strong><\/p>\n<p>W\u00e4hrend dieser Zeiten sind alle Ger\u00e4usche verboten, die die Ruhe der Camper st\u00f6ren k\u00f6nnten, wie z. B. der Auf- und Abbau von Zelten oder das Fahren mit motorisierten Fahrzeugen. Es ist daher untersagt: Radios oder \u00e4hnliche Ger\u00e4te zu benutzen, l\u00e4rmende Versammlungen oder Treffen in den Gemeinschaftsbereichen abzuhalten sowie Geschirr in den Sanit\u00e4ranlagen zu sp\u00fclen. An Abenden mit Animationsprogramm beh\u00e4lt sich die Direktion das Recht vor, den Beginn der Nachtruhe \u00fcber 23:30 Uhr hinaus zu verschieben.<\/p>\n<p><strong>\u00a0<\/strong><\/p>\n<p><strong>ART. 7: AUFBEWAHRUNG VON WERTSACHEN<\/strong><\/p>\n<p>Die Direktion haftet nicht f\u00fcr:<\/p>\n<ol>\n<li>den eventuellen Diebstahl von Kostbarkeiten und Wertgegenst\u00e4nden, die nicht zur Verwahrung anvertraut wurden;<\/li>\n<li>den eventuellen Diebstahl von Gegenst\u00e4nden, der durch mangelnde Vorsicht seitens des Gastes erm\u00f6glicht wurde;<\/li>\n<li>Gegenst\u00e4nde, die in den Bungalows oder auf den Stellpl\u00e4tzen vergessen wurden.<\/li>\n<\/ol>\n<p>Auf dem Campinggel\u00e4nde gefundene Gegenst\u00e4nde m\u00fcssen an der Rezeption abgegeben werden.<\/p>\n<p>&nbsp;<\/p>\n<p><strong>ART. 8: CAMPINGPAY<\/strong><\/p>\n<ol>\n<li>F\u00fcr Zahlungen an allen Verkaufsstellen des Campingplatzes ist die Verwendung der CAMPINGPAY-Karte obligatorisch, die beim Check-in ausgeh\u00e4ndigt wird. Das auf die CAMPINGPAY geladene Bargeld kann zu den Kassen\u00f6ffnungszeiten der Rezeption wieder ausgezahlt werden. Bei Diebstahl oder Verlust wird die Karte gesperrt.<\/li>\n<li>In diesem Fall kann ein Ersatz oder die R\u00fcckerstattung des Restguthabens beantragt werden. Das Guthaben wird in jedem Fall beim Check-out zur\u00fcckerstattet. Die Karte ist kostenlos, es wird lediglich eine Kaution von 5,00 \u20ac erhoben.<\/li>\n<\/ol>\n<p>&nbsp;<\/p>\n<p><strong>ART. 9: BESUCHER<\/strong><\/p>\n<ol>\n<li>Die Direktion beh\u00e4lt sich das Recht vor, den Zutritt f\u00fcr Besucher und Tagesg\u00e4ste zu gestatten.<\/li>\n<li>Die G\u00e4ste sind verpflichtet, der Direktion die Ankunft von Besuchern vor deren Betreten des Gel\u00e4ndes zu melden.<\/li>\n<li>Besucher m\u00fcssen eine Tagesgeb\u00fchr entrichten und einen Ausweis hinterlegen, der beim Verlassen des Platzes zur\u00fcckgegeben wird.<\/li>\n<li>Nach 21:00 Uhr sind keine Besucher mehr zugelassen. Der Zutritt zum Feriendorf ist ab diesem Zeitpunkt nur noch Restaurantg\u00e4sten gestattet.<\/li>\n<li>Der Inhaber der Reservierung ist f\u00fcr das Verhalten seiner G\u00e4ste auf dem Campingplatz verantwortlich.<\/li>\n<\/ol>\n<p>&nbsp;<\/p>\n<p><strong>ART. 10: MINDERJ\u00c4HRIGE<\/strong><\/p>\n<ol>\n<li>Minderj\u00e4hrige sind auf dem Campingplatz nur in Begleitung ihrer Eltern zugelassen.<\/li>\n<li>Minderj\u00e4hrige im Alter von 16 bis 17 Jahren k\u00f6nnen auch ohne Begleitung der Eltern aufgenommen werden, sofern eine entsprechende Haftungsausschlusserkl\u00e4rung (Haftungsfreistellung) vorgelegt wird.<\/li>\n<li>Kinder unter 8 Jahren m\u00fcssen bei der Nutzung der verschiedenen Einrichtungen und Dienstleistungen stets begleitet werden.<\/li>\n<\/ol>\n<p>&nbsp;<\/p>\n<p><strong>ART. 11: FAHRZEUGVERKEHR (AUTOS UND MOTORR\u00c4DER) AUF DEM CAMPINGPLATZ<\/strong><\/p>\n<ol>\n<li>Die Einfahrt von Autos in den Campingplatz ist erst nach Registrierung des Kennzeichens an der Rezeption gestattet.<\/li>\n<li>Es ist nur ein Auto (Kennzeichen) pro Unterkunft oder Stellplatz erlaubt.<\/li>\n<li>Die Autos m\u00fcssen innerhalb des Stellplatzes oder in unmittelbarer N\u00e4he der Unterkunft geparkt werden.<\/li>\n<li>Ein zweites Auto darf den Campingplatz nur nach vorheriger Genehmigung der Direktion und gegen Zahlung der entsprechenden Geb\u00fchr befahren.<\/li>\n<li>Fahrzeuge, die an nicht autorisierten Stellen geparkt werden, m\u00fcssen die in der Preisliste aufgef\u00fchrte Geb\u00fchr entrichten.<\/li>\n<li>Falls ein Abschleppen erforderlich wird, gehen die daraus entstehenden Kosten zu Lasten des Fahrzeughalters.<\/li>\n<li>Fahrzeuge d\u00fcrfen w\u00e4hrend der erlaubten Zeiten nur zum Ein- und Ausfahren bewegt werden und m\u00fcssen mit \u00e4u\u00dferster Vorsicht benutzt werden.<\/li>\n<li>Die zul\u00e4ssige H\u00f6chstgeschwindigkeit betr\u00e4gt 5 km\/h.<\/li>\n<li>Mofas m\u00fcssen auf dem Gel\u00e4nde geschoben werden.<\/li>\n<li>Motorr\u00e4der: Das Fahren mit Motorr\u00e4dern innerhalb des Feriendorfes ist untersagt; sie m\u00fcssen auf dem daf\u00fcr vorgesehenen Parkplatz am Eingang abgestellt werden.<\/li>\n<\/ol>\n<p>&nbsp;<\/p>\n<p><strong>ART. 12: HAUSTIERE, HUNDE UND KATZEN<\/strong><\/p>\n<ol>\n<li>Innerhalb des Campingplatzes sind nur Haustiere (Hunde und Katzen) gegen Vorlage des Impfpasses und\/oder des Mikrochip-Nachweises gestattet.<\/li>\n<li>Die Aufnahme von Haustieren unterliegt der Einhaltung der Hygiene- und Zusammenlebensregeln sowie der Zustimmung der Direktion.<\/li>\n<li>Tiere d\u00fcrfen keinesfalls frei herumlaufen; sie m\u00fcssen stets an der Leine gef\u00fchrt werden.\u00a0 Hunde mittlerer und gro\u00dfer Gr\u00f6\u00dfe m\u00fcssen einen Maulkorb tragen. Eventuelle Exkremente m\u00fcssen sofort entfernt werden. Campingg\u00e4ste sind verpflichtet, die Anwesenheit eines Haustieres bereits bei der Buchung sowie bei der Ankunft an der Rezeption zu melden.<\/li>\n<li>Die Nichtbeachtung dieser einfachen Regeln wird mit einem Bu\u00dfgeld von 50 \u20ac bis 250 \u20ac geahndet und kann bis zum Platzverweis f\u00fchren.<\/li>\n<li>Die Besitzer haftet allein f\u00fcr alle Sch\u00e4den an Personen oder Sachen, die durch ihre Tiere verursacht werden.<\/li>\n<li>Die Nichteinhaltung dieser Normen f\u00fchrt zum Ausschluss der gesamten Reisegruppe vom Campingplatz, wobei der gesamte gebuchte Zeitraum zu bezahlen ist.<\/li>\n<\/ol>\n<p><strong>\u00a0<\/strong><\/p>\n<p><strong>ART. 13: POST UND KORRESPONDENZ<\/strong><\/p>\n<ol>\n<li>Postsendungen werden nur angenommen, wenn sie vorab per E-Mail oder WhatsApp angek\u00fcndigt wurden. In keinem Fall werden Pakete per Nachnahme (Bezahlung bei Lieferung) akzeptiert.<\/li>\n<li>Die Post muss pers\u00f6nlich vom Empf\u00e4nger an der Rezeption abgeholt werden.<\/li>\n<li>Sollte die Korrespondenz nicht innerhalb von 7 Tagen abgeholt werden, wird sie an den Absender zur\u00fcckgeschickt.<\/li>\n<\/ol>\n<p><strong>\u00a0<\/strong><\/p>\n<p><strong>ART. 14: HAFTUNG<\/strong><\/p>\n<p>Die Direktion \u00fcbernimmt keine Haftung f\u00fcr:<\/p>\n<ol>\n<li>den eventuellen Diebstahl von Kostbarkeiten und Wertgegenst\u00e4nden, die nicht zur Verwahrung anvertraut wurden;<\/li>\n<li>den eventuellen Diebstahl von Gegenst\u00e4nden, der durch mangelnde Vorsicht seitens des Gastes erm\u00f6glicht wurde;<\/li>\n<li>Sch\u00e4den, die durch andere G\u00e4ste, h\u00f6here Gewalt, Naturkatastrophen, Insekten, Krankheiten und Epidemien (auch Pflanzenkrankheiten) oder durch andere Ursachen verursacht werden, die nicht auf Fahrl\u00e4ssigkeit des Campingplatzpersonals zur\u00fcckzuf\u00fchren sind.<\/li>\n<\/ol>\n<p>&nbsp;<\/p>\n<p><strong>ART. 15: ABFALLENTSORGUNG<\/strong><\/p>\n<ol>\n<li>Die G\u00e4ste sind verpflichtet, ihren Abfall in den daf\u00fcr vorgesehenen Containern zu entsorgen. Innerhalb des Campingplatzes ist die M\u00fclltrennung (getrennte Abfallsammlung) obligatorisch.<\/li>\n<li>Die entsprechenden Container befinden sich in der N\u00e4he der zentralen Sanit\u00e4ranlagen sowie beim Bar\/Restaurant-Bereich. K\u00fchlschr\u00e4nke,<\/li>\n<li>Elektroaltger\u00e4te (WEEE) und Sperrm\u00fcll m\u00fcssen zum Recyclinghof in Marina Romea gebracht werden. Hierf\u00fcr ist ein entsprechender Pass an der Rezeption abzuholen.<\/li>\n<\/ol>\n<p>&nbsp;<\/p>\n<p><strong>ART. 16: CAMPING (STELLPL\u00c4TZE)<\/strong><\/p>\n<ol>\n<li>Die Stellpl\u00e4tze werden immer von der Direktion zugewiesen.<\/li>\n<li>Das Aufstellen des Wohnwagens oder das Errichten des Zeltes muss stets gem\u00e4\u00df den Anweisungen der Direktion erfolgen.<\/li>\n<li>Zelte oder Wohnwagen m\u00fcssen so positioniert werden, dass sie den normalen internen Verkehrsfluss nicht behindern.<\/li>\n<li>F\u00fcr den Anschluss an die Stroms\u00e4ulen auf dem Gel\u00e4nde ist es obligatorisch, dass die Anlage, die Kabel und die Stecker der CEE-Norm entsprechen. Die Stromabgabe (220 Volt) ist auf 4 oder 6 Ampere begrenzt. Die Stroms\u00e4ule ist mit einem Fehlerstrom-Schutzschalter (FI-Schalter\/Salvavita) ausgestattet. Sollte die Stromversorgung unterbrochen werden, muss die Rezeption benachrichtigt werden.<\/li>\n<\/ol>\n<p>&nbsp;<\/p>\n<p><strong>ART. 17: ES IST STRENGSTENS VERBOTEN<\/strong><\/p>\n<ol>\n<li>das Ausheben von Gr\u00e4ben und Kan\u00e4len um Zelte und auf den Stellpl\u00e4tzen;<\/li>\n<li>Abf\u00e4lle auf den Stellpl\u00e4tzen zu hinterlassen;<\/li>\n<li>Fl\u00fcssigkeiten jeglicher Art (au\u00dfer Wasser) auf den Boden zu gie\u00dfen;<\/li>\n<li>offenes Feuer im Freien zu entz\u00fcnden;<\/li>\n<li>Fahrzeuge au\u00dferhalb der daf\u00fcr vorgesehenen Bereiche zu waschen;<\/li>\n<li>Planen oder Vorzelte mit Seilen oder anderem Material an den B\u00e4umen zu befestigen;<\/li>\n<li>den Zustand des Bodens zu ver\u00e4ndern;<\/li>\n<li>den Stellplatz mit nicht von der Direktion genehmigten Z\u00e4unen einzuz\u00e4unen oder Gegenst\u00e4nde zu installieren, die eine potenzielle Gefahr darstellen oder den freien Durchgang behindern k\u00f6nnten (insbesondere im Notfall);<\/li>\n<li>mehr als eine Steckdose pro Stellplatz zu nutzen. Bei Nichtbeachtung kann die Direktion Ma\u00dfnahmen wie den Platzverweis oder einen Aufpreis auf den Tagessatz ergreifen;<\/li>\n<li>mehr als eine Gasflasche pro Stellplatz zu lagern;<\/li>\n<li>Abf\u00e4lle au\u00dferhalb der daf\u00fcr vorgesehenen Beh\u00e4lter zu entsorgen;<\/li>\n<li>das Grillen mit Holzkohle, au\u00dfer in den speziell daf\u00fcr ausgewiesenen Bereichen;<\/li>\n<li>die Nutzung von Gasgrills ist gestattet, sofern dies keine St\u00f6rung oder Gefahr darstellt;<\/li>\n<li>das Waschen von Autos oder anderen Fahrzeugen auf dem Campinggel\u00e4nde;<\/li>\n<li>Wasser zu verschwenden oder missbr\u00e4uchlich zu verwenden;<\/li>\n<li>Fl\u00fcssigkeiten jeglicher Art (\u00d6le, Salzwasser usw.) auf den Boden oder in die Abflussbecken zu gie\u00dfen.<\/li>\n<\/ol>\n<p>&nbsp;<\/p>\n<p><strong>ART. 18: PLATZVERWEIS (AUSWEISUNG)<\/strong><\/p>\n<p>Die Direktion beh\u00e4lt sich das Recht vor, Personen des Platzes zu verweisen, die nach ihrem unanfechtbaren Urteil gegen die Platzordnung versto\u00dfen, die Harmonie und den Geist der Anlage st\u00f6ren oder das friedliche Zusammenleben sowie die Interessen des Beherbergungsbetriebs sch\u00e4digen.<\/p>\n<p>&nbsp;<\/p>\n<p><strong>ART. 19: RECHTSFOLGEN BEI NICHTBEACHTUNG<\/strong><\/p>\n<p>Die Nichtbeachtung der internen Platzordnung berechtigt die Direktion, den Inhaber der Reservierung sowie alle zu seiner Gruppe geh\u00f6renden Personen des Gel\u00e4ndes zu verweisen. Dies beinhaltet die R\u00e4umung des Stellplatzes von allen im Eigentum des Inhabers befindlichen G\u00fctern, unter Ausschluss jeglicher Haftung f\u00fcr Sch\u00e4den, die aus der eventuellen zwangsweisen Entfernung dieser G\u00fcter entstehen k\u00f6nnten.<\/p>\n<p>Die Direktion kann zudem ihr Zur\u00fcckbehaltungsrecht aus\u00fcben und ohne vorherige Inverzugsetzung die Zahlung des gesamten vereinbarten Entgelts fordern, einschlie\u00dflich aller noch ausstehenden Betr\u00e4ge. Der Inhaber verzichtet auf jegliche rechtliche Schritte gegen den Beherbergungsbetrieb \u201eCampeggio\u201c zur Geltendmachung von Sch\u00e4den, die infolge der oben genannten Ma\u00dfnahmen entstehen k\u00f6nnten, und verpflichtet sich, der Direktion alle Kosten zu erstatten, die f\u00fcr die Entfernung sowie die eventuelle Verwahrung und Lagerung der betreffenden G\u00fcter anfallen.<\/p>\n<p>&nbsp;<\/p>\n<p>&nbsp;<\/p>\n<p><strong>WIR ERINNERN SIE DARAN:<\/strong><\/p>\n<p>Versp\u00e4tete Ankunft und vorzeitige Abreise: Diese verpflichten in jedem Fall zur Bezahlung des gesamten gebuchten Zeitraums.<\/p>\n<p>Ankunft ohne Voranmeldung: Im Falle einer versp\u00e4teten Ankunft ohne Benachrichtigung bleibt die Unterkunft bis 12:00 Uhr des Folgetages f\u00fcr den Kunden reserviert.<\/p>\n<p>&nbsp;<\/p>\n<p><strong>Bungalows<\/strong><\/p>\n<ol>\n<li>Die Wohneinheiten stehen den G\u00e4sten ab 17:00 Uhr zur Verf\u00fcgung.<\/li>\n<li>Die Unterk\u00fcnfte m\u00fcssen am Abreisetag bis 10:00 Uhr ger\u00e4umt sein (Schl\u00fcsselr\u00fcckgabe an der Rezeption). Bei einer nicht genehmigten Versp\u00e4tung wird der Preis f\u00fcr einen zus\u00e4tzlichen Tag berechnet.<\/li>\n<li>Die Wohneinheiten m\u00fcssen ordentlich und sauber hinterlassen werden. Andernfalls werden die Kosten f\u00fcr die Endreinigung gem\u00e4\u00df Preisliste in Rechnung gestellt.<\/li>\n<\/ol>\n<p>&nbsp;<\/p>\n<p><strong>Stellpl\u00e4tze<\/strong><\/p>\n<ol>\n<li>Die Stellpl\u00e4tze stehen ab 15:00 Uhr zur Verf\u00fcgung.<\/li>\n<li>Die Stellpl\u00e4tze m\u00fcssen bis 12:00 Uhr ger\u00e4umt werden. Bei einer nicht genehmigten Versp\u00e4tung wird der Preis f\u00fcr einen zus\u00e4tzlichen Tag berechnet.<\/li>\n<\/ol>\n<p>&nbsp;<\/p>\n<p><strong>Nachdem Sie die Platzordnung des Camping Casal Borsetti<\/strong> gelesen haben, werfen Sie einen Blick auf unsere<a href=\"https:\/\/www.campingpineta.ra.it\/de\/bungalow-glamping\/\"><strong> Bungalows, Glamping-Zelte<\/strong><\/a> und die <a href=\"https:\/\/www.campingpineta.ra.it\/de\/stellplatzliste\/\"><strong>Stellpl\u00e4tze<\/strong><\/a> des Camping Pineta, Camping Low Cost Casal Borsetti Mare.<\/p>\n<p>&nbsp;<\/p>\n<p><a href=\"https:\/\/www.scidoo.com\/preventivov2\/?cod=1313&amp;dataarr=2026-9-16&amp;notti=7&amp;adult=2&amp;children=&amp;IDsotto_struttura=931&amp;lang=4&amp;structure_type=0&amp;promocode=\"><strong>PR\u00dcFEN SIE DIE VERF\u00dcGBARKEIT ONLINE<\/strong><\/a><\/p>\n","protected":false},"excerpt":{"rendered":"<p>INTERNE PLATZORDNUNG CAMPING CASAL BORSETTI | CAMPING PINETA ART. 1: Die Camper sind verpflichtet, diese Platzordnung, die Preisliste und die Buchungsbedingungen zur Kenntnis zu nehmen. Mit dem Betreten des Campingplatzes werden diese Bedingungen vorbehaltlos akzeptiert. Der Gast ist verpflichtet, der Direktion Personen zu melden, die sich nicht an diese Regeln halten. &nbsp; ART. 2: ANKUNFT [&hellip;]<\/p>\n","protected":false},"author":212,"featured_media":0,"parent":0,"menu_order":300,"comment_status":"closed","ping_status":"closed","template":"","meta":{"footnotes":""},"class_list":["post-5303","page","type-page","status-publish","hentry"],"yoast_head":"<!-- This site is optimized with the Yoast SEO plugin v27.3 - https:\/\/yoast.com\/product\/yoast-seo-wordpress\/ -->\n<title>Interne Platzordnung \u2013 Camping Casal Borsetti | Camping Pineta<\/title>\n<meta name=\"description\" content=\"Interne Platzordnung, Camping Pineta, Campingplatz direkt am Meer, nur wenige Kilometer von Ravenna entfernt. Fordern Sie jetzt Ihr Angebot an!\" \/>\n<meta name=\"robots\" content=\"index, follow, max-snippet:-1, max-image-preview:large, max-video-preview:-1\" \/>\n<link rel=\"canonical\" href=\"https:\/\/www.campingpineta.ra.it\/de\/interne-platzordnung-camping-casal-borsetti\/\" \/>\n<meta property=\"og:locale\" content=\"de_DE\" \/>\n<meta property=\"og:type\" content=\"article\" \/>\n<meta property=\"og:title\" content=\"Interne Platzordnung \u2013 Camping Casal Borsetti | Camping Pineta\" \/>\n<meta property=\"og:description\" content=\"Interne Platzordnung, Camping Pineta, Campingplatz direkt am Meer, nur wenige Kilometer von Ravenna entfernt. Fordern Sie jetzt Ihr Angebot an!\" \/>\n<meta property=\"og:url\" content=\"https:\/\/www.campingpineta.ra.it\/de\/interne-platzordnung-camping-casal-borsetti\/\" \/>\n<meta property=\"og:site_name\" content=\"Camping Pineta\" \/>\n<meta property=\"article:publisher\" content=\"https:\/\/facebook.com\/tomasitourism\" \/>\n<meta property=\"article:modified_time\" content=\"2026-01-30T12:55:41+00:00\" \/>\n<meta name=\"twitter:card\" content=\"summary_large_image\" \/>\n<meta name=\"twitter:label1\" content=\"Gesch\u00e4tzte Lesezeit\" \/>\n\t<meta name=\"twitter:data1\" content=\"9 Minuten\" \/>\n<script type=\"application\/ld+json\" class=\"yoast-schema-graph\">{\"@context\":\"https:\\\/\\\/schema.org\",\"@graph\":[{\"@type\":\"WebPage\",\"@id\":\"https:\\\/\\\/www.campingpineta.ra.it\\\/de\\\/interne-platzordnung-camping-casal-borsetti\\\/\",\"url\":\"https:\\\/\\\/www.campingpineta.ra.it\\\/de\\\/interne-platzordnung-camping-casal-borsetti\\\/\",\"name\":\"Interne Platzordnung \u2013 Camping Casal Borsetti | Camping Pineta\",\"isPartOf\":{\"@id\":\"https:\\\/\\\/www.campingpineta.ra.it\\\/de\\\/#website\"},\"datePublished\":\"2025-01-27T13:15:43+00:00\",\"dateModified\":\"2026-01-30T12:55:41+00:00\",\"description\":\"Interne Platzordnung, Camping Pineta, Campingplatz direkt am Meer, nur wenige Kilometer von Ravenna entfernt. Fordern Sie jetzt Ihr Angebot an!\",\"breadcrumb\":{\"@id\":\"https:\\\/\\\/www.campingpineta.ra.it\\\/de\\\/interne-platzordnung-camping-casal-borsetti\\\/#breadcrumb\"},\"inLanguage\":\"de-DE\",\"potentialAction\":[{\"@type\":\"ReadAction\",\"target\":[\"https:\\\/\\\/www.campingpineta.ra.it\\\/de\\\/interne-platzordnung-camping-casal-borsetti\\\/\"]}]},{\"@type\":\"BreadcrumbList\",\"@id\":\"https:\\\/\\\/www.campingpineta.ra.it\\\/de\\\/interne-platzordnung-camping-casal-borsetti\\\/#breadcrumb\",\"itemListElement\":[{\"@type\":\"ListItem\",\"position\":1,\"name\":\"Home\",\"item\":\"https:\\\/\\\/www.campingpineta.ra.it\\\/de\\\/\"},{\"@type\":\"ListItem\",\"position\":2,\"name\":\"Campingordnung\"}]},{\"@type\":\"WebSite\",\"@id\":\"https:\\\/\\\/www.campingpineta.ra.it\\\/de\\\/#website\",\"url\":\"https:\\\/\\\/www.campingpineta.ra.it\\\/de\\\/\",\"name\":\"Camping Reno\",\"description\":\"\",\"publisher\":{\"@id\":\"https:\\\/\\\/www.campingpineta.ra.it\\\/de\\\/#organization\"},\"potentialAction\":[{\"@type\":\"SearchAction\",\"target\":{\"@type\":\"EntryPoint\",\"urlTemplate\":\"https:\\\/\\\/www.campingpineta.ra.it\\\/de\\\/?s={search_term_string}\"},\"query-input\":{\"@type\":\"PropertyValueSpecification\",\"valueRequired\":true,\"valueName\":\"search_term_string\"}}],\"inLanguage\":\"de-DE\"},{\"@type\":\"Organization\",\"@id\":\"https:\\\/\\\/www.campingpineta.ra.it\\\/de\\\/#organization\",\"name\":\"Camping Reno\",\"url\":\"https:\\\/\\\/www.campingpineta.ra.it\\\/de\\\/\",\"logo\":{\"@type\":\"ImageObject\",\"inLanguage\":\"de-DE\",\"@id\":\"https:\\\/\\\/www.campingpineta.ra.it\\\/de\\\/#\\\/schema\\\/logo\\\/image\\\/\",\"url\":\"\",\"contentUrl\":\"\",\"caption\":\"Camping Reno\"},\"image\":{\"@id\":\"https:\\\/\\\/www.campingpineta.ra.it\\\/de\\\/#\\\/schema\\\/logo\\\/image\\\/\"},\"sameAs\":[\"https:\\\/\\\/facebook.com\\\/tomasitourism\",\"https:\\\/\\\/instagram.com\\\/camping_reno\"]}]}<\/script>\n<!-- \/ Yoast SEO plugin. -->","yoast_head_json":{"title":"Interne Platzordnung \u2013 Camping Casal Borsetti | Camping Pineta","description":"Interne Platzordnung, Camping Pineta, Campingplatz direkt am Meer, nur wenige Kilometer von Ravenna entfernt. Fordern Sie jetzt Ihr Angebot an!","robots":{"index":"index","follow":"follow","max-snippet":"max-snippet:-1","max-image-preview":"max-image-preview:large","max-video-preview":"max-video-preview:-1"},"canonical":"https:\/\/www.campingpineta.ra.it\/de\/interne-platzordnung-camping-casal-borsetti\/","og_locale":"de_DE","og_type":"article","og_title":"Interne Platzordnung \u2013 Camping Casal Borsetti | Camping Pineta","og_description":"Interne Platzordnung, Camping Pineta, Campingplatz direkt am Meer, nur wenige Kilometer von Ravenna entfernt. Fordern Sie jetzt Ihr Angebot an!","og_url":"https:\/\/www.campingpineta.ra.it\/de\/interne-platzordnung-camping-casal-borsetti\/","og_site_name":"Camping Pineta","article_publisher":"https:\/\/facebook.com\/tomasitourism","article_modified_time":"2026-01-30T12:55:41+00:00","twitter_card":"summary_large_image","twitter_misc":{"Gesch\u00e4tzte Lesezeit":"9 Minuten"},"schema":{"@context":"https:\/\/schema.org","@graph":[{"@type":"WebPage","@id":"https:\/\/www.campingpineta.ra.it\/de\/interne-platzordnung-camping-casal-borsetti\/","url":"https:\/\/www.campingpineta.ra.it\/de\/interne-platzordnung-camping-casal-borsetti\/","name":"Interne Platzordnung \u2013 Camping Casal Borsetti | Camping Pineta","isPartOf":{"@id":"https:\/\/www.campingpineta.ra.it\/de\/#website"},"datePublished":"2025-01-27T13:15:43+00:00","dateModified":"2026-01-30T12:55:41+00:00","description":"Interne Platzordnung, Camping Pineta, Campingplatz direkt am Meer, nur wenige Kilometer von Ravenna entfernt. Fordern Sie jetzt Ihr Angebot an!","breadcrumb":{"@id":"https:\/\/www.campingpineta.ra.it\/de\/interne-platzordnung-camping-casal-borsetti\/#breadcrumb"},"inLanguage":"de-DE","potentialAction":[{"@type":"ReadAction","target":["https:\/\/www.campingpineta.ra.it\/de\/interne-platzordnung-camping-casal-borsetti\/"]}]},{"@type":"BreadcrumbList","@id":"https:\/\/www.campingpineta.ra.it\/de\/interne-platzordnung-camping-casal-borsetti\/#breadcrumb","itemListElement":[{"@type":"ListItem","position":1,"name":"Home","item":"https:\/\/www.campingpineta.ra.it\/de\/"},{"@type":"ListItem","position":2,"name":"Campingordnung"}]},{"@type":"WebSite","@id":"https:\/\/www.campingpineta.ra.it\/de\/#website","url":"https:\/\/www.campingpineta.ra.it\/de\/","name":"Camping Reno","description":"","publisher":{"@id":"https:\/\/www.campingpineta.ra.it\/de\/#organization"},"potentialAction":[{"@type":"SearchAction","target":{"@type":"EntryPoint","urlTemplate":"https:\/\/www.campingpineta.ra.it\/de\/?s={search_term_string}"},"query-input":{"@type":"PropertyValueSpecification","valueRequired":true,"valueName":"search_term_string"}}],"inLanguage":"de-DE"},{"@type":"Organization","@id":"https:\/\/www.campingpineta.ra.it\/de\/#organization","name":"Camping Reno","url":"https:\/\/www.campingpineta.ra.it\/de\/","logo":{"@type":"ImageObject","inLanguage":"de-DE","@id":"https:\/\/www.campingpineta.ra.it\/de\/#\/schema\/logo\/image\/","url":"","contentUrl":"","caption":"Camping Reno"},"image":{"@id":"https:\/\/www.campingpineta.ra.it\/de\/#\/schema\/logo\/image\/"},"sameAs":["https:\/\/facebook.com\/tomasitourism","https:\/\/instagram.com\/camping_reno"]}]}},"acf":[],"_links":{"self":[{"href":"https:\/\/www.campingpineta.ra.it\/de\/wp-json\/wp\/v2\/pages\/5303","targetHints":{"allow":["GET"]}}],"collection":[{"href":"https:\/\/www.campingpineta.ra.it\/de\/wp-json\/wp\/v2\/pages"}],"about":[{"href":"https:\/\/www.campingpineta.ra.it\/de\/wp-json\/wp\/v2\/types\/page"}],"author":[{"embeddable":true,"href":"https:\/\/www.campingpineta.ra.it\/de\/wp-json\/wp\/v2\/users\/212"}],"replies":[{"embeddable":true,"href":"https:\/\/www.campingpineta.ra.it\/de\/wp-json\/wp\/v2\/comments?post=5303"}],"version-history":[{"count":0,"href":"https:\/\/www.campingpineta.ra.it\/de\/wp-json\/wp\/v2\/pages\/5303\/revisions"}],"wp:attachment":[{"href":"https:\/\/www.campingpineta.ra.it\/de\/wp-json\/wp\/v2\/media?parent=5303"}],"curies":[{"name":"wp","href":"https:\/\/api.w.org\/{rel}","templated":true}]}}