   {"id":5316,"date":"2025-04-25T16:25:35","date_gmt":"2025-04-25T16:25:35","guid":{"rendered":"https:\/\/www.campingpineta.ra.it\/sosta-camper-marina-romea\/"},"modified":"2026-01-30T13:04:57","modified_gmt":"2026-01-30T13:04:57","slug":"wohnmobilstellplatz-marina-romea","status":"publish","type":"page","link":"https:\/\/www.campingpineta.ra.it\/de\/wohnmobilstellplatz-marina-romea\/","title":{"rendered":"Wohnmobilstellplatz Marina Romea"},"content":{"rendered":"<p>Nutzen Sie jetzt das Angebot des <strong>Wohnmobilstellplatzes Marina<\/strong>\u00a0auf dem Camping Pineta \u2013 direkt am Meer an den Nordlinden von Ravenna gelegen. Die An- und Abreise mit Ihrem Wohnmobil ist an jedem Wochentag m\u00f6glich. <strong>Late Check-out ist ebenfalls verf\u00fcgbar.<\/strong><\/p>\n<p>&nbsp;<\/p>\n<p><strong>So buchen Sie Ihren Wohnmobilstellplatz Marina auf dem Camping Pineta:<\/strong><\/p>\n<ul>\n<li>Fordern Sie ein Angebot an, indem Sie Ihren bevorzugten Urlaubszeitraum im Formular angeben.<\/li>\n<li>Buchen Sie direkt online mit Kreditkarte \u2013 <a href=\"https:\/\/www.scidoo.com\/preventivov2\/?cod=1313&amp;dataarr=2026-9-16&amp;notti=7&amp;adult=2&amp;children=&amp;IDsotto_struttura=0&amp;lang=4&amp;structure_type=0&amp;promocode=\"><strong>klicken Sie hier.<\/strong><\/a><\/li>\n<li>Rufen Sie direkt an unserer Rezeption an: +39 0544 445020 (t\u00e4glich von 8:00 bis 20:00 Uhr erreichbar).<\/li>\n<\/ul>\n<p>&nbsp;<\/p>\n<p><strong>DIE PREISE BEINHALTEN:<\/strong><\/p>\n<p>&nbsp;<\/p>\n<ul>\n<li>4 Personen<\/li>\n<li>Stromanschluss (CEE-Norm \u2013 Absicherung 6A, sofern nicht anders angegeben)<\/li>\n<li>Direkter Zugang zum freien Strand<\/li>\n<li>Warme Duschen<\/li>\n<li>Abendanimation (nur im Juli und August)<\/li>\n<li>Eintritt zum Pool (Juni bis 15. September, Badekappenpflicht)<\/li>\n<li>Sportbereich: Beachvolleyball, Strandtennis, Boccia-Bahn, Tischtennis<\/li>\n<li>10% MwSt. (vorbehaltlich \u00c4nderungen der MwSt. oder Kurtaxe)<\/li>\n<li>Grillm\u00f6glichkeit<\/li>\n<li>Abwasserentsorgung (Grau- und Schwarzwasser)<\/li>\n<\/ul>\n<p>&nbsp;<\/p>\n<p><strong>DIE PREISE BEINHALTEN NICHT:<\/strong><\/p>\n<ul>\n<li>Kurtaxe (vor Ort zu entrichten)<\/li>\n<li>Verleih von Sonnenschirmen und Liegen<\/li>\n<\/ul>\n<p>&nbsp;<\/p>\n<p><strong>CAMPINGPLATZ DIREKT AM MEER<\/strong><br \/>\nNat\u00fcrlich und wild, genau wie echte Camper es lieben: Der feine Sandstrand und das flach abfallende Meer von Casal Borsetti bei Ravenna. [Zur Fotogalerie]<\/p>\n<p>&nbsp;<\/p>\n<p><strong>HUNDESTRAND (HUNDE ERLAUBT)<\/strong><br \/>\nNur 50\u201360 Meter vom Tor zum wundersch\u00f6nen Sandstrand des Camping Reno entfernt, finden Sie in s\u00fcdlicher Richtung (Richtung Marina Romea) einen Abschnitt des freien Strandes, an dem Hunde verweilen und gemeinsam mit Ihnen baden d\u00fcrfen. Bringen Sie einfach Sonnenschirm, Handt\u00fccher und Leine mit, um das Gl\u00fcck Ihres geliebten Vierbeiners in absoluter Freiheit zu genie\u00dfen. PS: Wir erinnern daran, dass Hunde an \u00f6ffentlichen Orten zur Sicherheit anderer Personen \u2013 insbesondere von Kindern \u2013 stets an der Leine gef\u00fchrt werden m\u00fcssen. Leine und Kotbeutel sind immer mitzuf\u00fchren.<\/p>\n<p>&nbsp;<\/p>\n<p><strong>WERFEN SIE EINEN BLICK AUF UNSERE WOHNMOBILSTELLPL\u00c4TZE<\/strong><br \/>\nWohnmobilstellplatz F\u00fcr weitere Informationen rufen Sie bitte die Rezeption an: +39 0544 445152<\/p>\n<p>&nbsp;<\/p>\n<p><strong>DER KLEINE MARKT &amp; BAZAR<\/strong><br \/>\nM\u00fcssen Sie etwas im Supermarkt besorgen? Sie k\u00f6nnen Ihren vierbeinigen Freund gerne mitbringen und gemeinsam unser gro\u00dfes Sortiment an frischen und verpackten Produkten entdecken.<\/p>\n<p>Gro\u00dfe Auswahl an Hundefutter. [Entdecken Sie unser Sortiment]<\/p>\n<p>&nbsp;<\/p>\n<p><strong>HUNDEDUSCHE UND TRINKBRUNNEN<\/strong><br \/>\nAuf dem Campingplatz verf\u00fcgen wir \u00fcber eine Dog Shower (Hundedusche). Hier k\u00f6nnen Sie Ihren Hund nach dem Strandbesuch bequem abduschen, bevor Sie zum Stellplatz zur\u00fcckkehren, im Supermarkt einkaufen oder einen Aperitif an unserer Bar genie\u00dfen.<\/p>\n<p>&nbsp;<\/p>\n<p><strong>DER PINIENWALD VON CASAL BORSETTI<\/strong><br \/>\nAm fr\u00fchen Morgen gibt es keinen besseren Ort f\u00fcr einen Spaziergang mit Ihrem treuen Freund. Der Schatten, die frische Luft und der weiche Boden voller Kiefernnadeln bilden den perfekten Rahmen f\u00fcr den Urlaub Ihres Hundes.<\/p>\n<p>&nbsp;<\/p>\n<h3 data-sourcepos=\"28:1-28:27\">Wichtige Informationen:<\/h3>\n<ul data-sourcepos=\"30:1-33:0\">\n<li data-sourcepos=\"30:1-30:31\"><strong>Anreise<\/strong>: nach 15:00 Uhr<\/li>\n<li data-sourcepos=\"31:1-31:30\"><strong>Abreise<\/strong>: bis 12:00 Uhr<\/li>\n<\/ul>\n","protected":false},"excerpt":{"rendered":"<p>Nutzen Sie jetzt das Angebot des Wohnmobilstellplatzes Marina\u00a0auf dem Camping Pineta \u2013 direkt am Meer an den Nordlinden von Ravenna gelegen. Die An- und Abreise mit Ihrem Wohnmobil ist an jedem Wochentag m\u00f6glich. Late Check-out ist ebenfalls verf\u00fcgbar. &nbsp; So buchen Sie Ihren Wohnmobilstellplatz Marina auf dem Camping Pineta: Fordern Sie ein Angebot an, indem [&hellip;]<\/p>\n","protected":false},"author":212,"featured_media":0,"parent":0,"menu_order":300,"comment_status":"closed","ping_status":"closed","template":"","meta":{"footnotes":""},"class_list":["post-5316","page","type-page","status-publish","hentry"],"yoast_head":"<!-- This site is optimized with the Yoast SEO plugin v27.3 - https:\/\/yoast.com\/product\/yoast-seo-wordpress\/ -->\n<title>Wohnmobilstellplatz Marina Romea | Camping Pineta<\/title>\n<meta name=\"description\" content=\"In Casal Borsetti, auf dem Camping Pineta, befindet sich der Wohnmobilstellplatz Marina Romea. Stellpl\u00e4tze ab 22 \u20ac pro Nacht und Crew!\" \/>\n<meta name=\"robots\" content=\"index, follow, max-snippet:-1, max-image-preview:large, max-video-preview:-1\" \/>\n<link rel=\"canonical\" href=\"https:\/\/www.campingpineta.ra.it\/de\/wohnmobilstellplatz-marina-romea\/\" \/>\n<meta property=\"og:locale\" content=\"de_DE\" \/>\n<meta property=\"og:type\" content=\"article\" \/>\n<meta property=\"og:title\" content=\"Wohnmobilstellplatz Marina Romea | Camping Pineta\" \/>\n<meta property=\"og:description\" content=\"In Casal Borsetti, auf dem Camping Pineta, befindet sich der Wohnmobilstellplatz Marina Romea. Stellpl\u00e4tze ab 22 \u20ac pro Nacht und Crew!\" \/>\n<meta property=\"og:url\" content=\"https:\/\/www.campingpineta.ra.it\/de\/wohnmobilstellplatz-marina-romea\/\" \/>\n<meta property=\"og:site_name\" content=\"Camping Pineta\" \/>\n<meta property=\"article:publisher\" content=\"https:\/\/facebook.com\/tomasitourism\" \/>\n<meta property=\"article:modified_time\" content=\"2026-01-30T13:04:57+00:00\" \/>\n<meta name=\"twitter:card\" content=\"summary_large_image\" \/>\n<meta name=\"twitter:label1\" content=\"Gesch\u00e4tzte Lesezeit\" \/>\n\t<meta name=\"twitter:data1\" content=\"3 Minuten\" \/>\n<script type=\"application\/ld+json\" class=\"yoast-schema-graph\">{\"@context\":\"https:\\\/\\\/schema.org\",\"@graph\":[{\"@type\":\"WebPage\",\"@id\":\"https:\\\/\\\/www.campingpineta.ra.it\\\/de\\\/wohnmobilstellplatz-marina-romea\\\/\",\"url\":\"https:\\\/\\\/www.campingpineta.ra.it\\\/de\\\/wohnmobilstellplatz-marina-romea\\\/\",\"name\":\"Wohnmobilstellplatz Marina Romea | Camping Pineta\",\"isPartOf\":{\"@id\":\"https:\\\/\\\/www.campingpineta.ra.it\\\/de\\\/#website\"},\"datePublished\":\"2025-04-25T16:25:35+00:00\",\"dateModified\":\"2026-01-30T13:04:57+00:00\",\"description\":\"In Casal Borsetti, auf dem Camping Pineta, befindet sich der Wohnmobilstellplatz Marina Romea. Stellpl\u00e4tze ab 22 \u20ac pro Nacht und Crew!\",\"breadcrumb\":{\"@id\":\"https:\\\/\\\/www.campingpineta.ra.it\\\/de\\\/wohnmobilstellplatz-marina-romea\\\/#breadcrumb\"},\"inLanguage\":\"de-DE\",\"potentialAction\":[{\"@type\":\"ReadAction\",\"target\":[\"https:\\\/\\\/www.campingpineta.ra.it\\\/de\\\/wohnmobilstellplatz-marina-romea\\\/\"]}]},{\"@type\":\"BreadcrumbList\",\"@id\":\"https:\\\/\\\/www.campingpineta.ra.it\\\/de\\\/wohnmobilstellplatz-marina-romea\\\/#breadcrumb\",\"itemListElement\":[{\"@type\":\"ListItem\",\"position\":1,\"name\":\"Home\",\"item\":\"https:\\\/\\\/www.campingpineta.ra.it\\\/de\\\/\"},{\"@type\":\"ListItem\",\"position\":2,\"name\":\"Wohnmobilstellplatz Marina Romea\"}]},{\"@type\":\"WebSite\",\"@id\":\"https:\\\/\\\/www.campingpineta.ra.it\\\/de\\\/#website\",\"url\":\"https:\\\/\\\/www.campingpineta.ra.it\\\/de\\\/\",\"name\":\"Camping Reno\",\"description\":\"\",\"publisher\":{\"@id\":\"https:\\\/\\\/www.campingpineta.ra.it\\\/de\\\/#organization\"},\"potentialAction\":[{\"@type\":\"SearchAction\",\"target\":{\"@type\":\"EntryPoint\",\"urlTemplate\":\"https:\\\/\\\/www.campingpineta.ra.it\\\/de\\\/?s={search_term_string}\"},\"query-input\":{\"@type\":\"PropertyValueSpecification\",\"valueRequired\":true,\"valueName\":\"search_term_string\"}}],\"inLanguage\":\"de-DE\"},{\"@type\":\"Organization\",\"@id\":\"https:\\\/\\\/www.campingpineta.ra.it\\\/de\\\/#organization\",\"name\":\"Camping Reno\",\"url\":\"https:\\\/\\\/www.campingpineta.ra.it\\\/de\\\/\",\"logo\":{\"@type\":\"ImageObject\",\"inLanguage\":\"de-DE\",\"@id\":\"https:\\\/\\\/www.campingpineta.ra.it\\\/de\\\/#\\\/schema\\\/logo\\\/image\\\/\",\"url\":\"\",\"contentUrl\":\"\",\"caption\":\"Camping Reno\"},\"image\":{\"@id\":\"https:\\\/\\\/www.campingpineta.ra.it\\\/de\\\/#\\\/schema\\\/logo\\\/image\\\/\"},\"sameAs\":[\"https:\\\/\\\/facebook.com\\\/tomasitourism\",\"https:\\\/\\\/instagram.com\\\/camping_reno\"]}]}<\/script>\n<!-- \/ Yoast SEO plugin. -->","yoast_head_json":{"title":"Wohnmobilstellplatz Marina Romea | Camping Pineta","description":"In Casal Borsetti, auf dem Camping Pineta, befindet sich der Wohnmobilstellplatz Marina Romea. Stellpl\u00e4tze ab 22 \u20ac pro Nacht und Crew!","robots":{"index":"index","follow":"follow","max-snippet":"max-snippet:-1","max-image-preview":"max-image-preview:large","max-video-preview":"max-video-preview:-1"},"canonical":"https:\/\/www.campingpineta.ra.it\/de\/wohnmobilstellplatz-marina-romea\/","og_locale":"de_DE","og_type":"article","og_title":"Wohnmobilstellplatz Marina Romea | Camping Pineta","og_description":"In Casal Borsetti, auf dem Camping Pineta, befindet sich der Wohnmobilstellplatz Marina Romea. Stellpl\u00e4tze ab 22 \u20ac pro Nacht und Crew!","og_url":"https:\/\/www.campingpineta.ra.it\/de\/wohnmobilstellplatz-marina-romea\/","og_site_name":"Camping Pineta","article_publisher":"https:\/\/facebook.com\/tomasitourism","article_modified_time":"2026-01-30T13:04:57+00:00","twitter_card":"summary_large_image","twitter_misc":{"Gesch\u00e4tzte Lesezeit":"3 Minuten"},"schema":{"@context":"https:\/\/schema.org","@graph":[{"@type":"WebPage","@id":"https:\/\/www.campingpineta.ra.it\/de\/wohnmobilstellplatz-marina-romea\/","url":"https:\/\/www.campingpineta.ra.it\/de\/wohnmobilstellplatz-marina-romea\/","name":"Wohnmobilstellplatz Marina Romea | Camping Pineta","isPartOf":{"@id":"https:\/\/www.campingpineta.ra.it\/de\/#website"},"datePublished":"2025-04-25T16:25:35+00:00","dateModified":"2026-01-30T13:04:57+00:00","description":"In Casal Borsetti, auf dem Camping Pineta, befindet sich der Wohnmobilstellplatz Marina Romea. Stellpl\u00e4tze ab 22 \u20ac pro Nacht und Crew!","breadcrumb":{"@id":"https:\/\/www.campingpineta.ra.it\/de\/wohnmobilstellplatz-marina-romea\/#breadcrumb"},"inLanguage":"de-DE","potentialAction":[{"@type":"ReadAction","target":["https:\/\/www.campingpineta.ra.it\/de\/wohnmobilstellplatz-marina-romea\/"]}]},{"@type":"BreadcrumbList","@id":"https:\/\/www.campingpineta.ra.it\/de\/wohnmobilstellplatz-marina-romea\/#breadcrumb","itemListElement":[{"@type":"ListItem","position":1,"name":"Home","item":"https:\/\/www.campingpineta.ra.it\/de\/"},{"@type":"ListItem","position":2,"name":"Wohnmobilstellplatz Marina Romea"}]},{"@type":"WebSite","@id":"https:\/\/www.campingpineta.ra.it\/de\/#website","url":"https:\/\/www.campingpineta.ra.it\/de\/","name":"Camping Reno","description":"","publisher":{"@id":"https:\/\/www.campingpineta.ra.it\/de\/#organization"},"potentialAction":[{"@type":"SearchAction","target":{"@type":"EntryPoint","urlTemplate":"https:\/\/www.campingpineta.ra.it\/de\/?s={search_term_string}"},"query-input":{"@type":"PropertyValueSpecification","valueRequired":true,"valueName":"search_term_string"}}],"inLanguage":"de-DE"},{"@type":"Organization","@id":"https:\/\/www.campingpineta.ra.it\/de\/#organization","name":"Camping Reno","url":"https:\/\/www.campingpineta.ra.it\/de\/","logo":{"@type":"ImageObject","inLanguage":"de-DE","@id":"https:\/\/www.campingpineta.ra.it\/de\/#\/schema\/logo\/image\/","url":"","contentUrl":"","caption":"Camping Reno"},"image":{"@id":"https:\/\/www.campingpineta.ra.it\/de\/#\/schema\/logo\/image\/"},"sameAs":["https:\/\/facebook.com\/tomasitourism","https:\/\/instagram.com\/camping_reno"]}]}},"acf":[],"_links":{"self":[{"href":"https:\/\/www.campingpineta.ra.it\/de\/wp-json\/wp\/v2\/pages\/5316","targetHints":{"allow":["GET"]}}],"collection":[{"href":"https:\/\/www.campingpineta.ra.it\/de\/wp-json\/wp\/v2\/pages"}],"about":[{"href":"https:\/\/www.campingpineta.ra.it\/de\/wp-json\/wp\/v2\/types\/page"}],"author":[{"embeddable":true,"href":"https:\/\/www.campingpineta.ra.it\/de\/wp-json\/wp\/v2\/users\/212"}],"replies":[{"embeddable":true,"href":"https:\/\/www.campingpineta.ra.it\/de\/wp-json\/wp\/v2\/comments?post=5316"}],"version-history":[{"count":0,"href":"https:\/\/www.campingpineta.ra.it\/de\/wp-json\/wp\/v2\/pages\/5316\/revisions"}],"wp:attachment":[{"href":"https:\/\/www.campingpineta.ra.it\/de\/wp-json\/wp\/v2\/media?parent=5316"}],"curies":[{"name":"wp","href":"https:\/\/api.w.org\/{rel}","templated":true}]}}