   {"id":5328,"date":"2025-03-11T12:55:00","date_gmt":"2025-03-11T12:55:00","guid":{"rendered":"https:\/\/www.campingpineta.ra.it\/piccolo-camping-emilia-romagna-mare-solo-animazione-serale\/"},"modified":"2026-01-30T13:06:50","modified_gmt":"2026-01-30T13:06:50","slug":"kleiner-campingplatz-emilia-romagna-meer-nur-abendanimation","status":"publish","type":"page","link":"https:\/\/www.campingpineta.ra.it\/de\/kleiner-campingplatz-emilia-romagna-meer-nur-abendanimation\/","title":{"rendered":"Animation"},"content":{"rendered":"<p>Spa\u00df und Entspannung f\u00fcr die ganze Familie auf dem Camping Pineta, Ihrem kleinen <strong>Campingplatz in der Emilia-Romagna direkt am Meer<\/strong>, mit Baby Dance, Miniclub, Abendshows und Spielen f\u00fcr alle.<\/p>\n<p>&nbsp;<\/p>\n<p>Willkommen auf dem Camping Pineta, einer 2-Sterne-Oase der Ruhe direkt am Meer, in der Spa\u00df f\u00fcr Gro\u00df und Klein garantiert ist! Unser Animationsteam hat ein abwechslungsreiches Programm vorbereitet, um Ihren Urlaub unvergesslich zu machen.<\/p>\n<p>&nbsp;<\/p>\n<p>Die Abende sind voller Aktivit\u00e4ten f\u00fcr Kinder und Erwachsene, die man in aller Ruhe genie\u00dfen kann: Tanzabende, Filmvorf\u00fchrungen f\u00fcr Kinder, spielerische Shows, Baby Dance direkt nach dem Abendessen und zum kr\u00f6nenden Abschluss die Show-Time f\u00fcr Kinder und Erwachsene.<\/p>\n<p>&nbsp;<\/p>\n<p>Werfen Sie JETZT einen Blick auf die <a href=\"https:\/\/www.campingpineta.ra.it\/de\/bungalow-glamping\/\"><strong>Bungalows, Glamping-Zelte<\/strong><\/a> und <a href=\"https:\/\/www.campingpineta.ra.it\/de\/stellplatzliste\/\"><strong>Stellpl\u00e4tze<\/strong><\/a> des Camping Pineta, Ihrem <strong>Kleiner Campingplatz Emilia-Romagna Meer.<\/strong><\/p>\n<p>&nbsp;<\/p>\n<p><a href=\"https:\/\/www.scidoo.com\/preventivov2\/?cod=1313&amp;dataarr=2026-9-16&amp;notti=7&amp;adult=2&amp;children=&amp;IDsotto_struttura=0&amp;lang=4&amp;structure_type=0&amp;promocode=\"><strong>JETZT VERF\u00dcGBARKEIT VON BUNGALOWS UND STELLPL\u00c4TZEN PR\u00dcFEN<\/strong><\/a><\/p>\n","protected":false},"excerpt":{"rendered":"<p>Spa\u00df und Entspannung f\u00fcr die ganze Familie auf dem Camping Pineta, Ihrem kleinen Campingplatz in der Emilia-Romagna direkt am Meer, mit Baby Dance, Miniclub, Abendshows und Spielen f\u00fcr alle. &nbsp; Willkommen auf dem Camping Pineta, einer 2-Sterne-Oase der Ruhe direkt am Meer, in der Spa\u00df f\u00fcr Gro\u00df und Klein garantiert ist! Unser Animationsteam hat ein [&hellip;]<\/p>\n","protected":false},"author":212,"featured_media":0,"parent":0,"menu_order":1000,"comment_status":"closed","ping_status":"closed","template":"","meta":{"footnotes":""},"class_list":["post-5328","page","type-page","status-publish","hentry"],"yoast_head":"<!-- This site is optimized with the Yoast SEO plugin v27.3 - https:\/\/yoast.com\/product\/yoast-seo-wordpress\/ -->\n<title>Kleiner Campingplatz Emilia-Romagna Meer | Nur Abendanimation<\/title>\n<meta name=\"description\" content=\"Das Animationsteam des Camping Pineta, Ihrem Kleiner Campingplatz Emilia-Romagna Meer, organisiert ausschlie\u00dflich Abendanimation!\" \/>\n<meta name=\"robots\" content=\"index, follow, max-snippet:-1, max-image-preview:large, max-video-preview:-1\" \/>\n<link rel=\"canonical\" href=\"https:\/\/www.campingpineta.ra.it\/de\/kleiner-campingplatz-emilia-romagna-meer-nur-abendanimation\/\" \/>\n<meta property=\"og:locale\" content=\"de_DE\" \/>\n<meta property=\"og:type\" content=\"article\" \/>\n<meta property=\"og:title\" content=\"Kleiner Campingplatz Emilia-Romagna Meer | Nur Abendanimation\" \/>\n<meta property=\"og:description\" content=\"Das Animationsteam des Camping Pineta, Ihrem Kleiner Campingplatz Emilia-Romagna Meer, organisiert ausschlie\u00dflich Abendanimation!\" \/>\n<meta property=\"og:url\" content=\"https:\/\/www.campingpineta.ra.it\/de\/kleiner-campingplatz-emilia-romagna-meer-nur-abendanimation\/\" \/>\n<meta property=\"og:site_name\" content=\"Camping Pineta\" \/>\n<meta property=\"article:publisher\" content=\"https:\/\/facebook.com\/tomasitourism\" \/>\n<meta property=\"article:modified_time\" content=\"2026-01-30T13:06:50+00:00\" \/>\n<meta name=\"twitter:card\" content=\"summary_large_image\" \/>\n<meta name=\"twitter:label1\" content=\"Gesch\u00e4tzte Lesezeit\" \/>\n\t<meta name=\"twitter:data1\" content=\"1 Minute\" \/>\n<script type=\"application\/ld+json\" class=\"yoast-schema-graph\">{\"@context\":\"https:\\\/\\\/schema.org\",\"@graph\":[{\"@type\":\"WebPage\",\"@id\":\"https:\\\/\\\/www.campingpineta.ra.it\\\/de\\\/kleiner-campingplatz-emilia-romagna-meer-nur-abendanimation\\\/\",\"url\":\"https:\\\/\\\/www.campingpineta.ra.it\\\/de\\\/kleiner-campingplatz-emilia-romagna-meer-nur-abendanimation\\\/\",\"name\":\"Kleiner Campingplatz Emilia-Romagna Meer | Nur Abendanimation\",\"isPartOf\":{\"@id\":\"https:\\\/\\\/www.campingpineta.ra.it\\\/de\\\/#website\"},\"datePublished\":\"2025-03-11T12:55:00+00:00\",\"dateModified\":\"2026-01-30T13:06:50+00:00\",\"description\":\"Das Animationsteam des Camping Pineta, Ihrem Kleiner Campingplatz Emilia-Romagna Meer, organisiert ausschlie\u00dflich Abendanimation!\",\"breadcrumb\":{\"@id\":\"https:\\\/\\\/www.campingpineta.ra.it\\\/de\\\/kleiner-campingplatz-emilia-romagna-meer-nur-abendanimation\\\/#breadcrumb\"},\"inLanguage\":\"de-DE\",\"potentialAction\":[{\"@type\":\"ReadAction\",\"target\":[\"https:\\\/\\\/www.campingpineta.ra.it\\\/de\\\/kleiner-campingplatz-emilia-romagna-meer-nur-abendanimation\\\/\"]}]},{\"@type\":\"BreadcrumbList\",\"@id\":\"https:\\\/\\\/www.campingpineta.ra.it\\\/de\\\/kleiner-campingplatz-emilia-romagna-meer-nur-abendanimation\\\/#breadcrumb\",\"itemListElement\":[{\"@type\":\"ListItem\",\"position\":1,\"name\":\"Home\",\"item\":\"https:\\\/\\\/www.campingpineta.ra.it\\\/de\\\/\"},{\"@type\":\"ListItem\",\"position\":2,\"name\":\"Animation\"}]},{\"@type\":\"WebSite\",\"@id\":\"https:\\\/\\\/www.campingpineta.ra.it\\\/de\\\/#website\",\"url\":\"https:\\\/\\\/www.campingpineta.ra.it\\\/de\\\/\",\"name\":\"Camping Reno\",\"description\":\"\",\"publisher\":{\"@id\":\"https:\\\/\\\/www.campingpineta.ra.it\\\/de\\\/#organization\"},\"potentialAction\":[{\"@type\":\"SearchAction\",\"target\":{\"@type\":\"EntryPoint\",\"urlTemplate\":\"https:\\\/\\\/www.campingpineta.ra.it\\\/de\\\/?s={search_term_string}\"},\"query-input\":{\"@type\":\"PropertyValueSpecification\",\"valueRequired\":true,\"valueName\":\"search_term_string\"}}],\"inLanguage\":\"de-DE\"},{\"@type\":\"Organization\",\"@id\":\"https:\\\/\\\/www.campingpineta.ra.it\\\/de\\\/#organization\",\"name\":\"Camping Reno\",\"url\":\"https:\\\/\\\/www.campingpineta.ra.it\\\/de\\\/\",\"logo\":{\"@type\":\"ImageObject\",\"inLanguage\":\"de-DE\",\"@id\":\"https:\\\/\\\/www.campingpineta.ra.it\\\/de\\\/#\\\/schema\\\/logo\\\/image\\\/\",\"url\":\"\",\"contentUrl\":\"\",\"caption\":\"Camping Reno\"},\"image\":{\"@id\":\"https:\\\/\\\/www.campingpineta.ra.it\\\/de\\\/#\\\/schema\\\/logo\\\/image\\\/\"},\"sameAs\":[\"https:\\\/\\\/facebook.com\\\/tomasitourism\",\"https:\\\/\\\/instagram.com\\\/camping_reno\"]}]}<\/script>\n<!-- \/ Yoast SEO plugin. -->","yoast_head_json":{"title":"Kleiner Campingplatz Emilia-Romagna Meer | Nur Abendanimation","description":"Das Animationsteam des Camping Pineta, Ihrem Kleiner Campingplatz Emilia-Romagna Meer, organisiert ausschlie\u00dflich Abendanimation!","robots":{"index":"index","follow":"follow","max-snippet":"max-snippet:-1","max-image-preview":"max-image-preview:large","max-video-preview":"max-video-preview:-1"},"canonical":"https:\/\/www.campingpineta.ra.it\/de\/kleiner-campingplatz-emilia-romagna-meer-nur-abendanimation\/","og_locale":"de_DE","og_type":"article","og_title":"Kleiner Campingplatz Emilia-Romagna Meer | Nur Abendanimation","og_description":"Das Animationsteam des Camping Pineta, Ihrem Kleiner Campingplatz Emilia-Romagna Meer, organisiert ausschlie\u00dflich Abendanimation!","og_url":"https:\/\/www.campingpineta.ra.it\/de\/kleiner-campingplatz-emilia-romagna-meer-nur-abendanimation\/","og_site_name":"Camping Pineta","article_publisher":"https:\/\/facebook.com\/tomasitourism","article_modified_time":"2026-01-30T13:06:50+00:00","twitter_card":"summary_large_image","twitter_misc":{"Gesch\u00e4tzte Lesezeit":"1 Minute"},"schema":{"@context":"https:\/\/schema.org","@graph":[{"@type":"WebPage","@id":"https:\/\/www.campingpineta.ra.it\/de\/kleiner-campingplatz-emilia-romagna-meer-nur-abendanimation\/","url":"https:\/\/www.campingpineta.ra.it\/de\/kleiner-campingplatz-emilia-romagna-meer-nur-abendanimation\/","name":"Kleiner Campingplatz Emilia-Romagna Meer | Nur Abendanimation","isPartOf":{"@id":"https:\/\/www.campingpineta.ra.it\/de\/#website"},"datePublished":"2025-03-11T12:55:00+00:00","dateModified":"2026-01-30T13:06:50+00:00","description":"Das Animationsteam des Camping Pineta, Ihrem Kleiner Campingplatz Emilia-Romagna Meer, organisiert ausschlie\u00dflich Abendanimation!","breadcrumb":{"@id":"https:\/\/www.campingpineta.ra.it\/de\/kleiner-campingplatz-emilia-romagna-meer-nur-abendanimation\/#breadcrumb"},"inLanguage":"de-DE","potentialAction":[{"@type":"ReadAction","target":["https:\/\/www.campingpineta.ra.it\/de\/kleiner-campingplatz-emilia-romagna-meer-nur-abendanimation\/"]}]},{"@type":"BreadcrumbList","@id":"https:\/\/www.campingpineta.ra.it\/de\/kleiner-campingplatz-emilia-romagna-meer-nur-abendanimation\/#breadcrumb","itemListElement":[{"@type":"ListItem","position":1,"name":"Home","item":"https:\/\/www.campingpineta.ra.it\/de\/"},{"@type":"ListItem","position":2,"name":"Animation"}]},{"@type":"WebSite","@id":"https:\/\/www.campingpineta.ra.it\/de\/#website","url":"https:\/\/www.campingpineta.ra.it\/de\/","name":"Camping Reno","description":"","publisher":{"@id":"https:\/\/www.campingpineta.ra.it\/de\/#organization"},"potentialAction":[{"@type":"SearchAction","target":{"@type":"EntryPoint","urlTemplate":"https:\/\/www.campingpineta.ra.it\/de\/?s={search_term_string}"},"query-input":{"@type":"PropertyValueSpecification","valueRequired":true,"valueName":"search_term_string"}}],"inLanguage":"de-DE"},{"@type":"Organization","@id":"https:\/\/www.campingpineta.ra.it\/de\/#organization","name":"Camping Reno","url":"https:\/\/www.campingpineta.ra.it\/de\/","logo":{"@type":"ImageObject","inLanguage":"de-DE","@id":"https:\/\/www.campingpineta.ra.it\/de\/#\/schema\/logo\/image\/","url":"","contentUrl":"","caption":"Camping Reno"},"image":{"@id":"https:\/\/www.campingpineta.ra.it\/de\/#\/schema\/logo\/image\/"},"sameAs":["https:\/\/facebook.com\/tomasitourism","https:\/\/instagram.com\/camping_reno"]}]}},"acf":[],"_links":{"self":[{"href":"https:\/\/www.campingpineta.ra.it\/de\/wp-json\/wp\/v2\/pages\/5328","targetHints":{"allow":["GET"]}}],"collection":[{"href":"https:\/\/www.campingpineta.ra.it\/de\/wp-json\/wp\/v2\/pages"}],"about":[{"href":"https:\/\/www.campingpineta.ra.it\/de\/wp-json\/wp\/v2\/types\/page"}],"author":[{"embeddable":true,"href":"https:\/\/www.campingpineta.ra.it\/de\/wp-json\/wp\/v2\/users\/212"}],"replies":[{"embeddable":true,"href":"https:\/\/www.campingpineta.ra.it\/de\/wp-json\/wp\/v2\/comments?post=5328"}],"version-history":[{"count":0,"href":"https:\/\/www.campingpineta.ra.it\/de\/wp-json\/wp\/v2\/pages\/5328\/revisions"}],"wp:attachment":[{"href":"https:\/\/www.campingpineta.ra.it\/de\/wp-json\/wp\/v2\/media?parent=5328"}],"curies":[{"name":"wp","href":"https:\/\/api.w.org\/{rel}","templated":true}]}}